{"id":10709,"date":"2020-09-29T18:18:20","date_gmt":"2020-09-29T16:18:20","guid":{"rendered":"https:\/\/baranowscy.eu\/wordpress\/?post_type=product&#038;p=10709"},"modified":"2025-03-18T14:19:26","modified_gmt":"2025-03-18T13:19:26","slug":"jak-kompostowac-to-proste","status":"publish","type":"product","link":"https:\/\/baranowscy.eu\/wordpress\/produkt\/jak-kompostowac-to-proste\/","title":{"rendered":"Jak kompostowa\u0107? To proste!"},"content":{"rendered":"<h2>\u201eJak kompostowa\u0107? To proste!\u201d<\/h2>\n<p><span class=\"_5yl5\"><strong>Ksi\u0105\u017cka, kt\u00f3ra przekona do kompostowania nawet najwi\u0119kszych sceptyk\u00f3w!<\/strong>\u00a0<\/span><span class=\"_5yl5\">Dzi\u0119ki niej dowiesz si\u0119, jakiego kompostownika potrzebujesz, poznasz zasady uk\u0142adania pryzmy, a nawet wsp\u00f3\u0142pracy z d\u017cd\u017cownicami. Kto \u017cyje w kompo\u015bcie? Jakie procesy w nim zachodz\u0105? Dlaczego kompost pachnie?<\/span><\/p>\n<p><span class=\"_5yl5\">O tym wszystkim \u2013 i nie tylko \u2013 przeczytasz w ksi\u0105\u017cce \u201eJak kompostowa\u0107? To proste\u201d.<\/span><\/p>\n<p><span class=\"_5yl5\">Ksi\u0105\u017cka zosta\u0142a wydrukowana na papierze z recyklingu z certyfikatem FSC.\u00a0<b>Ok\u0142adk\u0119 ozdabia wyj\u0105tkowa opaska<\/b>, wykonana z rosn\u0105cego papieru: wprasowano w niego nasiona polnych kwiat\u00f3w. Je\u015bli post\u0105pimy zgodnie z instrukcj\u0105 zawart\u0105 w ksi\u0105\u017cce, lektur\u0119 \u201eJak kompostowa\u0107? To proste!\u201d umili nam nasza w\u0142asna mini\u0142\u0105ka.<\/span><\/p>\n<p><strong><span class=\"_5yl5\">Czy kompostowanie mo\u017ce by\u0107 fascynuj\u0105ce? Czy mo\u017ce sprawi\u0107, \u017ce inaczej spojrzymy na nasz ogr\u00f3d, nasze odpadki bio, na d\u017cd\u017cownice?<\/span><\/strong><\/p>\n<p><span class=\"_5yl5\">Je\u015bli nigdy nie kompostowa\u0142a\u015b\/e\u015b, nie widzisz siebie w roli komposterki czy kompostera, bo uwa\u017casz, \u017ce to za trudne zadanie, pozw\u00f3l, \u017ce przekonam Ci\u0119 do zmiany zdania!<\/span><\/p>\n<p><span class=\"_5yl5\">Kompost mo\u017ce zmieni\u0107 Twoje \u017cycie, cho\u0107 inaczej, ni\u017c my\u015blisz: je\u015bli tylko zaczniesz kompostowa\u0107, przyczynisz si\u0119 do ratowania naszej planety przed strat\u0105 jej wa\u017cnych zasob\u00f3w. Mo\u017cesz w\u0142\u0105czy\u0107 si\u0119 w globaln\u0105 akcj\u0119 odp\u0142acania Ziemi za jej cierpliwe dostarczanie nam \u2013 ludziom \u2013 po\u017cywienia, dzi\u0119ki karmieniu jej wspania\u0142\u0105 materi\u0105 organiczn\u0105. Nakarm Ziemi\u0119 tak, jak ona karmi Ciebie!<\/span><\/p>\n<p><em><span class=\"_5yl5\">Nie trzeba by\u0107 specjalistk\u0105 ani specjalist\u0105 od biologii, chemii czy ogrodnictwa, \u017ceby pokocha\u0107 kompostowanie. Poka\u017c\u0119 Ci, \u017ce Ty te\u017c mo\u017cesz tego spr\u00f3bowa\u0107.<\/span><\/em><\/p>\n<p><span class=\"_5yl5\">Joanna Baranowska, autorka bloga\u00a0<a href=\"http:\/\/organiczni.eu\/\" target=\"_blank\" rel=\"noopener noreferrer\">Organiczni.eu<\/a><\/span><\/p>\n<p><em><span class=\"_5yl5\">Zach\u0119cam Was do zag\u0142\u0119bienia si\u0119 w t\u0119 cudown\u0105 opowie\u015b\u0107. Odkryjecie wszech\u015bwiat mo\u017cliwo\u015bci, morze ciekawostek i \u2013 kto wie \u2013 mo\u017ce tak\u017ce \u017cyciow\u0105 pasj\u0119.<\/span><\/em><\/p>\n<p><span class=\"_5yl5\">Z przedmowy \u0141ukasza Nowackiego<\/span><\/p>\n<p><span class=\"_5yl5\"><strong>Bezp\u0142atny fragment ksi\u0105\u017cki<\/strong>\u00a0\u201eJak kompostowa\u0107? To proste!\u201d Joanny Baranowskiej \u2013<\/span>\u00a0do pobrania\u00a0<a href=\"https:\/\/wydawnictwokorzenie.pl\/wp-content\/uploads\/2020\/03\/jak-kompostowac_FRAGMENT.pdf\">TUTAJ<\/a><\/p>\n<p><strong>Spis tre\u015bci<\/strong><\/p>\n<div id='gallery-1' class='gallery galleryid-10709 gallery-columns-3 gallery-size-thumbnail'><figure class='gallery-item'>\n\t\t\t<div class='gallery-icon portrait'>\n\t\t\t\t<a href='https:\/\/baranowscy.eu\/wordpress\/?attachment_id=13662'><img loading=\"lazy\" decoding=\"async\" width=\"150\" height=\"150\" src=\"https:\/\/baranowscy.eu\/wordpress\/wp-content\/uploads\/2020\/09\/jak-kompostowac-spis_tresci_1-150x150.png\" class=\"attachment-thumbnail size-thumbnail\" alt=\"\" srcset=\"https:\/\/baranowscy.eu\/wordpress\/wp-content\/uploads\/2020\/09\/jak-kompostowac-spis_tresci_1-150x150.png 150w, https:\/\/baranowscy.eu\/wordpress\/wp-content\/uploads\/2020\/09\/jak-kompostowac-spis_tresci_1-100x100.png 100w\" sizes=\"auto, (max-width: 150px) 100vw, 150px\" \/><\/a>\n\t\t\t<\/div><\/figure><figure class='gallery-item'>\n\t\t\t<div class='gallery-icon portrait'>\n\t\t\t\t<a href='https:\/\/baranowscy.eu\/wordpress\/?attachment_id=13663'><img loading=\"lazy\" decoding=\"async\" width=\"150\" height=\"150\" src=\"https:\/\/baranowscy.eu\/wordpress\/wp-content\/uploads\/2020\/09\/jak-kompostowac-spis_tresci_2-150x150.png\" class=\"attachment-thumbnail size-thumbnail\" alt=\"\" srcset=\"https:\/\/baranowscy.eu\/wordpress\/wp-content\/uploads\/2020\/09\/jak-kompostowac-spis_tresci_2-150x150.png 150w, https:\/\/baranowscy.eu\/wordpress\/wp-content\/uploads\/2020\/09\/jak-kompostowac-spis_tresci_2-100x100.png 100w\" sizes=\"auto, (max-width: 150px) 100vw, 150px\" \/><\/a>\n\t\t\t<\/div><\/figure>\n\t\t<\/div>\n\n<h2>Recenzje<\/h2>\n<p><em><strong>Jak najbardziej polecam ksi\u0105\u017ck\u0119\u00a0\u201cJak kompostowa\u0107? To proste!\u201c. Jest to poradnik, kt\u00f3ry przeprowadzi nas przez mikro\u015bwiat kompostowania, zaszczepi w nas ma\u0142\u0105 fascynacj\u0119 tym procesem i satysfakcj\u0119 z uzyskanego kompostu. Pog\u0142\u0119bimy swoj\u0105 wiedz\u0119, poznamy wiele wskaz\u00f3wek i ciekawostek. Zdob\u0119dziemy te\u017c wiedz\u0119 praktyczn\u0105, kt\u00f3r\u0105 b\u0119dziemy umieli dostosowa\u0107 do swoich potrzeb i mo\u017cliwo\u015bci.<\/strong><\/em><\/p>\n<p>Przeczytaj recenzj\u0119 na stronie\u00a0<a href=\"https:\/\/milvo.pl\/eko-tipy\/jak-kompostowac-to-proste-recenzja\/\" target=\"_blank\" rel=\"noopener noreferrer\">milvo.pl<\/a><\/p>\n<p><em><b>Ksi\u0105\u017cka &#8222;Jak kompostowa\u0107? To proste!&#8221; to pozycja napisana prostym, przyst\u0119pnym j\u0119zykiem, wydana na papierze z recyklingu, pe\u0142na zdj\u0119\u0107 i wpadaj\u0105cych do g\u0142owy hase\u0142 do zapami\u0119tania, otoczona nasienn\u0105 banderol\u0105 (kt\u00f3r\u0105 mo\u017cna w\u0142o\u017cy\u0107 do ziemi i zamieni\u0107 w \u0142\u0105k\u0119 kwietn\u0105). To masa przydatnej wiedzy i moc ciekawostek. To lektura poruszaj\u0105ca tak wa\u017cne wsp\u00f3\u0142cze\u015bnie tematy, jakimi s\u0105 ograniczanie produkcji \u015bmieci, przetwarzanie surowc\u00f3w, dbanie o gleb\u0119, \u017cycie bli\u017cej przyrody!<\/b><\/em><\/p>\n<p>Przeczytaj ca\u0142\u0105 recenzj\u0119 na stronie <a href=\"https:\/\/ekoeksperymenty.blogspot.com\/2020\/09\/recenzja-ksiazki-jak-kompostowac-to.html\" target=\"_blank\" rel=\"noopener noreferrer\">EkoEksperymenty<\/a><\/p>\n","protected":false},"excerpt":{"rendered":"<div><strong>Cena jednostkowa:<\/strong> 39,90 z\u0142 za sztuk\u0119<\/div>\n<div><strong>Autor:<\/strong> Joanna Baranowska<\/div>\n<div class=\"attributes\">\n<div class=\"item\"><strong>Wydawnictwo:<\/strong>\u00a0Wydawnictwo Korzenie<\/div>\n<div class=\"item\"><strong>J\u0119zyk ksi\u0105\u017cki:<\/strong>\u00a0polski<\/div>\n<div class=\"item\"><strong>Liczba stron:<\/strong>\u00a0108<\/div>\n<div class=\"item\"><strong>Oprawa:<\/strong>\u00a0mi\u0119kka<\/div>\n<div><strong>Druk:<\/strong> papier z recyklingu<\/div>\n<div class=\"item\"><strong>Rok wydania:<\/strong>\u00a02020<\/div>\n<\/div>\n<div class=\"attributes\">\n<div class=\"item\"><strong>Wydanie:<\/strong>\u00a01<\/div>\n<div><strong>Cena ok\u0142adkowa:<\/strong> 39,90 z\u0142 za szt.<\/div>\n<div><\/div>\n<div class=\"item\"><strong>Czas realizacji zam\u00f3wienia: wysy\u0142ka 2-3 dni robocze<\/strong><\/div>\n<\/div>\n","protected":false},"featured_media":10089,"template":"","meta":[],"product_brand":[],"product_cat":[1670,1668,1669],"product_tag":[1666,1665,1667],"class_list":{"0":"post-10709","1":"product","2":"type-product","3":"status-publish","4":"has-post-thumbnail","6":"product_cat-kompostowanie","7":"product_cat-ksiazki","8":"product_cat-poradniki","9":"product_tag-kompostowanie","10":"product_tag-ksiazka","11":"product_tag-poradnik","13":"first","14":"outofstock","15":"featured","16":"purchasable","17":"product-type-simple","18":"customify-col","19":"product-has-gallery"},"yoast_head":"<!-- This site is optimized with the Yoast SEO plugin v27.4 - https:\/\/yoast.com\/product\/yoast-seo-wordpress\/ -->\n<title>Jak kompostowa\u0107? To proste! | organiczni.eu<\/title>\n<meta name=\"description\" content=\"Jak kompostowa\u0107? To proste! Ksi\u0105\u017cka, kt\u00f3ra przekona do kompostowania nawet najwi\u0119kszych sceptyk\u00f3w! \u201eJak kompostowa\u0107? To proste!\u201d\" \/>\n<meta name=\"robots\" content=\"index, follow, max-snippet:-1, max-image-preview:large, max-video-preview:-1\" \/>\n<link rel=\"canonical\" href=\"https:\/\/baranowscy.eu\/wordpress\/produkt\/jak-kompostowac-to-proste\/\" \/>\n<meta property=\"og:locale\" content=\"pl_PL\" \/>\n<meta property=\"og:type\" content=\"article\" \/>\n<meta property=\"og:title\" content=\"Jak kompostowa\u0107? To proste! | organiczni.eu\" \/>\n<meta property=\"og:description\" content=\"Jak kompostowa\u0107? To proste! Ksi\u0105\u017cka, kt\u00f3ra przekona do kompostowania nawet najwi\u0119kszych sceptyk\u00f3w! \u201eJak kompostowa\u0107? To proste!\u201d\" \/>\n<meta property=\"og:url\" content=\"https:\/\/baranowscy.eu\/wordpress\/produkt\/jak-kompostowac-to-proste\/\" \/>\n<meta property=\"og:site_name\" content=\"organiczni.eu\" \/>\n<meta property=\"article:publisher\" content=\"https:\/\/www.facebook.com\/organiczni\/\" \/>\n<meta property=\"article:modified_time\" content=\"2025-03-18T13:19:26+00:00\" \/>\n<meta property=\"og:image\" content=\"https:\/\/baranowscy.eu\/wordpress\/wp-content\/uploads\/2020\/02\/kompostowanie.png\" \/>\n\t<meta property=\"og:image:width\" content=\"590\" \/>\n\t<meta property=\"og:image:height\" content=\"787\" \/>\n\t<meta property=\"og:image:type\" content=\"image\/png\" \/>\n<meta name=\"twitter:card\" content=\"summary_large_image\" \/>\n<meta name=\"twitter:label1\" content=\"Szacowany czas czytania\" \/>\n\t<meta name=\"twitter:data1\" content=\"3 minuty\" \/>\n<script type=\"application\/ld+json\" class=\"yoast-schema-graph\">{\"@context\":\"https:\\\/\\\/schema.org\",\"@graph\":[{\"@type\":\"WebPage\",\"@id\":\"https:\\\/\\\/baranowscy.eu\\\/wordpress\\\/produkt\\\/jak-kompostowac-to-proste\\\/\",\"url\":\"https:\\\/\\\/baranowscy.eu\\\/wordpress\\\/produkt\\\/jak-kompostowac-to-proste\\\/\",\"name\":\"Jak kompostowa\u0107? To proste! | organiczni.eu\",\"isPartOf\":{\"@id\":\"https:\\\/\\\/baranowscy.eu\\\/wordpress\\\/#website\"},\"primaryImageOfPage\":{\"@id\":\"https:\\\/\\\/baranowscy.eu\\\/wordpress\\\/produkt\\\/jak-kompostowac-to-proste\\\/#primaryimage\"},\"image\":{\"@id\":\"https:\\\/\\\/baranowscy.eu\\\/wordpress\\\/produkt\\\/jak-kompostowac-to-proste\\\/#primaryimage\"},\"thumbnailUrl\":\"https:\\\/\\\/baranowscy.eu\\\/wordpress\\\/wp-content\\\/uploads\\\/2020\\\/02\\\/kompostowanie.png\",\"datePublished\":\"2020-09-29T16:18:20+00:00\",\"dateModified\":\"2025-03-18T13:19:26+00:00\",\"description\":\"Jak kompostowa\u0107? To proste! Ksi\u0105\u017cka, kt\u00f3ra przekona do kompostowania nawet najwi\u0119kszych sceptyk\u00f3w! \u201eJak kompostowa\u0107? To proste!\u201d\",\"breadcrumb\":{\"@id\":\"https:\\\/\\\/baranowscy.eu\\\/wordpress\\\/produkt\\\/jak-kompostowac-to-proste\\\/#breadcrumb\"},\"inLanguage\":\"pl-PL\",\"potentialAction\":[{\"@type\":\"ReadAction\",\"target\":[\"https:\\\/\\\/baranowscy.eu\\\/wordpress\\\/produkt\\\/jak-kompostowac-to-proste\\\/\"]}]},{\"@type\":\"ImageObject\",\"inLanguage\":\"pl-PL\",\"@id\":\"https:\\\/\\\/baranowscy.eu\\\/wordpress\\\/produkt\\\/jak-kompostowac-to-proste\\\/#primaryimage\",\"url\":\"https:\\\/\\\/baranowscy.eu\\\/wordpress\\\/wp-content\\\/uploads\\\/2020\\\/02\\\/kompostowanie.png\",\"contentUrl\":\"https:\\\/\\\/baranowscy.eu\\\/wordpress\\\/wp-content\\\/uploads\\\/2020\\\/02\\\/kompostowanie.png\",\"width\":590,\"height\":787,\"caption\":\"Jak kompostowa\u0107?\"},{\"@type\":\"BreadcrumbList\",\"@id\":\"https:\\\/\\\/baranowscy.eu\\\/wordpress\\\/produkt\\\/jak-kompostowac-to-proste\\\/#breadcrumb\",\"itemListElement\":[{\"@type\":\"ListItem\",\"position\":1,\"name\":\"Strona g\u0142\u00f3wna\",\"item\":\"https:\\\/\\\/baranowscy.eu\\\/wordpress\\\/\"},{\"@type\":\"ListItem\",\"position\":2,\"name\":\"Sklep Organicznych\",\"item\":\"https:\\\/\\\/baranowscy.eu\\\/wordpress\\\/sklep\\\/\"},{\"@type\":\"ListItem\",\"position\":3,\"name\":\"Jak kompostowa\u0107? To proste!\"}]},{\"@type\":\"WebSite\",\"@id\":\"https:\\\/\\\/baranowscy.eu\\\/wordpress\\\/#website\",\"url\":\"https:\\\/\\\/baranowscy.eu\\\/wordpress\\\/\",\"name\":\"organiczni.eu\",\"description\":\"Najbardziej wszechstronny blog ekologiczny\",\"publisher\":{\"@id\":\"https:\\\/\\\/baranowscy.eu\\\/wordpress\\\/#organization\"},\"potentialAction\":[{\"@type\":\"SearchAction\",\"target\":{\"@type\":\"EntryPoint\",\"urlTemplate\":\"https:\\\/\\\/baranowscy.eu\\\/wordpress\\\/?s={search_term_string}\"},\"query-input\":{\"@type\":\"PropertyValueSpecification\",\"valueRequired\":true,\"valueName\":\"search_term_string\"}}],\"inLanguage\":\"pl-PL\"},{\"@type\":\"Organization\",\"@id\":\"https:\\\/\\\/baranowscy.eu\\\/wordpress\\\/#organization\",\"name\":\"organiczni.eu\",\"url\":\"https:\\\/\\\/baranowscy.eu\\\/wordpress\\\/\",\"logo\":{\"@type\":\"ImageObject\",\"inLanguage\":\"pl-PL\",\"@id\":\"https:\\\/\\\/baranowscy.eu\\\/wordpress\\\/#\\\/schema\\\/logo\\\/image\\\/\",\"url\":\"https:\\\/\\\/baranowscy.eu\\\/wordpress\\\/wp-content\\\/uploads\\\/2018\\\/01\\\/logo_duze.png\",\"contentUrl\":\"https:\\\/\\\/baranowscy.eu\\\/wordpress\\\/wp-content\\\/uploads\\\/2018\\\/01\\\/logo_duze.png\",\"width\":1398,\"height\":300,\"caption\":\"organiczni.eu\"},\"image\":{\"@id\":\"https:\\\/\\\/baranowscy.eu\\\/wordpress\\\/#\\\/schema\\\/logo\\\/image\\\/\"},\"sameAs\":[\"https:\\\/\\\/www.facebook.com\\\/organiczni\\\/\",\"https:\\\/\\\/www.instagram.com\\\/organiczni.eu\\\/\"]}]}<\/script>\n<!-- \/ Yoast SEO plugin. -->","yoast_head_json":{"title":"Jak kompostowa\u0107? To proste! | organiczni.eu","description":"Jak kompostowa\u0107? To proste! Ksi\u0105\u017cka, kt\u00f3ra przekona do kompostowania nawet najwi\u0119kszych sceptyk\u00f3w! \u201eJak kompostowa\u0107? To proste!\u201d","robots":{"index":"index","follow":"follow","max-snippet":"max-snippet:-1","max-image-preview":"max-image-preview:large","max-video-preview":"max-video-preview:-1"},"canonical":"https:\/\/baranowscy.eu\/wordpress\/produkt\/jak-kompostowac-to-proste\/","og_locale":"pl_PL","og_type":"article","og_title":"Jak kompostowa\u0107? To proste! | organiczni.eu","og_description":"Jak kompostowa\u0107? To proste! Ksi\u0105\u017cka, kt\u00f3ra przekona do kompostowania nawet najwi\u0119kszych sceptyk\u00f3w! \u201eJak kompostowa\u0107? To proste!\u201d","og_url":"https:\/\/baranowscy.eu\/wordpress\/produkt\/jak-kompostowac-to-proste\/","og_site_name":"organiczni.eu","article_publisher":"https:\/\/www.facebook.com\/organiczni\/","article_modified_time":"2025-03-18T13:19:26+00:00","og_image":[{"width":590,"height":787,"url":"https:\/\/baranowscy.eu\/wordpress\/wp-content\/uploads\/2020\/02\/kompostowanie.png","type":"image\/png"}],"twitter_card":"summary_large_image","twitter_misc":{"Szacowany czas czytania":"3 minuty"},"schema":{"@context":"https:\/\/schema.org","@graph":[{"@type":"WebPage","@id":"https:\/\/baranowscy.eu\/wordpress\/produkt\/jak-kompostowac-to-proste\/","url":"https:\/\/baranowscy.eu\/wordpress\/produkt\/jak-kompostowac-to-proste\/","name":"Jak kompostowa\u0107? To proste! | organiczni.eu","isPartOf":{"@id":"https:\/\/baranowscy.eu\/wordpress\/#website"},"primaryImageOfPage":{"@id":"https:\/\/baranowscy.eu\/wordpress\/produkt\/jak-kompostowac-to-proste\/#primaryimage"},"image":{"@id":"https:\/\/baranowscy.eu\/wordpress\/produkt\/jak-kompostowac-to-proste\/#primaryimage"},"thumbnailUrl":"https:\/\/baranowscy.eu\/wordpress\/wp-content\/uploads\/2020\/02\/kompostowanie.png","datePublished":"2020-09-29T16:18:20+00:00","dateModified":"2025-03-18T13:19:26+00:00","description":"Jak kompostowa\u0107? To proste! Ksi\u0105\u017cka, kt\u00f3ra przekona do kompostowania nawet najwi\u0119kszych sceptyk\u00f3w! \u201eJak kompostowa\u0107? To proste!\u201d","breadcrumb":{"@id":"https:\/\/baranowscy.eu\/wordpress\/produkt\/jak-kompostowac-to-proste\/#breadcrumb"},"inLanguage":"pl-PL","potentialAction":[{"@type":"ReadAction","target":["https:\/\/baranowscy.eu\/wordpress\/produkt\/jak-kompostowac-to-proste\/"]}]},{"@type":"ImageObject","inLanguage":"pl-PL","@id":"https:\/\/baranowscy.eu\/wordpress\/produkt\/jak-kompostowac-to-proste\/#primaryimage","url":"https:\/\/baranowscy.eu\/wordpress\/wp-content\/uploads\/2020\/02\/kompostowanie.png","contentUrl":"https:\/\/baranowscy.eu\/wordpress\/wp-content\/uploads\/2020\/02\/kompostowanie.png","width":590,"height":787,"caption":"Jak kompostowa\u0107?"},{"@type":"BreadcrumbList","@id":"https:\/\/baranowscy.eu\/wordpress\/produkt\/jak-kompostowac-to-proste\/#breadcrumb","itemListElement":[{"@type":"ListItem","position":1,"name":"Strona g\u0142\u00f3wna","item":"https:\/\/baranowscy.eu\/wordpress\/"},{"@type":"ListItem","position":2,"name":"Sklep Organicznych","item":"https:\/\/baranowscy.eu\/wordpress\/sklep\/"},{"@type":"ListItem","position":3,"name":"Jak kompostowa\u0107? To proste!"}]},{"@type":"WebSite","@id":"https:\/\/baranowscy.eu\/wordpress\/#website","url":"https:\/\/baranowscy.eu\/wordpress\/","name":"organiczni.eu","description":"Najbardziej wszechstronny blog ekologiczny","publisher":{"@id":"https:\/\/baranowscy.eu\/wordpress\/#organization"},"potentialAction":[{"@type":"SearchAction","target":{"@type":"EntryPoint","urlTemplate":"https:\/\/baranowscy.eu\/wordpress\/?s={search_term_string}"},"query-input":{"@type":"PropertyValueSpecification","valueRequired":true,"valueName":"search_term_string"}}],"inLanguage":"pl-PL"},{"@type":"Organization","@id":"https:\/\/baranowscy.eu\/wordpress\/#organization","name":"organiczni.eu","url":"https:\/\/baranowscy.eu\/wordpress\/","logo":{"@type":"ImageObject","inLanguage":"pl-PL","@id":"https:\/\/baranowscy.eu\/wordpress\/#\/schema\/logo\/image\/","url":"https:\/\/baranowscy.eu\/wordpress\/wp-content\/uploads\/2018\/01\/logo_duze.png","contentUrl":"https:\/\/baranowscy.eu\/wordpress\/wp-content\/uploads\/2018\/01\/logo_duze.png","width":1398,"height":300,"caption":"organiczni.eu"},"image":{"@id":"https:\/\/baranowscy.eu\/wordpress\/#\/schema\/logo\/image\/"},"sameAs":["https:\/\/www.facebook.com\/organiczni\/","https:\/\/www.instagram.com\/organiczni.eu\/"]}]}},"jetpack_sharing_enabled":true,"_links":{"self":[{"href":"https:\/\/baranowscy.eu\/wordpress\/wp-json\/wp\/v2\/product\/10709","targetHints":{"allow":["GET"]}}],"collection":[{"href":"https:\/\/baranowscy.eu\/wordpress\/wp-json\/wp\/v2\/product"}],"about":[{"href":"https:\/\/baranowscy.eu\/wordpress\/wp-json\/wp\/v2\/types\/product"}],"wp:featuredmedia":[{"embeddable":true,"href":"https:\/\/baranowscy.eu\/wordpress\/wp-json\/wp\/v2\/media\/10089"}],"wp:attachment":[{"href":"https:\/\/baranowscy.eu\/wordpress\/wp-json\/wp\/v2\/media?parent=10709"}],"wp:term":[{"taxonomy":"product_brand","embeddable":true,"href":"https:\/\/baranowscy.eu\/wordpress\/wp-json\/wp\/v2\/product_brand?post=10709"},{"taxonomy":"product_cat","embeddable":true,"href":"https:\/\/baranowscy.eu\/wordpress\/wp-json\/wp\/v2\/product_cat?post=10709"},{"taxonomy":"product_tag","embeddable":true,"href":"https:\/\/baranowscy.eu\/wordpress\/wp-json\/wp\/v2\/product_tag?post=10709"}],"curies":[{"name":"wp","href":"https:\/\/api.w.org\/{rel}","templated":true}]}}