{"id":9721,"date":"2019-10-24T12:50:34","date_gmt":"2019-10-24T10:50:34","guid":{"rendered":"http:\/\/baranowscy.eu\/wordpress\/?page_id=9721"},"modified":"2022-10-12T14:31:24","modified_gmt":"2022-10-12T12:31:24","slug":"warsztaty-z-ekochemii-domowej","status":"publish","type":"page","link":"https:\/\/baranowscy.eu\/wordpress\/warsztaty\/warsztaty-z-ekochemii-domowej\/","title":{"rendered":"Warsztaty z &#8222;ekochemii&#8221; domowej"},"content":{"rendered":"<p><strong>Warsztaty z tworzenia detergent\u00f3w to znakomita okazja do poznania sposob\u00f3w sprz\u0105tania za pomoc\u0105 prostych i tanich sk\u0142adnik\u00f3w, kt\u00f3re s\u0105 bezpieczne dla domu, ludzi i \u015brodowiska.<\/strong><\/p>\n<p>Warsztaty trwaj\u0105 zwykle dwie godziny.\u00a0Dziel\u0105 si\u0119 na cz\u0119\u015b\u0107 teoretyczn\u0105 i praktyczn\u0105. Najlepiej pracuje nam si\u0119 w grupie do 15 os\u00f3b.<\/p>\n<figure id=\"attachment_9728\" aria-describedby=\"caption-attachment-9728\" style=\"width: 1000px\" class=\"wp-caption alignleft\"><a href=\"https:\/\/baranowscy.eu\/wordpress\/wp-content\/uploads\/2019\/10\/warsztaty_ekodetergenty_1.jpg\"><img loading=\"lazy\" decoding=\"async\" class=\"wp-image-9728 size-full\" src=\"https:\/\/baranowscy.eu\/wordpress\/wp-content\/uploads\/2019\/10\/warsztaty_ekodetergenty_1.jpg\" alt=\"Warsztaty: ekodetergenty\" width=\"1000\" height=\"667\" srcset=\"https:\/\/baranowscy.eu\/wordpress\/wp-content\/uploads\/2019\/10\/warsztaty_ekodetergenty_1.jpg 1000w, https:\/\/baranowscy.eu\/wordpress\/wp-content\/uploads\/2019\/10\/warsztaty_ekodetergenty_1-300x200.jpg 300w, https:\/\/baranowscy.eu\/wordpress\/wp-content\/uploads\/2019\/10\/warsztaty_ekodetergenty_1-600x400.jpg 600w, https:\/\/baranowscy.eu\/wordpress\/wp-content\/uploads\/2019\/10\/warsztaty_ekodetergenty_1-768x512.jpg 768w, https:\/\/baranowscy.eu\/wordpress\/wp-content\/uploads\/2019\/10\/warsztaty_ekodetergenty_1-560x374.jpg 560w\" sizes=\"auto, (max-width: 1000px) 100vw, 1000px\" \/><\/a><figcaption id=\"caption-attachment-9728\" class=\"wp-caption-text\">Warsztaty: ekodetergenty<\/figcaption><\/figure>\n<h2>Warsztaty z &#8222;ekochemii&#8221; domowej<\/h2>\n<p>Wiele os\u00f3b chce przestawi\u0107 si\u0119 na ekologiczne detergenty, kt\u00f3re s\u0105 bezpieczne dla ludzi &#8211; w tym dzieci &#8211; i \u015brodowiska. Szukaj\u0105 informacji w internecie czy ksi\u0105\u017ckach, ale czuj\u0105 si\u0119 zagubieni, poniewa\u017c nie wiedz\u0105, czym jest boraks, soda kalcynowana, nadw\u0119glan sodu. Dodatkowo w r\u00f3\u017cnych miejscach (w ksi\u0105\u017ckach r\u00f3wnie\u017c) mo\u017cna znale\u017a\u0107 zupe\u0142nie bezsensowne przepisy (np. takie, w kt\u00f3rych &gt;&gt; <strong><a href=\"https:\/\/baranowscy.eu\/wordpress\/nie-mieszaj-octu-z-soda\/\" target=\"_blank\" rel=\"noopener noreferrer\">\u0142\u0105czy si\u0119 ocet z sod\u0105<\/a><\/strong>).<\/p>\n<p>Na moich warsztatach uczestniczki i uczestnicy poznaj\u0105 w\u0142a\u015bciwo\u015bci wszystkich komponent\u00f3w i zasady ich \u0142\u0105czenia. Wszyscy wyjd\u0105 z zestawem w\u0142asnor\u0119cznie przygotowanych detergent\u00f3w.<\/p>\n<h2>Jak przebiegaj\u0105 warsztaty?<\/h2>\n<p>Przebieg warsztat\u00f3w zazwyczaj przebiega wed\u0142ug planu:<\/p>\n<ul>\n<li>wprowadzenie, czego mo\u017cna u\u017cywa\u0107 w domu do sprz\u0105tania, \u017ceby by\u0107 eko i nie wyda\u0107 maj\u0105tku,<\/li>\n<li>dlaczego nie \u0142\u0105czymy sody z octem,<\/li>\n<li>przygotowanie detergent\u00f3w: wywaru z orzech\u00f3w pior\u0105cych, proszk\u00f3w do prania, proszku do zmywarki, kostek do zmywarki i kostek do toalety.<\/li>\n<\/ul>\n<p><strong>Uwaga, uczestnicy s\u0105 proszeni o przyniesienie szczelnych pojemniczk\u00f3w na detergenty oraz (je\u015bli chc\u0105 zrobi\u0107 kostki) foremek na l\u00f3d w formie kostek &#8211; silikonowych lub plastikowych.<\/strong><\/p>\n<h2>Oferta<\/h2>\n<p><strong><a href=\"https:\/\/baranowscy.eu\/wordpress\/wp-content\/uploads\/2019\/10\/warsztaty_ekodetergenty_2.jpg\"><img loading=\"lazy\" decoding=\"async\" class=\"size-medium wp-image-9727 alignright\" src=\"https:\/\/baranowscy.eu\/wordpress\/wp-content\/uploads\/2019\/10\/warsztaty_ekodetergenty_2-200x300.jpg\" alt=\"\" width=\"200\" height=\"300\" srcset=\"https:\/\/baranowscy.eu\/wordpress\/wp-content\/uploads\/2019\/10\/warsztaty_ekodetergenty_2-200x300.jpg 200w, https:\/\/baranowscy.eu\/wordpress\/wp-content\/uploads\/2019\/10\/warsztaty_ekodetergenty_2-300x450.jpg 300w, https:\/\/baranowscy.eu\/wordpress\/wp-content\/uploads\/2019\/10\/warsztaty_ekodetergenty_2-600x900.jpg 600w, https:\/\/baranowscy.eu\/wordpress\/wp-content\/uploads\/2019\/10\/warsztaty_ekodetergenty_2-560x840.jpg 560w, https:\/\/baranowscy.eu\/wordpress\/wp-content\/uploads\/2019\/10\/warsztaty_ekodetergenty_2.jpg 667w\" sizes=\"auto, (max-width: 200px) 100vw, 200px\" \/><\/a>Je\u015bli chcieliby\u015bcie zorganizowa\u0107 warsztaty z ekochemii domowej w swojej okolicy, w szkole, w MAL-u, w osiedlowym domu spotka\u0144\u2026 napiszcie do mnie:\u00a0<a href=\"https:\/\/baranowscy.eu\/wordpress\/kontakt\/\" target=\"_blank\" rel=\"noopener noreferrer\">&gt;&gt; kontakt<\/a><\/strong>. Z przyjemno\u015bci\u0105 podziel\u0119 si\u0119 swoj\u0105 wiedz\u0105, wyja\u015bni\u0119, jak komponowa\u0107 w\u0142asne ekodetergenty.<\/p>\n<p><strong>Wsp\u00f3\u0142pracowa\u0142am m.in. z:<\/strong><\/p>\n<ul>\n<li><strong>Zieleni\u0105 Warszawsk\u0105,<\/strong><\/li>\n<li><strong>BCK Dwa Jelonki,<\/strong><\/li>\n<li><strong>Centrum Kultury Izabelin,<\/strong><\/li>\n<li><strong>WCK Wola,<\/strong><\/li>\n<li><strong>prowadzi\u0142am warsztaty w ramach Ekokreatywnej Warszawy.<\/strong><\/li>\n<\/ul>\n<p><strong>Koszty warsztat\u00f3w s\u0105 ustalane indywidualnie (wystawiam faktur\u0119 nievatowsk\u0105).<\/strong><\/p>\n<p>&nbsp;<\/p>\n","protected":false},"excerpt":{"rendered":"<p>Warsztaty z tworzenia detergent\u00f3w to znakomita okazja do poznania sposob\u00f3w sprz\u0105tania za pomoc\u0105 prostych i tanich sk\u0142adnik\u00f3w, kt\u00f3re s\u0105 bezpieczne dla domu, ludzi i \u015brodowiska.&hellip;<\/p>\n","protected":false},"author":1,"featured_media":0,"parent":8561,"menu_order":4,"comment_status":"closed","ping_status":"closed","template":"","meta":{"footnotes":""},"class_list":["post-9721","page","type-page","status-publish","hentry"],"yoast_head":"<!-- This site is optimized with the Yoast SEO plugin v27.4 - https:\/\/yoast.com\/product\/yoast-seo-wordpress\/ -->\n<title>Warsztaty z &quot;ekochemii&quot; domowej - organiczni.eu<\/title>\n<meta name=\"robots\" content=\"index, follow, max-snippet:-1, max-image-preview:large, max-video-preview:-1\" \/>\n<link rel=\"canonical\" href=\"https:\/\/baranowscy.eu\/wordpress\/warsztaty\/warsztaty-z-ekochemii-domowej\/\" \/>\n<meta property=\"og:locale\" content=\"pl_PL\" \/>\n<meta property=\"og:type\" content=\"article\" \/>\n<meta property=\"og:title\" content=\"Warsztaty z &quot;ekochemii&quot; domowej - organiczni.eu\" \/>\n<meta property=\"og:description\" content=\"Warsztaty z tworzenia detergent\u00f3w to znakomita okazja do poznania sposob\u00f3w sprz\u0105tania za pomoc\u0105 prostych i tanich sk\u0142adnik\u00f3w, kt\u00f3re s\u0105 bezpieczne dla domu, ludzi i \u015brodowiska.&hellip;\" \/>\n<meta property=\"og:url\" content=\"https:\/\/baranowscy.eu\/wordpress\/warsztaty\/warsztaty-z-ekochemii-domowej\/\" \/>\n<meta property=\"og:site_name\" content=\"organiczni.eu\" \/>\n<meta property=\"article:publisher\" content=\"https:\/\/www.facebook.com\/organiczni\/\" \/>\n<meta property=\"article:modified_time\" content=\"2022-10-12T12:31:24+00:00\" \/>\n<meta property=\"og:image\" content=\"https:\/\/baranowscy.eu\/wordpress\/wp-content\/uploads\/2019\/10\/warsztaty_ekodetergenty_1.jpg\" \/>\n<meta name=\"twitter:card\" content=\"summary_large_image\" \/>\n<meta name=\"twitter:label1\" content=\"Szacowany czas czytania\" \/>\n\t<meta name=\"twitter:data1\" content=\"2 minuty\" \/>\n<script type=\"application\/ld+json\" class=\"yoast-schema-graph\">{\"@context\":\"https:\\\/\\\/schema.org\",\"@graph\":[{\"@type\":\"WebPage\",\"@id\":\"https:\\\/\\\/baranowscy.eu\\\/wordpress\\\/warsztaty\\\/warsztaty-z-ekochemii-domowej\\\/\",\"url\":\"https:\\\/\\\/baranowscy.eu\\\/wordpress\\\/warsztaty\\\/warsztaty-z-ekochemii-domowej\\\/\",\"name\":\"Warsztaty z \\\"ekochemii\\\" domowej - organiczni.eu\",\"isPartOf\":{\"@id\":\"https:\\\/\\\/baranowscy.eu\\\/wordpress\\\/#website\"},\"primaryImageOfPage\":{\"@id\":\"https:\\\/\\\/baranowscy.eu\\\/wordpress\\\/warsztaty\\\/warsztaty-z-ekochemii-domowej\\\/#primaryimage\"},\"image\":{\"@id\":\"https:\\\/\\\/baranowscy.eu\\\/wordpress\\\/warsztaty\\\/warsztaty-z-ekochemii-domowej\\\/#primaryimage\"},\"thumbnailUrl\":\"https:\\\/\\\/baranowscy.eu\\\/wordpress\\\/wp-content\\\/uploads\\\/2019\\\/10\\\/warsztaty_ekodetergenty_1.jpg\",\"datePublished\":\"2019-10-24T10:50:34+00:00\",\"dateModified\":\"2022-10-12T12:31:24+00:00\",\"breadcrumb\":{\"@id\":\"https:\\\/\\\/baranowscy.eu\\\/wordpress\\\/warsztaty\\\/warsztaty-z-ekochemii-domowej\\\/#breadcrumb\"},\"inLanguage\":\"pl-PL\",\"potentialAction\":[{\"@type\":\"ReadAction\",\"target\":[\"https:\\\/\\\/baranowscy.eu\\\/wordpress\\\/warsztaty\\\/warsztaty-z-ekochemii-domowej\\\/\"]}]},{\"@type\":\"ImageObject\",\"inLanguage\":\"pl-PL\",\"@id\":\"https:\\\/\\\/baranowscy.eu\\\/wordpress\\\/warsztaty\\\/warsztaty-z-ekochemii-domowej\\\/#primaryimage\",\"url\":\"https:\\\/\\\/baranowscy.eu\\\/wordpress\\\/wp-content\\\/uploads\\\/2019\\\/10\\\/warsztaty_ekodetergenty_1.jpg\",\"contentUrl\":\"https:\\\/\\\/baranowscy.eu\\\/wordpress\\\/wp-content\\\/uploads\\\/2019\\\/10\\\/warsztaty_ekodetergenty_1.jpg\",\"width\":1000,\"height\":667,\"caption\":\"Warsztaty: ekodetergenty\"},{\"@type\":\"BreadcrumbList\",\"@id\":\"https:\\\/\\\/baranowscy.eu\\\/wordpress\\\/warsztaty\\\/warsztaty-z-ekochemii-domowej\\\/#breadcrumb\",\"itemListElement\":[{\"@type\":\"ListItem\",\"position\":1,\"name\":\"Strona g\u0142\u00f3wna\",\"item\":\"https:\\\/\\\/baranowscy.eu\\\/wordpress\\\/\"},{\"@type\":\"ListItem\",\"position\":2,\"name\":\"Warsztaty\",\"item\":\"https:\\\/\\\/baranowscy.eu\\\/wordpress\\\/warsztaty\\\/\"},{\"@type\":\"ListItem\",\"position\":3,\"name\":\"Warsztaty z &#8222;ekochemii&#8221; domowej\"}]},{\"@type\":\"WebSite\",\"@id\":\"https:\\\/\\\/baranowscy.eu\\\/wordpress\\\/#website\",\"url\":\"https:\\\/\\\/baranowscy.eu\\\/wordpress\\\/\",\"name\":\"organiczni.eu\",\"description\":\"Najbardziej wszechstronny blog ekologiczny\",\"publisher\":{\"@id\":\"https:\\\/\\\/baranowscy.eu\\\/wordpress\\\/#organization\"},\"potentialAction\":[{\"@type\":\"SearchAction\",\"target\":{\"@type\":\"EntryPoint\",\"urlTemplate\":\"https:\\\/\\\/baranowscy.eu\\\/wordpress\\\/?s={search_term_string}\"},\"query-input\":{\"@type\":\"PropertyValueSpecification\",\"valueRequired\":true,\"valueName\":\"search_term_string\"}}],\"inLanguage\":\"pl-PL\"},{\"@type\":\"Organization\",\"@id\":\"https:\\\/\\\/baranowscy.eu\\\/wordpress\\\/#organization\",\"name\":\"organiczni.eu\",\"url\":\"https:\\\/\\\/baranowscy.eu\\\/wordpress\\\/\",\"logo\":{\"@type\":\"ImageObject\",\"inLanguage\":\"pl-PL\",\"@id\":\"https:\\\/\\\/baranowscy.eu\\\/wordpress\\\/#\\\/schema\\\/logo\\\/image\\\/\",\"url\":\"https:\\\/\\\/baranowscy.eu\\\/wordpress\\\/wp-content\\\/uploads\\\/2018\\\/01\\\/logo_duze.png\",\"contentUrl\":\"https:\\\/\\\/baranowscy.eu\\\/wordpress\\\/wp-content\\\/uploads\\\/2018\\\/01\\\/logo_duze.png\",\"width\":1398,\"height\":300,\"caption\":\"organiczni.eu\"},\"image\":{\"@id\":\"https:\\\/\\\/baranowscy.eu\\\/wordpress\\\/#\\\/schema\\\/logo\\\/image\\\/\"},\"sameAs\":[\"https:\\\/\\\/www.facebook.com\\\/organiczni\\\/\",\"https:\\\/\\\/www.instagram.com\\\/organiczni.eu\\\/\"]}]}<\/script>\n<!-- \/ Yoast SEO plugin. -->","yoast_head_json":{"title":"Warsztaty z \"ekochemii\" domowej - organiczni.eu","robots":{"index":"index","follow":"follow","max-snippet":"max-snippet:-1","max-image-preview":"max-image-preview:large","max-video-preview":"max-video-preview:-1"},"canonical":"https:\/\/baranowscy.eu\/wordpress\/warsztaty\/warsztaty-z-ekochemii-domowej\/","og_locale":"pl_PL","og_type":"article","og_title":"Warsztaty z \"ekochemii\" domowej - organiczni.eu","og_description":"Warsztaty z tworzenia detergent\u00f3w to znakomita okazja do poznania sposob\u00f3w sprz\u0105tania za pomoc\u0105 prostych i tanich sk\u0142adnik\u00f3w, kt\u00f3re s\u0105 bezpieczne dla domu, ludzi i \u015brodowiska.&hellip;","og_url":"https:\/\/baranowscy.eu\/wordpress\/warsztaty\/warsztaty-z-ekochemii-domowej\/","og_site_name":"organiczni.eu","article_publisher":"https:\/\/www.facebook.com\/organiczni\/","article_modified_time":"2022-10-12T12:31:24+00:00","og_image":[{"url":"https:\/\/baranowscy.eu\/wordpress\/wp-content\/uploads\/2019\/10\/warsztaty_ekodetergenty_1.jpg","type":"","width":"","height":""}],"twitter_card":"summary_large_image","twitter_misc":{"Szacowany czas czytania":"2 minuty"},"schema":{"@context":"https:\/\/schema.org","@graph":[{"@type":"WebPage","@id":"https:\/\/baranowscy.eu\/wordpress\/warsztaty\/warsztaty-z-ekochemii-domowej\/","url":"https:\/\/baranowscy.eu\/wordpress\/warsztaty\/warsztaty-z-ekochemii-domowej\/","name":"Warsztaty z \"ekochemii\" domowej - organiczni.eu","isPartOf":{"@id":"https:\/\/baranowscy.eu\/wordpress\/#website"},"primaryImageOfPage":{"@id":"https:\/\/baranowscy.eu\/wordpress\/warsztaty\/warsztaty-z-ekochemii-domowej\/#primaryimage"},"image":{"@id":"https:\/\/baranowscy.eu\/wordpress\/warsztaty\/warsztaty-z-ekochemii-domowej\/#primaryimage"},"thumbnailUrl":"https:\/\/baranowscy.eu\/wordpress\/wp-content\/uploads\/2019\/10\/warsztaty_ekodetergenty_1.jpg","datePublished":"2019-10-24T10:50:34+00:00","dateModified":"2022-10-12T12:31:24+00:00","breadcrumb":{"@id":"https:\/\/baranowscy.eu\/wordpress\/warsztaty\/warsztaty-z-ekochemii-domowej\/#breadcrumb"},"inLanguage":"pl-PL","potentialAction":[{"@type":"ReadAction","target":["https:\/\/baranowscy.eu\/wordpress\/warsztaty\/warsztaty-z-ekochemii-domowej\/"]}]},{"@type":"ImageObject","inLanguage":"pl-PL","@id":"https:\/\/baranowscy.eu\/wordpress\/warsztaty\/warsztaty-z-ekochemii-domowej\/#primaryimage","url":"https:\/\/baranowscy.eu\/wordpress\/wp-content\/uploads\/2019\/10\/warsztaty_ekodetergenty_1.jpg","contentUrl":"https:\/\/baranowscy.eu\/wordpress\/wp-content\/uploads\/2019\/10\/warsztaty_ekodetergenty_1.jpg","width":1000,"height":667,"caption":"Warsztaty: ekodetergenty"},{"@type":"BreadcrumbList","@id":"https:\/\/baranowscy.eu\/wordpress\/warsztaty\/warsztaty-z-ekochemii-domowej\/#breadcrumb","itemListElement":[{"@type":"ListItem","position":1,"name":"Strona g\u0142\u00f3wna","item":"https:\/\/baranowscy.eu\/wordpress\/"},{"@type":"ListItem","position":2,"name":"Warsztaty","item":"https:\/\/baranowscy.eu\/wordpress\/warsztaty\/"},{"@type":"ListItem","position":3,"name":"Warsztaty z &#8222;ekochemii&#8221; domowej"}]},{"@type":"WebSite","@id":"https:\/\/baranowscy.eu\/wordpress\/#website","url":"https:\/\/baranowscy.eu\/wordpress\/","name":"organiczni.eu","description":"Najbardziej wszechstronny blog ekologiczny","publisher":{"@id":"https:\/\/baranowscy.eu\/wordpress\/#organization"},"potentialAction":[{"@type":"SearchAction","target":{"@type":"EntryPoint","urlTemplate":"https:\/\/baranowscy.eu\/wordpress\/?s={search_term_string}"},"query-input":{"@type":"PropertyValueSpecification","valueRequired":true,"valueName":"search_term_string"}}],"inLanguage":"pl-PL"},{"@type":"Organization","@id":"https:\/\/baranowscy.eu\/wordpress\/#organization","name":"organiczni.eu","url":"https:\/\/baranowscy.eu\/wordpress\/","logo":{"@type":"ImageObject","inLanguage":"pl-PL","@id":"https:\/\/baranowscy.eu\/wordpress\/#\/schema\/logo\/image\/","url":"https:\/\/baranowscy.eu\/wordpress\/wp-content\/uploads\/2018\/01\/logo_duze.png","contentUrl":"https:\/\/baranowscy.eu\/wordpress\/wp-content\/uploads\/2018\/01\/logo_duze.png","width":1398,"height":300,"caption":"organiczni.eu"},"image":{"@id":"https:\/\/baranowscy.eu\/wordpress\/#\/schema\/logo\/image\/"},"sameAs":["https:\/\/www.facebook.com\/organiczni\/","https:\/\/www.instagram.com\/organiczni.eu\/"]}]}},"jetpack_sharing_enabled":true,"_links":{"self":[{"href":"https:\/\/baranowscy.eu\/wordpress\/wp-json\/wp\/v2\/pages\/9721","targetHints":{"allow":["GET"]}}],"collection":[{"href":"https:\/\/baranowscy.eu\/wordpress\/wp-json\/wp\/v2\/pages"}],"about":[{"href":"https:\/\/baranowscy.eu\/wordpress\/wp-json\/wp\/v2\/types\/page"}],"author":[{"embeddable":true,"href":"https:\/\/baranowscy.eu\/wordpress\/wp-json\/wp\/v2\/users\/1"}],"replies":[{"embeddable":true,"href":"https:\/\/baranowscy.eu\/wordpress\/wp-json\/wp\/v2\/comments?post=9721"}],"version-history":[{"count":8,"href":"https:\/\/baranowscy.eu\/wordpress\/wp-json\/wp\/v2\/pages\/9721\/revisions"}],"predecessor-version":[{"id":12889,"href":"https:\/\/baranowscy.eu\/wordpress\/wp-json\/wp\/v2\/pages\/9721\/revisions\/12889"}],"up":[{"embeddable":true,"href":"https:\/\/baranowscy.eu\/wordpress\/wp-json\/wp\/v2\/pages\/8561"}],"wp:attachment":[{"href":"https:\/\/baranowscy.eu\/wordpress\/wp-json\/wp\/v2\/media?parent=9721"}],"curies":[{"name":"wp","href":"https:\/\/api.w.org\/{rel}","templated":true}]}}