{"id":9024,"date":"2019-02-26T22:16:44","date_gmt":"2019-02-26T21:16:44","guid":{"rendered":"http:\/\/baranowscy.eu\/wordpress\/?page_id=9024"},"modified":"2023-05-07T19:14:57","modified_gmt":"2023-05-07T17:14:57","slug":"warsztaty-kompostowe","status":"publish","type":"page","link":"https:\/\/baranowscy.eu\/wordpress\/warsztaty\/warsztaty-kompostowe\/","title":{"rendered":"Warsztaty kompostowe"},"content":{"rendered":"<figure id=\"attachment_8811\" aria-describedby=\"caption-attachment-8811\" style=\"width: 300px\" class=\"wp-caption alignright\"><a href=\"https:\/\/baranowscy.eu\/wordpress\/wp-content\/uploads\/2018\/12\/porzadki_w_kompostowniku_2.jpg\"><img loading=\"lazy\" decoding=\"async\" class=\"size-medium wp-image-8811\" src=\"https:\/\/baranowscy.eu\/wordpress\/wp-content\/uploads\/2018\/12\/porzadki_w_kompostowniku_2-300x200.jpg\" alt=\"G\u00f3rna warstwa naszego kompostownika\" width=\"300\" height=\"200\" srcset=\"https:\/\/baranowscy.eu\/wordpress\/wp-content\/uploads\/2018\/12\/porzadki_w_kompostowniku_2-300x200.jpg 300w, https:\/\/baranowscy.eu\/wordpress\/wp-content\/uploads\/2018\/12\/porzadki_w_kompostowniku_2-600x400.jpg 600w, https:\/\/baranowscy.eu\/wordpress\/wp-content\/uploads\/2018\/12\/porzadki_w_kompostowniku_2-768x512.jpg 768w, https:\/\/baranowscy.eu\/wordpress\/wp-content\/uploads\/2018\/12\/porzadki_w_kompostowniku_2-560x374.jpg 560w, https:\/\/baranowscy.eu\/wordpress\/wp-content\/uploads\/2018\/12\/porzadki_w_kompostowniku_2.jpg 1000w\" sizes=\"auto, (max-width: 300px) 100vw, 300px\" \/><\/a><figcaption id=\"caption-attachment-8811\" class=\"wp-caption-text\">G\u00f3rna warstwa naszego kompostownika<\/figcaption><\/figure>\n<p><strong>Jestem zapalon\u0105 mi\u0142o\u015bniczk\u0105 kompostowania, zar\u00f3wno w domu, jak i na dzia\u0142ce. Od kilku sezon\u00f3w pog\u0142\u0119biam swoj\u0105 wiedz\u0119 i umiej\u0119tno\u015bci praktyczne w dziedzinie odpadk\u00f3w organicznych, co daje mi bardzo du\u017co rado\u015bci. Z przyjemno\u015bci\u0105 opowiadam o tajemnicach kompostu i dziel\u0119 si\u0119 do\u015bwiadczeniem.<\/strong><\/p>\n<p>Od 2016 roku mam domowy kompostownik z d\u017cd\u017cownicami. Zbudowa\u0142am go samodzielnie z tego, co mia\u0142am pod r\u0119k\u0105. Mo\u017cecie o tym przeczyta\u0107 we wpisach:<\/p>\n<ul>\n<li><a href=\"https:\/\/baranowscy.eu\/wordpress\/domowy-kompostownik\/\" target=\"_blank\" rel=\"noopener noreferrer\">Domowy kompostownik<\/a><\/li>\n<li><a href=\"https:\/\/baranowscy.eu\/wordpress\/porzadki-w-kompostowniku\/\" target=\"_blank\" rel=\"noopener noreferrer\">Porz\u0105dki w domowym kompostowniku<\/a><\/li>\n<\/ul>\n<blockquote class=\"wp-embedded-content\" data-secret=\"LsLgoBIqF5\"><p><a href=\"https:\/\/baranowscy.eu\/wordpress\/jak-mowic-do-dzieci-o-komposcie\/\">Jak m\u00f3wi\u0107 do dzieci o kompo\u015bcie?<\/a><\/p><\/blockquote>\n<p><iframe loading=\"lazy\" class=\"wp-embedded-content\" sandbox=\"allow-scripts\" security=\"restricted\" style=\"position: absolute; clip: rect(1px, 1px, 1px, 1px);\" title=\"&#8222;Jak m\u00f3wi\u0107 do dzieci o kompo\u015bcie?&#8221; &#8212; organiczni.eu\" src=\"https:\/\/baranowscy.eu\/wordpress\/jak-mowic-do-dzieci-o-komposcie\/embed\/#?secret=LsLgoBIqF5\" data-secret=\"LsLgoBIqF5\" width=\"600\" height=\"338\" frameborder=\"0\" marginwidth=\"0\" marginheight=\"0\" scrolling=\"no\"><\/iframe><\/p>\n<p>Eksperymentuj\u0119 tak\u017ce na kompo\u015bcie dzia\u0142kowym, kt\u00f3ry z ca\u0142\u0105 rodzin\u0105 od\u017cywiam odpadkami z kuchni. Musz\u0119 przyzna\u0107, \u017ce odk\u0105d postanowili\u015bmy zadba\u0107 o to, co trafia na nasz\u0105 pryzm\u0119, kompost jest znacznie lepszej jako\u015bci.<\/p>\n<figure id=\"attachment_9037\" aria-describedby=\"caption-attachment-9037\" style=\"width: 300px\" class=\"wp-caption alignright\"><a href=\"https:\/\/baranowscy.eu\/wordpress\/wp-content\/uploads\/2019\/02\/warsztaty_kompostowanie_4.jpg\"><img loading=\"lazy\" decoding=\"async\" class=\"size-medium wp-image-9037\" src=\"https:\/\/baranowscy.eu\/wordpress\/wp-content\/uploads\/2019\/02\/warsztaty_kompostowanie_4-300x200.jpg\" alt=\"Warsztaty kompostowe: mi\u0142o\u015b\u0107 d\u017cd\u017cownic\" width=\"300\" height=\"200\" srcset=\"https:\/\/baranowscy.eu\/wordpress\/wp-content\/uploads\/2019\/02\/warsztaty_kompostowanie_4-300x200.jpg 300w, https:\/\/baranowscy.eu\/wordpress\/wp-content\/uploads\/2019\/02\/warsztaty_kompostowanie_4-600x400.jpg 600w, https:\/\/baranowscy.eu\/wordpress\/wp-content\/uploads\/2019\/02\/warsztaty_kompostowanie_4-768x512.jpg 768w, https:\/\/baranowscy.eu\/wordpress\/wp-content\/uploads\/2019\/02\/warsztaty_kompostowanie_4-1024x683.jpg 1024w, https:\/\/baranowscy.eu\/wordpress\/wp-content\/uploads\/2019\/02\/warsztaty_kompostowanie_4-560x373.jpg 560w, https:\/\/baranowscy.eu\/wordpress\/wp-content\/uploads\/2019\/02\/warsztaty_kompostowanie_4.jpg 1180w\" sizes=\"auto, (max-width: 300px) 100vw, 300px\" \/><\/a><figcaption id=\"caption-attachment-9037\" class=\"wp-caption-text\">Warsztaty kompostowe: mi\u0142o\u015b\u0107 d\u017cd\u017cownic<\/figcaption><\/figure>\n<p><strong>Ca\u0142y czas pog\u0142\u0119biam swoj\u0105 wiedz\u0119, a dzi\u0119ki domowej hodowli d\u017cd\u017cownic kalifornijskich obserwuj\u0119 powstawanie kompostu z najr\u00f3\u017cniejszych odpadk\u00f3w.\u00a0<\/strong>Obecno\u015b\u0107 tych niewielkich, pracowitych zwierz\u0105t w naszym domu cieszy nie tylko mnie, ale tak\u017ce dzieci, kt\u00f3re s\u0105 zafascynowane d\u017cd\u017cownicami i kompostownikiem.<\/p>\n<p>&nbsp;<\/p>\n<h2>Warsztaty kompostowe<\/h2>\n<figure id=\"attachment_9027\" aria-describedby=\"caption-attachment-9027\" style=\"width: 300px\" class=\"wp-caption alignright\"><a href=\"https:\/\/baranowscy.eu\/wordpress\/wp-content\/uploads\/2019\/02\/warsztaty_kompostowanie_2.jpg\"><img loading=\"lazy\" decoding=\"async\" class=\"size-medium wp-image-9027\" src=\"https:\/\/baranowscy.eu\/wordpress\/wp-content\/uploads\/2019\/02\/warsztaty_kompostowanie_2-300x200.jpg\" alt=\"Warsztaty podczas Ekokreatywnej Warszawy 2018\" width=\"300\" height=\"200\" srcset=\"https:\/\/baranowscy.eu\/wordpress\/wp-content\/uploads\/2019\/02\/warsztaty_kompostowanie_2-300x200.jpg 300w, https:\/\/baranowscy.eu\/wordpress\/wp-content\/uploads\/2019\/02\/warsztaty_kompostowanie_2-600x400.jpg 600w, https:\/\/baranowscy.eu\/wordpress\/wp-content\/uploads\/2019\/02\/warsztaty_kompostowanie_2-768x512.jpg 768w, https:\/\/baranowscy.eu\/wordpress\/wp-content\/uploads\/2019\/02\/warsztaty_kompostowanie_2-560x374.jpg 560w, https:\/\/baranowscy.eu\/wordpress\/wp-content\/uploads\/2019\/02\/warsztaty_kompostowanie_2.jpg 1000w\" sizes=\"auto, (max-width: 300px) 100vw, 300px\" \/><\/a><figcaption id=\"caption-attachment-9027\" class=\"wp-caption-text\">Warsztaty podczas Ekokreatywnej Warszawy 2018<\/figcaption><\/figure>\n<p><strong>Zacz\u0119\u0142am dzieli\u0107 si\u0119 wiedz\u0105 i do\u015bwiadczeniem, gdy okaza\u0142o si\u0119, \u017ce wiele os\u00f3b mieszkaj\u0105cych w mie\u015bcie i pod miastem bardzo chce zacz\u0105\u0107 kompostowa\u0107 w domu lub w ogrodzie.<\/strong><\/p>\n<p>Mia\u0142am okazj\u0119 rozmawia\u0107 z mieszkankami i mieszka\u0144cami blok\u00f3w, domk\u00f3w jednorodzinnych, a nawet pracownikami Kampinoskiego Parku Narodowego. Bardzo mnie cieszy, \u017ce zainteresowanie kompostowaniem jest coraz wi\u0119ksze.<\/p>\n<p><strong>Wsp\u00f3\u0142pracowa\u0142am m.in. z:<\/strong><\/p>\n<ul>\n<li><strong> Zieleni\u0105 Warszawsk\u0105, <\/strong><\/li>\n<li><strong>BCK Dwa Jelonki, <\/strong><\/li>\n<li><strong>Centrum Kultury Izabelin, <\/strong><\/li>\n<li><strong>WCK, <\/strong><\/li>\n<li><strong>prowadzi\u0142am warsztaty w ramach Ekokreatywnej Warszawy.<\/strong><\/li>\n<\/ul>\n<p>Moje pokazowe d\u017cd\u017cownice je\u017adzi\u0142y na spotkania autobusem, samochodem, a nawet rowerem cargo.<\/p>\n<h2>Oferta<\/h2>\n<figure id=\"attachment_9028\" aria-describedby=\"caption-attachment-9028\" style=\"width: 300px\" class=\"wp-caption alignright\"><a href=\"https:\/\/baranowscy.eu\/wordpress\/wp-content\/uploads\/2019\/02\/warsztaty_kompostowanie_1.jpg\"><img loading=\"lazy\" decoding=\"async\" class=\"size-medium wp-image-9028\" src=\"https:\/\/baranowscy.eu\/wordpress\/wp-content\/uploads\/2019\/02\/warsztaty_kompostowanie_1-300x200.jpg\" alt=\"Warsztaty podczas Ekokreatywnej Warszawy 2018\" width=\"300\" height=\"200\" srcset=\"https:\/\/baranowscy.eu\/wordpress\/wp-content\/uploads\/2019\/02\/warsztaty_kompostowanie_1-300x200.jpg 300w, https:\/\/baranowscy.eu\/wordpress\/wp-content\/uploads\/2019\/02\/warsztaty_kompostowanie_1-600x400.jpg 600w, https:\/\/baranowscy.eu\/wordpress\/wp-content\/uploads\/2019\/02\/warsztaty_kompostowanie_1-768x512.jpg 768w, https:\/\/baranowscy.eu\/wordpress\/wp-content\/uploads\/2019\/02\/warsztaty_kompostowanie_1-560x374.jpg 560w, https:\/\/baranowscy.eu\/wordpress\/wp-content\/uploads\/2019\/02\/warsztaty_kompostowanie_1.jpg 1000w\" sizes=\"auto, (max-width: 300px) 100vw, 300px\" \/><\/a><figcaption id=\"caption-attachment-9028\" class=\"wp-caption-text\">Warsztaty podczas Ekokreatywnej Warszawy 2018<\/figcaption><\/figure>\n<p><strong>Je\u015bli chcieliby\u015bcie zorganizowa\u0107 warsztaty kompostowe w swojej okolicy, w szkole, w MAL-u, w osiedlowym domu spotka\u0144&#8230; napiszcie do mnie: <a href=\"https:\/\/baranowscy.eu\/wordpress\/kontakt\/\" target=\"_blank\" rel=\"noopener noreferrer\">&gt;&gt; kontakt<\/a><\/strong>. Z przyjemno\u015bci\u0105 podziel\u0119 si\u0119 swoj\u0105 wiedz\u0105, wyja\u015bni\u0119, jak zacz\u0105\u0107 kompostowa\u0107 albo jak poprawi\u0107 jako\u015b\u0107 kompostu.<\/p>\n<p><strong>Do wyboru s\u0105 trzy warianty tematyczne:<\/strong><\/p>\n<ul>\n<li>kompostowanie w domu (2 h),<\/li>\n<li>kompostowanie w ogrodzie (2 h),<\/li>\n<li>kompostowanie: podstawy (czas do ustalenia).<\/li>\n<\/ul>\n<p>Mo\u017cliwe jest tak\u017ce dopasowanie warsztat\u00f3w do oczekiwa\u0144 organizatora, np. wsp\u00f3lne budowanie kompostownik\u00f3w domowych.<\/p>\n<figure id=\"attachment_9031\" aria-describedby=\"caption-attachment-9031\" style=\"width: 300px\" class=\"wp-caption alignright\"><a href=\"https:\/\/baranowscy.eu\/wordpress\/wp-content\/uploads\/2019\/02\/warsztaty_kompostowanie_3.jpg\"><img loading=\"lazy\" decoding=\"async\" class=\"size-medium wp-image-9031\" src=\"https:\/\/baranowscy.eu\/wordpress\/wp-content\/uploads\/2019\/02\/warsztaty_kompostowanie_3-300x200.jpg\" alt=\"Warsztaty poprowadzone dla Zieleni Warszawskiej, 2018\" width=\"300\" height=\"200\" srcset=\"https:\/\/baranowscy.eu\/wordpress\/wp-content\/uploads\/2019\/02\/warsztaty_kompostowanie_3-300x200.jpg 300w, https:\/\/baranowscy.eu\/wordpress\/wp-content\/uploads\/2019\/02\/warsztaty_kompostowanie_3-600x400.jpg 600w, https:\/\/baranowscy.eu\/wordpress\/wp-content\/uploads\/2019\/02\/warsztaty_kompostowanie_3-768x512.jpg 768w, https:\/\/baranowscy.eu\/wordpress\/wp-content\/uploads\/2019\/02\/warsztaty_kompostowanie_3-560x374.jpg 560w, https:\/\/baranowscy.eu\/wordpress\/wp-content\/uploads\/2019\/02\/warsztaty_kompostowanie_3.jpg 1000w\" sizes=\"auto, (max-width: 300px) 100vw, 300px\" \/><\/a><figcaption id=\"caption-attachment-9031\" class=\"wp-caption-text\">Warsztaty poprowadzone dla Zieleni Warszawskiej, 2018<\/figcaption><\/figure>\n<p><strong>Podczas spotkania omawiamy m.in.:<\/strong><\/p>\n<ul>\n<li>jak powstaje kompost?<\/li>\n<li>do czego potrzebne s\u0105 d\u017cd\u017cownice?<\/li>\n<li>co mo\u017cna kompostowa\u0107, a czego nie nale\u017cy?<\/li>\n<\/ul>\n<p>Je\u015bli jest taka mo\u017cliwo\u015b\u0107 lokalowa, korzystam z rzutnika do pokazania prezentacji.<\/p>\n<p><strong>Koszty warsztat\u00f3w s\u0105 ustalane indywidualnie (wystawiam faktur\u0119 nievatowsk\u0105).<\/strong><\/p>\n","protected":false},"excerpt":{"rendered":"<p>Jestem zapalon\u0105 mi\u0142o\u015bniczk\u0105 kompostowania, zar\u00f3wno w domu, jak i na dzia\u0142ce. Od kilku sezon\u00f3w pog\u0142\u0119biam swoj\u0105 wiedz\u0119 i umiej\u0119tno\u015bci praktyczne w dziedzinie odpadk\u00f3w organicznych, co&hellip;<\/p>\n","protected":false},"author":1,"featured_media":0,"parent":8561,"menu_order":2,"comment_status":"closed","ping_status":"closed","template":"","meta":{"footnotes":""},"class_list":["post-9024","page","type-page","status-publish","hentry"],"yoast_head":"<!-- This site is optimized with the Yoast SEO plugin v27.4 - https:\/\/yoast.com\/product\/yoast-seo-wordpress\/ -->\n<title>Warsztaty kompostowe - organiczni.eu<\/title>\n<meta name=\"robots\" content=\"index, follow, max-snippet:-1, max-image-preview:large, max-video-preview:-1\" \/>\n<link rel=\"canonical\" href=\"https:\/\/baranowscy.eu\/wordpress\/warsztaty\/warsztaty-kompostowe\/\" \/>\n<meta property=\"og:locale\" content=\"pl_PL\" \/>\n<meta property=\"og:type\" content=\"article\" \/>\n<meta property=\"og:title\" content=\"Warsztaty kompostowe - organiczni.eu\" \/>\n<meta property=\"og:description\" content=\"Jestem zapalon\u0105 mi\u0142o\u015bniczk\u0105 kompostowania, zar\u00f3wno w domu, jak i na dzia\u0142ce. Od kilku sezon\u00f3w pog\u0142\u0119biam swoj\u0105 wiedz\u0119 i umiej\u0119tno\u015bci praktyczne w dziedzinie odpadk\u00f3w organicznych, co&hellip;\" \/>\n<meta property=\"og:url\" content=\"https:\/\/baranowscy.eu\/wordpress\/warsztaty\/warsztaty-kompostowe\/\" \/>\n<meta property=\"og:site_name\" content=\"organiczni.eu\" \/>\n<meta property=\"article:publisher\" content=\"https:\/\/www.facebook.com\/organiczni\/\" \/>\n<meta property=\"article:modified_time\" content=\"2023-05-07T17:14:57+00:00\" \/>\n<meta property=\"og:image\" content=\"https:\/\/baranowscy.eu\/wordpress\/wp-content\/uploads\/2018\/12\/porzadki_w_kompostowniku_2-300x200.jpg\" \/>\n<meta name=\"twitter:card\" content=\"summary_large_image\" \/>\n<meta name=\"twitter:label1\" content=\"Szacowany czas czytania\" \/>\n\t<meta name=\"twitter:data1\" content=\"2 minuty\" \/>\n<script type=\"application\/ld+json\" class=\"yoast-schema-graph\">{\"@context\":\"https:\\\/\\\/schema.org\",\"@graph\":[{\"@type\":\"WebPage\",\"@id\":\"https:\\\/\\\/baranowscy.eu\\\/wordpress\\\/warsztaty\\\/warsztaty-kompostowe\\\/\",\"url\":\"https:\\\/\\\/baranowscy.eu\\\/wordpress\\\/warsztaty\\\/warsztaty-kompostowe\\\/\",\"name\":\"Warsztaty kompostowe - organiczni.eu\",\"isPartOf\":{\"@id\":\"https:\\\/\\\/baranowscy.eu\\\/wordpress\\\/#website\"},\"primaryImageOfPage\":{\"@id\":\"https:\\\/\\\/baranowscy.eu\\\/wordpress\\\/warsztaty\\\/warsztaty-kompostowe\\\/#primaryimage\"},\"image\":{\"@id\":\"https:\\\/\\\/baranowscy.eu\\\/wordpress\\\/warsztaty\\\/warsztaty-kompostowe\\\/#primaryimage\"},\"thumbnailUrl\":\"https:\\\/\\\/baranowscy.eu\\\/wordpress\\\/wp-content\\\/uploads\\\/2018\\\/12\\\/porzadki_w_kompostowniku_2-300x200.jpg\",\"datePublished\":\"2019-02-26T21:16:44+00:00\",\"dateModified\":\"2023-05-07T17:14:57+00:00\",\"breadcrumb\":{\"@id\":\"https:\\\/\\\/baranowscy.eu\\\/wordpress\\\/warsztaty\\\/warsztaty-kompostowe\\\/#breadcrumb\"},\"inLanguage\":\"pl-PL\",\"potentialAction\":[{\"@type\":\"ReadAction\",\"target\":[\"https:\\\/\\\/baranowscy.eu\\\/wordpress\\\/warsztaty\\\/warsztaty-kompostowe\\\/\"]}]},{\"@type\":\"ImageObject\",\"inLanguage\":\"pl-PL\",\"@id\":\"https:\\\/\\\/baranowscy.eu\\\/wordpress\\\/warsztaty\\\/warsztaty-kompostowe\\\/#primaryimage\",\"url\":\"https:\\\/\\\/baranowscy.eu\\\/wordpress\\\/wp-content\\\/uploads\\\/2018\\\/12\\\/porzadki_w_kompostowniku_2.jpg\",\"contentUrl\":\"https:\\\/\\\/baranowscy.eu\\\/wordpress\\\/wp-content\\\/uploads\\\/2018\\\/12\\\/porzadki_w_kompostowniku_2.jpg\",\"width\":1000,\"height\":667,\"caption\":\"G\u00f3rna warstwa naszego kompostownika\"},{\"@type\":\"BreadcrumbList\",\"@id\":\"https:\\\/\\\/baranowscy.eu\\\/wordpress\\\/warsztaty\\\/warsztaty-kompostowe\\\/#breadcrumb\",\"itemListElement\":[{\"@type\":\"ListItem\",\"position\":1,\"name\":\"Strona g\u0142\u00f3wna\",\"item\":\"https:\\\/\\\/baranowscy.eu\\\/wordpress\\\/\"},{\"@type\":\"ListItem\",\"position\":2,\"name\":\"Warsztaty\",\"item\":\"https:\\\/\\\/baranowscy.eu\\\/wordpress\\\/warsztaty\\\/\"},{\"@type\":\"ListItem\",\"position\":3,\"name\":\"Warsztaty kompostowe\"}]},{\"@type\":\"WebSite\",\"@id\":\"https:\\\/\\\/baranowscy.eu\\\/wordpress\\\/#website\",\"url\":\"https:\\\/\\\/baranowscy.eu\\\/wordpress\\\/\",\"name\":\"organiczni.eu\",\"description\":\"Najbardziej wszechstronny blog ekologiczny\",\"publisher\":{\"@id\":\"https:\\\/\\\/baranowscy.eu\\\/wordpress\\\/#organization\"},\"potentialAction\":[{\"@type\":\"SearchAction\",\"target\":{\"@type\":\"EntryPoint\",\"urlTemplate\":\"https:\\\/\\\/baranowscy.eu\\\/wordpress\\\/?s={search_term_string}\"},\"query-input\":{\"@type\":\"PropertyValueSpecification\",\"valueRequired\":true,\"valueName\":\"search_term_string\"}}],\"inLanguage\":\"pl-PL\"},{\"@type\":\"Organization\",\"@id\":\"https:\\\/\\\/baranowscy.eu\\\/wordpress\\\/#organization\",\"name\":\"organiczni.eu\",\"url\":\"https:\\\/\\\/baranowscy.eu\\\/wordpress\\\/\",\"logo\":{\"@type\":\"ImageObject\",\"inLanguage\":\"pl-PL\",\"@id\":\"https:\\\/\\\/baranowscy.eu\\\/wordpress\\\/#\\\/schema\\\/logo\\\/image\\\/\",\"url\":\"https:\\\/\\\/baranowscy.eu\\\/wordpress\\\/wp-content\\\/uploads\\\/2018\\\/01\\\/logo_duze.png\",\"contentUrl\":\"https:\\\/\\\/baranowscy.eu\\\/wordpress\\\/wp-content\\\/uploads\\\/2018\\\/01\\\/logo_duze.png\",\"width\":1398,\"height\":300,\"caption\":\"organiczni.eu\"},\"image\":{\"@id\":\"https:\\\/\\\/baranowscy.eu\\\/wordpress\\\/#\\\/schema\\\/logo\\\/image\\\/\"},\"sameAs\":[\"https:\\\/\\\/www.facebook.com\\\/organiczni\\\/\",\"https:\\\/\\\/www.instagram.com\\\/organiczni.eu\\\/\"]}]}<\/script>\n<!-- \/ Yoast SEO plugin. -->","yoast_head_json":{"title":"Warsztaty kompostowe - organiczni.eu","robots":{"index":"index","follow":"follow","max-snippet":"max-snippet:-1","max-image-preview":"max-image-preview:large","max-video-preview":"max-video-preview:-1"},"canonical":"https:\/\/baranowscy.eu\/wordpress\/warsztaty\/warsztaty-kompostowe\/","og_locale":"pl_PL","og_type":"article","og_title":"Warsztaty kompostowe - organiczni.eu","og_description":"Jestem zapalon\u0105 mi\u0142o\u015bniczk\u0105 kompostowania, zar\u00f3wno w domu, jak i na dzia\u0142ce. Od kilku sezon\u00f3w pog\u0142\u0119biam swoj\u0105 wiedz\u0119 i umiej\u0119tno\u015bci praktyczne w dziedzinie odpadk\u00f3w organicznych, co&hellip;","og_url":"https:\/\/baranowscy.eu\/wordpress\/warsztaty\/warsztaty-kompostowe\/","og_site_name":"organiczni.eu","article_publisher":"https:\/\/www.facebook.com\/organiczni\/","article_modified_time":"2023-05-07T17:14:57+00:00","og_image":[{"url":"https:\/\/baranowscy.eu\/wordpress\/wp-content\/uploads\/2018\/12\/porzadki_w_kompostowniku_2-300x200.jpg","type":"","width":"","height":""}],"twitter_card":"summary_large_image","twitter_misc":{"Szacowany czas czytania":"2 minuty"},"schema":{"@context":"https:\/\/schema.org","@graph":[{"@type":"WebPage","@id":"https:\/\/baranowscy.eu\/wordpress\/warsztaty\/warsztaty-kompostowe\/","url":"https:\/\/baranowscy.eu\/wordpress\/warsztaty\/warsztaty-kompostowe\/","name":"Warsztaty kompostowe - organiczni.eu","isPartOf":{"@id":"https:\/\/baranowscy.eu\/wordpress\/#website"},"primaryImageOfPage":{"@id":"https:\/\/baranowscy.eu\/wordpress\/warsztaty\/warsztaty-kompostowe\/#primaryimage"},"image":{"@id":"https:\/\/baranowscy.eu\/wordpress\/warsztaty\/warsztaty-kompostowe\/#primaryimage"},"thumbnailUrl":"https:\/\/baranowscy.eu\/wordpress\/wp-content\/uploads\/2018\/12\/porzadki_w_kompostowniku_2-300x200.jpg","datePublished":"2019-02-26T21:16:44+00:00","dateModified":"2023-05-07T17:14:57+00:00","breadcrumb":{"@id":"https:\/\/baranowscy.eu\/wordpress\/warsztaty\/warsztaty-kompostowe\/#breadcrumb"},"inLanguage":"pl-PL","potentialAction":[{"@type":"ReadAction","target":["https:\/\/baranowscy.eu\/wordpress\/warsztaty\/warsztaty-kompostowe\/"]}]},{"@type":"ImageObject","inLanguage":"pl-PL","@id":"https:\/\/baranowscy.eu\/wordpress\/warsztaty\/warsztaty-kompostowe\/#primaryimage","url":"https:\/\/baranowscy.eu\/wordpress\/wp-content\/uploads\/2018\/12\/porzadki_w_kompostowniku_2.jpg","contentUrl":"https:\/\/baranowscy.eu\/wordpress\/wp-content\/uploads\/2018\/12\/porzadki_w_kompostowniku_2.jpg","width":1000,"height":667,"caption":"G\u00f3rna warstwa naszego kompostownika"},{"@type":"BreadcrumbList","@id":"https:\/\/baranowscy.eu\/wordpress\/warsztaty\/warsztaty-kompostowe\/#breadcrumb","itemListElement":[{"@type":"ListItem","position":1,"name":"Strona g\u0142\u00f3wna","item":"https:\/\/baranowscy.eu\/wordpress\/"},{"@type":"ListItem","position":2,"name":"Warsztaty","item":"https:\/\/baranowscy.eu\/wordpress\/warsztaty\/"},{"@type":"ListItem","position":3,"name":"Warsztaty kompostowe"}]},{"@type":"WebSite","@id":"https:\/\/baranowscy.eu\/wordpress\/#website","url":"https:\/\/baranowscy.eu\/wordpress\/","name":"organiczni.eu","description":"Najbardziej wszechstronny blog ekologiczny","publisher":{"@id":"https:\/\/baranowscy.eu\/wordpress\/#organization"},"potentialAction":[{"@type":"SearchAction","target":{"@type":"EntryPoint","urlTemplate":"https:\/\/baranowscy.eu\/wordpress\/?s={search_term_string}"},"query-input":{"@type":"PropertyValueSpecification","valueRequired":true,"valueName":"search_term_string"}}],"inLanguage":"pl-PL"},{"@type":"Organization","@id":"https:\/\/baranowscy.eu\/wordpress\/#organization","name":"organiczni.eu","url":"https:\/\/baranowscy.eu\/wordpress\/","logo":{"@type":"ImageObject","inLanguage":"pl-PL","@id":"https:\/\/baranowscy.eu\/wordpress\/#\/schema\/logo\/image\/","url":"https:\/\/baranowscy.eu\/wordpress\/wp-content\/uploads\/2018\/01\/logo_duze.png","contentUrl":"https:\/\/baranowscy.eu\/wordpress\/wp-content\/uploads\/2018\/01\/logo_duze.png","width":1398,"height":300,"caption":"organiczni.eu"},"image":{"@id":"https:\/\/baranowscy.eu\/wordpress\/#\/schema\/logo\/image\/"},"sameAs":["https:\/\/www.facebook.com\/organiczni\/","https:\/\/www.instagram.com\/organiczni.eu\/"]}]}},"jetpack_sharing_enabled":true,"_links":{"self":[{"href":"https:\/\/baranowscy.eu\/wordpress\/wp-json\/wp\/v2\/pages\/9024","targetHints":{"allow":["GET"]}}],"collection":[{"href":"https:\/\/baranowscy.eu\/wordpress\/wp-json\/wp\/v2\/pages"}],"about":[{"href":"https:\/\/baranowscy.eu\/wordpress\/wp-json\/wp\/v2\/types\/page"}],"author":[{"embeddable":true,"href":"https:\/\/baranowscy.eu\/wordpress\/wp-json\/wp\/v2\/users\/1"}],"replies":[{"embeddable":true,"href":"https:\/\/baranowscy.eu\/wordpress\/wp-json\/wp\/v2\/comments?post=9024"}],"version-history":[{"count":14,"href":"https:\/\/baranowscy.eu\/wordpress\/wp-json\/wp\/v2\/pages\/9024\/revisions"}],"predecessor-version":[{"id":13239,"href":"https:\/\/baranowscy.eu\/wordpress\/wp-json\/wp\/v2\/pages\/9024\/revisions\/13239"}],"up":[{"embeddable":true,"href":"https:\/\/baranowscy.eu\/wordpress\/wp-json\/wp\/v2\/pages\/8561"}],"wp:attachment":[{"href":"https:\/\/baranowscy.eu\/wordpress\/wp-json\/wp\/v2\/media?parent=9024"}],"curies":[{"name":"wp","href":"https:\/\/api.w.org\/{rel}","templated":true}]}}