{"id":8601,"date":"2018-10-21T22:36:21","date_gmt":"2018-10-21T20:36:21","guid":{"rendered":"http:\/\/baranowscy.eu\/wordpress\/?page_id=8601"},"modified":"2020-10-02T07:09:45","modified_gmt":"2020-10-02T05:09:45","slug":"warsztaty-mydlane","status":"publish","type":"page","link":"https:\/\/baranowscy.eu\/wordpress\/warsztaty\/warsztaty-mydlane\/","title":{"rendered":"Warsztaty mydlane"},"content":{"rendered":"<figure id=\"attachment_8701\" aria-describedby=\"caption-attachment-8701\" style=\"width: 300px\" class=\"wp-caption alignright\"><img loading=\"lazy\" decoding=\"async\" class=\"size-medium wp-image-8701\" src=\"https:\/\/baranowscy.eu\/wordpress\/wp-content\/uploads\/2018\/11\/warsztaty_mydlane_1-300x200.jpg\" alt=\"Warsztaty mydlane\" width=\"300\" height=\"200\" srcset=\"https:\/\/baranowscy.eu\/wordpress\/wp-content\/uploads\/2018\/11\/warsztaty_mydlane_1-300x200.jpg 300w, https:\/\/baranowscy.eu\/wordpress\/wp-content\/uploads\/2018\/11\/warsztaty_mydlane_1-600x400.jpg 600w, https:\/\/baranowscy.eu\/wordpress\/wp-content\/uploads\/2018\/11\/warsztaty_mydlane_1-768x512.jpg 768w, https:\/\/baranowscy.eu\/wordpress\/wp-content\/uploads\/2018\/11\/warsztaty_mydlane_1-560x374.jpg 560w, https:\/\/baranowscy.eu\/wordpress\/wp-content\/uploads\/2018\/11\/warsztaty_mydlane_1.jpg 1000w\" sizes=\"auto, (max-width: 300px) 100vw, 300px\" \/><figcaption id=\"caption-attachment-8701\" class=\"wp-caption-text\">Warsztaty mydlane<\/figcaption><\/figure>\n<p><strong>Warsztaty mydlane prowadz\u0119 od 2017 roku. Z ka\u017cdym nowym spotkaniem doskonal\u0119 swoje umiej\u0119tno\u015bci i pog\u0142\u0119biam wiedz\u0119 o tym, jak dobra\u0107 sk\u0142adniki, \u017ceby otrzyma\u0107 myd\u0142o o oczekiwanych w\u0142a\u015bciwo\u015bciach.<\/strong><\/p>\n<p>Pocz\u0105tkowo by\u0142y to spotkania towarzyskie w gronie os\u00f3b, kt\u00f3re chcia\u0142y razem ze mn\u0105 udoskonali\u0107 lub pozna\u0107 tajniki przygotowywania myd\u0142a. Spotyka\u0142y\u015bmy si\u0119 (same kobiety) w biela\u0144skim MAL-u <strong>&gt;&gt; <a href=\"https:\/\/bok-samogloska.eu\/\" target=\"_blank\" rel=\"noopener noreferrer\">Samog\u0142oska<\/a><\/strong>, gdzie mog\u0142y\u015bmy korzysta\u0107 z kuchni, naczy\u0144, sk\u0142adnik\u00f3w.<\/p>\n<p>Cz\u0119\u015b\u0107 wyposa\u017cenia zapewnia\u0142am ja, cz\u0119\u015b\u0107 &#8211; uczestniczki. <strong>Dzi\u015b mam ju\u017c opanowany zestaw minimum: co jest potrzebne, aby w czasie dw\u00f3ch godzin, w grupie do 12 os\u00f3b przygotowa\u0107 dwa rodzaje myde\u0142.<\/strong> Mam te\u017c kilka sprawdzonych receptur, kt\u00f3re wymy\u015bla\u0142am sama: na bazie olej\u00f3w, kt\u00f3re akurat mia\u0142am w domu, lub zupe\u0142nie od nowa.<\/p>\n<p><strong>Mydlenie mo\u017ce wydawa\u0107 si\u0119 trudne<\/strong> ze wzgl\u0119du na u\u017cycie silnie zasadowego wodorotlenku sodu, jednak dzi\u0119ki odpowiedniej ochronie (okulary, r\u0119kawiczki) i do\u015bwiadczeniu nie zdarzy\u0142o si\u0119 dot\u0105d, aby ktokolwiek ucierpia\u0142 podczas warsztat\u00f3w.<\/p>\n<figure id=\"attachment_8702\" aria-describedby=\"caption-attachment-8702\" style=\"width: 300px\" class=\"wp-caption alignright\"><img loading=\"lazy\" decoding=\"async\" class=\"size-medium wp-image-8702\" src=\"https:\/\/baranowscy.eu\/wordpress\/wp-content\/uploads\/2018\/11\/warsztaty_mydlane_2-300x200.jpg\" alt=\"Warsztaty mydlane\" width=\"300\" height=\"200\" srcset=\"https:\/\/baranowscy.eu\/wordpress\/wp-content\/uploads\/2018\/11\/warsztaty_mydlane_2-300x200.jpg 300w, https:\/\/baranowscy.eu\/wordpress\/wp-content\/uploads\/2018\/11\/warsztaty_mydlane_2-600x400.jpg 600w, https:\/\/baranowscy.eu\/wordpress\/wp-content\/uploads\/2018\/11\/warsztaty_mydlane_2-768x512.jpg 768w, https:\/\/baranowscy.eu\/wordpress\/wp-content\/uploads\/2018\/11\/warsztaty_mydlane_2-560x374.jpg 560w, https:\/\/baranowscy.eu\/wordpress\/wp-content\/uploads\/2018\/11\/warsztaty_mydlane_2.jpg 1000w\" sizes=\"auto, (max-width: 300px) 100vw, 300px\" \/><figcaption id=\"caption-attachment-8702\" class=\"wp-caption-text\">Warsztaty mydlane<\/figcaption><\/figure>\n<p><strong>Nie trzeba ba\u0107 si\u0119 kontaktu z silnie dzia\u0142aj\u0105cymi substancjami, ale je\u015bli macie opory, pami\u0119tajcie, \u017ce nikt nigdy nie jest zmuszany do wykonywania czynno\u015bci, na jak\u0105 nie ma ochoty.<\/strong><\/p>\n<p><strong>Moje przyk\u0142adowe myd\u0142a: <\/strong><\/p>\n<ul>\n<li><strong>&gt;&gt; <a href=\"https:\/\/baranowscy.eu\/wordpress\/mydla-do-wlosow-w-kostce-receptury-i-dodatki-indus-valley\/\" target=\"_blank\" rel=\"noopener noreferrer\">myd\u0142a do w\u0142os\u00f3w<\/a>, <\/strong><\/li>\n<li><strong>&gt;&gt; <a href=\"https:\/\/baranowscy.eu\/wordpress\/moje-supermydlo-lawendowe\/\" target=\"_blank\" rel=\"noopener noreferrer\">supermyd\u0142o lawendowe<\/a>, <\/strong><\/li>\n<li><strong>&gt;&gt; <a href=\"https:\/\/baranowscy.eu\/wordpress\/jak-zrobic-dwukolorowe-mydlo\/\" target=\"_blank\" rel=\"noopener noreferrer\">myd\u0142o dwukolorowe<\/a>.<\/strong><\/li>\n<\/ul>\n<h2>Warsztaty mydlane &#8211; oferta<\/h2>\n<figure id=\"attachment_8703\" aria-describedby=\"caption-attachment-8703\" style=\"width: 300px\" class=\"wp-caption alignright\"><img loading=\"lazy\" decoding=\"async\" class=\"size-medium wp-image-8703\" src=\"https:\/\/baranowscy.eu\/wordpress\/wp-content\/uploads\/2018\/11\/warsztaty_mydla-300x200.jpg\" alt=\"Jedne z moich pierwszych myde\u0142\" width=\"300\" height=\"200\" srcset=\"https:\/\/baranowscy.eu\/wordpress\/wp-content\/uploads\/2018\/11\/warsztaty_mydla-300x200.jpg 300w, https:\/\/baranowscy.eu\/wordpress\/wp-content\/uploads\/2018\/11\/warsztaty_mydla-600x400.jpg 600w, https:\/\/baranowscy.eu\/wordpress\/wp-content\/uploads\/2018\/11\/warsztaty_mydla-768x512.jpg 768w, https:\/\/baranowscy.eu\/wordpress\/wp-content\/uploads\/2018\/11\/warsztaty_mydla-560x374.jpg 560w, https:\/\/baranowscy.eu\/wordpress\/wp-content\/uploads\/2018\/11\/warsztaty_mydla.jpg 1000w\" sizes=\"auto, (max-width: 300px) 100vw, 300px\" \/><figcaption id=\"caption-attachment-8703\" class=\"wp-caption-text\">Jedne z moich pierwszych myde\u0142<\/figcaption><\/figure>\n<p><strong>Je\u015bli chcecie zorganizowa\u0107 ze mn\u0105 warsztaty mydlane, napiszcie do mnie: organiczni (ma\u0142pa) baranowscy.eu.<\/strong><\/p>\n<p>Koszt materia\u0142\u00f3w dla grupy 12-osobowej to zwykle 250-300 z\u0142, w zale\u017cno\u015bci od potrzeb. Do tego dochodzi moje wynagrodzenie, ustalane indywidualnie, zale\u017cne m.in. od tego, gdzie odb\u0119d\u0105 si\u0119 zaj\u0119cia i ile maj\u0105 potrwa\u0107.<\/p>\n<p><strong>Mog\u0119 przyjecha\u0107 do Waszego MAL-u, o\u015brodka kultury, szko\u0142y w dowolne miejsce w Polsce.<\/strong><\/p>\n<p>Wystawiam faktur\u0119 nievatowsk\u0105.<\/p>\n<h3>Jakie warunki musz\u0105 spe\u0142ni\u0107 uczestnicy, aby wzi\u0105\u0107 udzia\u0142 w warsztatach?<\/h3>\n<figure id=\"attachment_8615\" aria-describedby=\"caption-attachment-8615\" style=\"width: 300px\" class=\"wp-caption alignright\"><img loading=\"lazy\" decoding=\"async\" class=\"size-medium wp-image-8615\" src=\"https:\/\/baranowscy.eu\/wordpress\/wp-content\/uploads\/2018\/10\/dwukolorowe_mydlo_2-300x200.jpg\" alt=\"Dwukolorowe myd\u0142o z kakao\" width=\"300\" height=\"200\" srcset=\"https:\/\/baranowscy.eu\/wordpress\/wp-content\/uploads\/2018\/10\/dwukolorowe_mydlo_2-300x200.jpg 300w, https:\/\/baranowscy.eu\/wordpress\/wp-content\/uploads\/2018\/10\/dwukolorowe_mydlo_2-600x400.jpg 600w, https:\/\/baranowscy.eu\/wordpress\/wp-content\/uploads\/2018\/10\/dwukolorowe_mydlo_2-768x512.jpg 768w, https:\/\/baranowscy.eu\/wordpress\/wp-content\/uploads\/2018\/10\/dwukolorowe_mydlo_2-560x374.jpg 560w, https:\/\/baranowscy.eu\/wordpress\/wp-content\/uploads\/2018\/10\/dwukolorowe_mydlo_2.jpg 1000w\" sizes=\"auto, (max-width: 300px) 100vw, 300px\" \/><figcaption id=\"caption-attachment-8615\" class=\"wp-caption-text\">Dwukolorowe myd\u0142o z kakao<\/figcaption><\/figure>\n<p>Uczestnicy musz\u0105 by\u0107 doro\u015bli i samodzielni. Osoby z niepe\u0142nosprawno\u015bciami proszone s\u0105 o kontakt indywidualny, aby ustali\u0107, czy podo\u0142aj\u0105 udzia\u0142owi w warsztatach.<\/p>\n<p><strong>Podczas warsztat\u00f3w nie mog\u0105 by\u0107 obecne dzieci i zwierz\u0119ta.<\/strong><\/p>\n<h3>Gdzie mog\u0105 odby\u0107 si\u0119 warsztaty mydlane?<\/h3>\n<figure id=\"attachment_8227\" aria-describedby=\"caption-attachment-8227\" style=\"width: 300px\" class=\"wp-caption alignright\"><img loading=\"lazy\" decoding=\"async\" class=\"size-medium wp-image-8227\" src=\"https:\/\/baranowscy.eu\/wordpress\/wp-content\/uploads\/2018\/06\/mydla_do_wlosow-300x200.jpg\" alt=\"Myd\u0142a do w\u0142os\u00f3w dwa dni po zrobieniu\" width=\"300\" height=\"200\" srcset=\"https:\/\/baranowscy.eu\/wordpress\/wp-content\/uploads\/2018\/06\/mydla_do_wlosow-300x200.jpg 300w, https:\/\/baranowscy.eu\/wordpress\/wp-content\/uploads\/2018\/06\/mydla_do_wlosow-600x400.jpg 600w, https:\/\/baranowscy.eu\/wordpress\/wp-content\/uploads\/2018\/06\/mydla_do_wlosow-768x512.jpg 768w, https:\/\/baranowscy.eu\/wordpress\/wp-content\/uploads\/2018\/06\/mydla_do_wlosow-560x374.jpg 560w, https:\/\/baranowscy.eu\/wordpress\/wp-content\/uploads\/2018\/06\/mydla_do_wlosow.jpg 1000w\" sizes=\"auto, (max-width: 300px) 100vw, 300px\" \/><figcaption id=\"caption-attachment-8227\" class=\"wp-caption-text\">Myd\u0142a do w\u0142os\u00f3w dwa dni po zrobieniu<\/figcaption><\/figure>\n<p><strong>Warunkiem jest dost\u0119p do kuchenki (dowolnego rodzaju) oraz zlewu lub umywalki.<\/strong> Dobrze, aby pomieszczenie mia\u0142o \u0142atw\u0105 mo\u017cliwo\u015b\u0107 wietrzenia. Mi\u0142o, je\u015bli mog\u0119 skorzysta\u0107 miejscowego z blendera i garnk\u00f3w.<\/p>\n<p>Przydatny jest tak\u017ce st\u00f3\u0142, cho\u0107 w domu robi\u0119 myd\u0142o na pod\u0142odze, bo tak jest mi wygodniej. Na warsztatach zwykle u\u017cywamy sto\u0142u i krzese\u0142.<\/p>\n<h3>Jaki jest przebieg warsztat\u00f3w?<\/h3>\n<figure id=\"attachment_8499\" aria-describedby=\"caption-attachment-8499\" style=\"width: 300px\" class=\"wp-caption alignright\"><img loading=\"lazy\" decoding=\"async\" class=\"size-medium wp-image-8499\" src=\"https:\/\/baranowscy.eu\/wordpress\/wp-content\/uploads\/2018\/09\/supermydlo_1-300x200.jpg\" alt=\"Zatopione kwiatki lawendy wygl\u0105daj\u0105 jak owady w bursztynie!\" width=\"300\" height=\"200\" srcset=\"https:\/\/baranowscy.eu\/wordpress\/wp-content\/uploads\/2018\/09\/supermydlo_1-300x200.jpg 300w, https:\/\/baranowscy.eu\/wordpress\/wp-content\/uploads\/2018\/09\/supermydlo_1-600x400.jpg 600w, https:\/\/baranowscy.eu\/wordpress\/wp-content\/uploads\/2018\/09\/supermydlo_1-768x512.jpg 768w, https:\/\/baranowscy.eu\/wordpress\/wp-content\/uploads\/2018\/09\/supermydlo_1-560x374.jpg 560w, https:\/\/baranowscy.eu\/wordpress\/wp-content\/uploads\/2018\/09\/supermydlo_1.jpg 1000w\" sizes=\"auto, (max-width: 300px) 100vw, 300px\" \/><figcaption id=\"caption-attachment-8499\" class=\"wp-caption-text\">Zatopione kwiatki lawendy wygl\u0105daj\u0105 jak owady w bursztynie!<\/figcaption><\/figure>\n<p><strong>Warsztaty dziel\u0119 na trzy cz\u0119\u015bci:<\/strong><\/p>\n<p><strong>1. Cz\u0119\u015b\u0107 teoretyczna.<\/strong> Poznajemy si\u0119, opowiadamy o swoich do\u015bwiadczeniach mydlarskch, sprawdzam, czy w\u015br\u00f3d uczestniczek i uczestnik\u00f3w s\u0105 osoby znaj\u0105ce temat oraz kto jest zupe\u0142nie zielony.<\/p>\n<p>Opowiadam o zasadach bezpiecze\u0144stwa, mo\u017cliwych zagro\u017ceniach oraz przebiegu procesu mydlenia. Przygotowujemy st\u00f3\u0142, ustalamy kolejno\u015b\u0107 dzia\u0142a\u0144.<\/p>\n<p><strong>2. Cz\u0119\u015b\u0107 praktyczna.<\/strong> Dzielimy si\u0119 na dwie grupy, ka\u017cda grupa przygotowuje z moj\u0105 pomoc\u0105 jedn\u0105 receptur\u0119. W zale\u017cno\u015bci od miejsca, wyposa\u017cenia i czasu robimy dwa myd\u0142a jednocze\u015bnie lub jedno po drugim.<\/p>\n<p>Mas\u0119 mydlan\u0105 przelewamy do foremek przygotowanych przez uczestniczki i uczestnik\u00f3w. Foremki zabieramy do domu i odpowiednio post\u0119pujemy z ich zawarto\u015bci\u0105. Myd\u0142a musz\u0105 le\u017cakowa\u0107 oko\u0142o miesi\u0105ca.<\/p>\n<figure id=\"attachment_8611\" aria-describedby=\"caption-attachment-8611\" style=\"width: 300px\" class=\"wp-caption alignright\"><img loading=\"lazy\" decoding=\"async\" class=\"size-medium wp-image-8611\" src=\"https:\/\/baranowscy.eu\/wordpress\/wp-content\/uploads\/2018\/10\/warsztaty_mydlarskie_1-300x200.jpg\" alt=\"Warsztaty mydlarskie\" width=\"300\" height=\"200\" srcset=\"https:\/\/baranowscy.eu\/wordpress\/wp-content\/uploads\/2018\/10\/warsztaty_mydlarskie_1-300x200.jpg 300w, https:\/\/baranowscy.eu\/wordpress\/wp-content\/uploads\/2018\/10\/warsztaty_mydlarskie_1-600x400.jpg 600w, https:\/\/baranowscy.eu\/wordpress\/wp-content\/uploads\/2018\/10\/warsztaty_mydlarskie_1-768x511.jpg 768w, https:\/\/baranowscy.eu\/wordpress\/wp-content\/uploads\/2018\/10\/warsztaty_mydlarskie_1-560x373.jpg 560w, https:\/\/baranowscy.eu\/wordpress\/wp-content\/uploads\/2018\/10\/warsztaty_mydlarskie_1.jpg 1000w\" sizes=\"auto, (max-width: 300px) 100vw, 300px\" \/><figcaption id=\"caption-attachment-8611\" class=\"wp-caption-text\">Warsztaty mydlane<\/figcaption><\/figure>\n<p><strong>3. Cz\u0119\u015b\u0107 higieniczna.<\/strong> Sprz\u0105tamy po sobie. Usuwamy \u015blady masy mydlanej z miejsc, gdzie nie powinna si\u0119 znale\u017a\u0107, zmywamy naczynia, ogarniamy miejsce warsztat\u00f3w. <strong>Jest tak\u017ce czas na rozmowy i pytania.<\/strong><\/p>\n<p><strong>Serdecznie zapraszam wszystkie ch\u0119tne instytucje do kontaktu!<\/strong><\/p>\n<p>Organizacje i miejsca, dla kt\u00f3rych prowadz\u0119 warsztaty :<\/p>\n<ul>\n<li><strong><a href=\"https:\/\/bok-samogloska.eu\/\" target=\"_blank\" rel=\"noopener noreferrer\">MAL Samog\u0142oska,<\/a><\/strong><\/li>\n<li><a href=\"http:\/\/www.dobrze.waw.pl\" target=\"_blank\" rel=\"noopener noreferrer\">Kooperatywa Dobrze<\/a>,<\/li>\n<li><a href=\"https:\/\/www.facebook.com\/koalicjapuszczy\/\" target=\"_blank\" rel=\"noopener noreferrer\">Koalicja Mieszka\u0144c\u00f3w Puszczy<\/a>,<\/li>\n<li><a href=\"http:\/\/www.tropinka.org\/\" target=\"_blank\" rel=\"noopener noreferrer\">Topinka &#8211; Stowarzyszenie na rzecz Dialogu<\/a> (warsztaty w ramach Zielonego Listopada),<\/li>\n<li>Greenpeace Polska (Make Sth Weekend).<\/li>\n<\/ul>\n<p>&nbsp;<\/p>\n","protected":false},"excerpt":{"rendered":"<p>Warsztaty mydlane prowadz\u0119 od 2017 roku. Z ka\u017cdym nowym spotkaniem doskonal\u0119 swoje umiej\u0119tno\u015bci i pog\u0142\u0119biam wiedz\u0119 o tym, jak dobra\u0107 sk\u0142adniki, \u017ceby otrzyma\u0107 myd\u0142o o&hellip;<\/p>\n","protected":false},"author":1,"featured_media":0,"parent":8561,"menu_order":0,"comment_status":"open","ping_status":"closed","template":"","meta":{"footnotes":""},"class_list":["post-8601","page","type-page","status-publish","hentry"],"yoast_head":"<!-- This site is optimized with the Yoast SEO plugin v27.4 - https:\/\/yoast.com\/product\/yoast-seo-wordpress\/ -->\n<title>Warsztaty mydlane | organiczni.eu<\/title>\n<meta name=\"description\" content=\"Warsztaty mydlane prowadz\u0119 od 2017 roku. Z ka\u017cdym nowym spotkaniem doskonal\u0119 swoje umiej\u0119tno\u015bci i pog\u0142\u0119biam wiedz\u0119 o tym, jak dobra\u0107 sk\u0142adniki, \u017ceby\" \/>\n<meta name=\"robots\" content=\"index, follow, max-snippet:-1, max-image-preview:large, max-video-preview:-1\" \/>\n<link rel=\"canonical\" href=\"https:\/\/baranowscy.eu\/wordpress\/warsztaty\/warsztaty-mydlane\/\" \/>\n<meta property=\"og:locale\" content=\"pl_PL\" \/>\n<meta property=\"og:type\" content=\"article\" \/>\n<meta property=\"og:title\" content=\"Warsztaty mydlane | organiczni.eu\" \/>\n<meta property=\"og:description\" content=\"Warsztaty mydlane prowadz\u0119 od 2017 roku. Z ka\u017cdym nowym spotkaniem doskonal\u0119 swoje umiej\u0119tno\u015bci i pog\u0142\u0119biam wiedz\u0119 o tym, jak dobra\u0107 sk\u0142adniki, \u017ceby\" \/>\n<meta property=\"og:url\" content=\"https:\/\/baranowscy.eu\/wordpress\/warsztaty\/warsztaty-mydlane\/\" \/>\n<meta property=\"og:site_name\" content=\"organiczni.eu\" \/>\n<meta property=\"article:publisher\" content=\"https:\/\/www.facebook.com\/organiczni\/\" \/>\n<meta property=\"article:modified_time\" content=\"2020-10-02T05:09:45+00:00\" \/>\n<meta property=\"og:image\" content=\"https:\/\/baranowscy.eu\/wordpress\/wp-content\/uploads\/2018\/11\/warsztaty_mydlane_1-300x200.jpg\" \/>\n<meta name=\"twitter:card\" content=\"summary_large_image\" \/>\n<meta name=\"twitter:label1\" content=\"Szacowany czas czytania\" \/>\n\t<meta name=\"twitter:data1\" content=\"4 minuty\" \/>\n<script type=\"application\/ld+json\" class=\"yoast-schema-graph\">{\"@context\":\"https:\\\/\\\/schema.org\",\"@graph\":[{\"@type\":\"WebPage\",\"@id\":\"https:\\\/\\\/baranowscy.eu\\\/wordpress\\\/warsztaty\\\/warsztaty-mydlane\\\/\",\"url\":\"https:\\\/\\\/baranowscy.eu\\\/wordpress\\\/warsztaty\\\/warsztaty-mydlane\\\/\",\"name\":\"Warsztaty mydlane | organiczni.eu\",\"isPartOf\":{\"@id\":\"https:\\\/\\\/baranowscy.eu\\\/wordpress\\\/#website\"},\"primaryImageOfPage\":{\"@id\":\"https:\\\/\\\/baranowscy.eu\\\/wordpress\\\/warsztaty\\\/warsztaty-mydlane\\\/#primaryimage\"},\"image\":{\"@id\":\"https:\\\/\\\/baranowscy.eu\\\/wordpress\\\/warsztaty\\\/warsztaty-mydlane\\\/#primaryimage\"},\"thumbnailUrl\":\"https:\\\/\\\/baranowscy.eu\\\/wordpress\\\/wp-content\\\/uploads\\\/2018\\\/11\\\/warsztaty_mydlane_1-300x200.jpg\",\"datePublished\":\"2018-10-21T20:36:21+00:00\",\"dateModified\":\"2020-10-02T05:09:45+00:00\",\"description\":\"Warsztaty mydlane prowadz\u0119 od 2017 roku. Z ka\u017cdym nowym spotkaniem doskonal\u0119 swoje umiej\u0119tno\u015bci i pog\u0142\u0119biam wiedz\u0119 o tym, jak dobra\u0107 sk\u0142adniki, \u017ceby\",\"breadcrumb\":{\"@id\":\"https:\\\/\\\/baranowscy.eu\\\/wordpress\\\/warsztaty\\\/warsztaty-mydlane\\\/#breadcrumb\"},\"inLanguage\":\"pl-PL\",\"potentialAction\":[{\"@type\":\"ReadAction\",\"target\":[\"https:\\\/\\\/baranowscy.eu\\\/wordpress\\\/warsztaty\\\/warsztaty-mydlane\\\/\"]}]},{\"@type\":\"ImageObject\",\"inLanguage\":\"pl-PL\",\"@id\":\"https:\\\/\\\/baranowscy.eu\\\/wordpress\\\/warsztaty\\\/warsztaty-mydlane\\\/#primaryimage\",\"url\":\"https:\\\/\\\/baranowscy.eu\\\/wordpress\\\/wp-content\\\/uploads\\\/2018\\\/11\\\/warsztaty_mydlane_1.jpg\",\"contentUrl\":\"https:\\\/\\\/baranowscy.eu\\\/wordpress\\\/wp-content\\\/uploads\\\/2018\\\/11\\\/warsztaty_mydlane_1.jpg\",\"width\":1000,\"height\":667,\"caption\":\"Warsztaty mydlane\"},{\"@type\":\"BreadcrumbList\",\"@id\":\"https:\\\/\\\/baranowscy.eu\\\/wordpress\\\/warsztaty\\\/warsztaty-mydlane\\\/#breadcrumb\",\"itemListElement\":[{\"@type\":\"ListItem\",\"position\":1,\"name\":\"Strona g\u0142\u00f3wna\",\"item\":\"https:\\\/\\\/baranowscy.eu\\\/wordpress\\\/\"},{\"@type\":\"ListItem\",\"position\":2,\"name\":\"Warsztaty\",\"item\":\"https:\\\/\\\/baranowscy.eu\\\/wordpress\\\/warsztaty\\\/\"},{\"@type\":\"ListItem\",\"position\":3,\"name\":\"Warsztaty mydlane\"}]},{\"@type\":\"WebSite\",\"@id\":\"https:\\\/\\\/baranowscy.eu\\\/wordpress\\\/#website\",\"url\":\"https:\\\/\\\/baranowscy.eu\\\/wordpress\\\/\",\"name\":\"organiczni.eu\",\"description\":\"Najbardziej wszechstronny blog ekologiczny\",\"publisher\":{\"@id\":\"https:\\\/\\\/baranowscy.eu\\\/wordpress\\\/#organization\"},\"potentialAction\":[{\"@type\":\"SearchAction\",\"target\":{\"@type\":\"EntryPoint\",\"urlTemplate\":\"https:\\\/\\\/baranowscy.eu\\\/wordpress\\\/?s={search_term_string}\"},\"query-input\":{\"@type\":\"PropertyValueSpecification\",\"valueRequired\":true,\"valueName\":\"search_term_string\"}}],\"inLanguage\":\"pl-PL\"},{\"@type\":\"Organization\",\"@id\":\"https:\\\/\\\/baranowscy.eu\\\/wordpress\\\/#organization\",\"name\":\"organiczni.eu\",\"url\":\"https:\\\/\\\/baranowscy.eu\\\/wordpress\\\/\",\"logo\":{\"@type\":\"ImageObject\",\"inLanguage\":\"pl-PL\",\"@id\":\"https:\\\/\\\/baranowscy.eu\\\/wordpress\\\/#\\\/schema\\\/logo\\\/image\\\/\",\"url\":\"https:\\\/\\\/baranowscy.eu\\\/wordpress\\\/wp-content\\\/uploads\\\/2018\\\/01\\\/logo_duze.png\",\"contentUrl\":\"https:\\\/\\\/baranowscy.eu\\\/wordpress\\\/wp-content\\\/uploads\\\/2018\\\/01\\\/logo_duze.png\",\"width\":1398,\"height\":300,\"caption\":\"organiczni.eu\"},\"image\":{\"@id\":\"https:\\\/\\\/baranowscy.eu\\\/wordpress\\\/#\\\/schema\\\/logo\\\/image\\\/\"},\"sameAs\":[\"https:\\\/\\\/www.facebook.com\\\/organiczni\\\/\",\"https:\\\/\\\/www.instagram.com\\\/organiczni.eu\\\/\"]}]}<\/script>\n<!-- \/ Yoast SEO plugin. -->","yoast_head_json":{"title":"Warsztaty mydlane | organiczni.eu","description":"Warsztaty mydlane prowadz\u0119 od 2017 roku. Z ka\u017cdym nowym spotkaniem doskonal\u0119 swoje umiej\u0119tno\u015bci i pog\u0142\u0119biam wiedz\u0119 o tym, jak dobra\u0107 sk\u0142adniki, \u017ceby","robots":{"index":"index","follow":"follow","max-snippet":"max-snippet:-1","max-image-preview":"max-image-preview:large","max-video-preview":"max-video-preview:-1"},"canonical":"https:\/\/baranowscy.eu\/wordpress\/warsztaty\/warsztaty-mydlane\/","og_locale":"pl_PL","og_type":"article","og_title":"Warsztaty mydlane | organiczni.eu","og_description":"Warsztaty mydlane prowadz\u0119 od 2017 roku. Z ka\u017cdym nowym spotkaniem doskonal\u0119 swoje umiej\u0119tno\u015bci i pog\u0142\u0119biam wiedz\u0119 o tym, jak dobra\u0107 sk\u0142adniki, \u017ceby","og_url":"https:\/\/baranowscy.eu\/wordpress\/warsztaty\/warsztaty-mydlane\/","og_site_name":"organiczni.eu","article_publisher":"https:\/\/www.facebook.com\/organiczni\/","article_modified_time":"2020-10-02T05:09:45+00:00","og_image":[{"url":"https:\/\/baranowscy.eu\/wordpress\/wp-content\/uploads\/2018\/11\/warsztaty_mydlane_1-300x200.jpg","type":"","width":"","height":""}],"twitter_card":"summary_large_image","twitter_misc":{"Szacowany czas czytania":"4 minuty"},"schema":{"@context":"https:\/\/schema.org","@graph":[{"@type":"WebPage","@id":"https:\/\/baranowscy.eu\/wordpress\/warsztaty\/warsztaty-mydlane\/","url":"https:\/\/baranowscy.eu\/wordpress\/warsztaty\/warsztaty-mydlane\/","name":"Warsztaty mydlane | organiczni.eu","isPartOf":{"@id":"https:\/\/baranowscy.eu\/wordpress\/#website"},"primaryImageOfPage":{"@id":"https:\/\/baranowscy.eu\/wordpress\/warsztaty\/warsztaty-mydlane\/#primaryimage"},"image":{"@id":"https:\/\/baranowscy.eu\/wordpress\/warsztaty\/warsztaty-mydlane\/#primaryimage"},"thumbnailUrl":"https:\/\/baranowscy.eu\/wordpress\/wp-content\/uploads\/2018\/11\/warsztaty_mydlane_1-300x200.jpg","datePublished":"2018-10-21T20:36:21+00:00","dateModified":"2020-10-02T05:09:45+00:00","description":"Warsztaty mydlane prowadz\u0119 od 2017 roku. Z ka\u017cdym nowym spotkaniem doskonal\u0119 swoje umiej\u0119tno\u015bci i pog\u0142\u0119biam wiedz\u0119 o tym, jak dobra\u0107 sk\u0142adniki, \u017ceby","breadcrumb":{"@id":"https:\/\/baranowscy.eu\/wordpress\/warsztaty\/warsztaty-mydlane\/#breadcrumb"},"inLanguage":"pl-PL","potentialAction":[{"@type":"ReadAction","target":["https:\/\/baranowscy.eu\/wordpress\/warsztaty\/warsztaty-mydlane\/"]}]},{"@type":"ImageObject","inLanguage":"pl-PL","@id":"https:\/\/baranowscy.eu\/wordpress\/warsztaty\/warsztaty-mydlane\/#primaryimage","url":"https:\/\/baranowscy.eu\/wordpress\/wp-content\/uploads\/2018\/11\/warsztaty_mydlane_1.jpg","contentUrl":"https:\/\/baranowscy.eu\/wordpress\/wp-content\/uploads\/2018\/11\/warsztaty_mydlane_1.jpg","width":1000,"height":667,"caption":"Warsztaty mydlane"},{"@type":"BreadcrumbList","@id":"https:\/\/baranowscy.eu\/wordpress\/warsztaty\/warsztaty-mydlane\/#breadcrumb","itemListElement":[{"@type":"ListItem","position":1,"name":"Strona g\u0142\u00f3wna","item":"https:\/\/baranowscy.eu\/wordpress\/"},{"@type":"ListItem","position":2,"name":"Warsztaty","item":"https:\/\/baranowscy.eu\/wordpress\/warsztaty\/"},{"@type":"ListItem","position":3,"name":"Warsztaty mydlane"}]},{"@type":"WebSite","@id":"https:\/\/baranowscy.eu\/wordpress\/#website","url":"https:\/\/baranowscy.eu\/wordpress\/","name":"organiczni.eu","description":"Najbardziej wszechstronny blog ekologiczny","publisher":{"@id":"https:\/\/baranowscy.eu\/wordpress\/#organization"},"potentialAction":[{"@type":"SearchAction","target":{"@type":"EntryPoint","urlTemplate":"https:\/\/baranowscy.eu\/wordpress\/?s={search_term_string}"},"query-input":{"@type":"PropertyValueSpecification","valueRequired":true,"valueName":"search_term_string"}}],"inLanguage":"pl-PL"},{"@type":"Organization","@id":"https:\/\/baranowscy.eu\/wordpress\/#organization","name":"organiczni.eu","url":"https:\/\/baranowscy.eu\/wordpress\/","logo":{"@type":"ImageObject","inLanguage":"pl-PL","@id":"https:\/\/baranowscy.eu\/wordpress\/#\/schema\/logo\/image\/","url":"https:\/\/baranowscy.eu\/wordpress\/wp-content\/uploads\/2018\/01\/logo_duze.png","contentUrl":"https:\/\/baranowscy.eu\/wordpress\/wp-content\/uploads\/2018\/01\/logo_duze.png","width":1398,"height":300,"caption":"organiczni.eu"},"image":{"@id":"https:\/\/baranowscy.eu\/wordpress\/#\/schema\/logo\/image\/"},"sameAs":["https:\/\/www.facebook.com\/organiczni\/","https:\/\/www.instagram.com\/organiczni.eu\/"]}]}},"jetpack_sharing_enabled":true,"_links":{"self":[{"href":"https:\/\/baranowscy.eu\/wordpress\/wp-json\/wp\/v2\/pages\/8601","targetHints":{"allow":["GET"]}}],"collection":[{"href":"https:\/\/baranowscy.eu\/wordpress\/wp-json\/wp\/v2\/pages"}],"about":[{"href":"https:\/\/baranowscy.eu\/wordpress\/wp-json\/wp\/v2\/types\/page"}],"author":[{"embeddable":true,"href":"https:\/\/baranowscy.eu\/wordpress\/wp-json\/wp\/v2\/users\/1"}],"replies":[{"embeddable":true,"href":"https:\/\/baranowscy.eu\/wordpress\/wp-json\/wp\/v2\/comments?post=8601"}],"version-history":[{"count":24,"href":"https:\/\/baranowscy.eu\/wordpress\/wp-json\/wp\/v2\/pages\/8601\/revisions"}],"predecessor-version":[{"id":10815,"href":"https:\/\/baranowscy.eu\/wordpress\/wp-json\/wp\/v2\/pages\/8601\/revisions\/10815"}],"up":[{"embeddable":true,"href":"https:\/\/baranowscy.eu\/wordpress\/wp-json\/wp\/v2\/pages\/8561"}],"wp:attachment":[{"href":"https:\/\/baranowscy.eu\/wordpress\/wp-json\/wp\/v2\/media?parent=8601"}],"curies":[{"name":"wp","href":"https:\/\/api.w.org\/{rel}","templated":true}]}}