{"id":25,"date":"2013-02-08T23:58:42","date_gmt":"2013-02-08T22:58:42","guid":{"rendered":"http:\/\/baranowscy.eu\/wordpress\/?page_id=25"},"modified":"2018-01-30T21:55:39","modified_gmt":"2018-01-30T20:55:39","slug":"o-blogu-czyli-po-co-i-dlaczego","status":"publish","type":"page","link":"https:\/\/baranowscy.eu\/wordpress\/kim-jestesmy\/o-blogu-czyli-po-co-i-dlaczego\/","title":{"rendered":"O blogu, czyli po co i dlaczego"},"content":{"rendered":"<p><strong>Na pocz\u0105tku 2013 roku zacz\u0119\u0142am pisa\u0107 blog, \u017ceby \u0142atwiej sprosta\u0107 du\u017cemu wyzwaniu: dwaj synowie i m\u0105\u017c s\u0105 alergikami, a ja (jak przekona\u0142am si\u0119 p\u00f3\u017aniej) nie powinnam je\u015b\u0107 glutenu. Musieli\u015bmy do\u015b\u0107 radykalnie zmieni\u0107 spos\u00f3b naszego od\u017cywiania i podporz\u0105dkowa\u0107 si\u0119 dietom. Kiedy w \u017cyciu pojawiaj\u0105 si\u0119 wyzwania, niekt\u00f3rzy potrzebuj\u0105 opisywa\u0107 to, jak sobie z nimi radz\u0105.<\/strong><\/p>\n<p>Dzi\u015b alergie opanowali\u015bmy, by\u0107 mo\u017ce dzi\u0119ki temu, \u017ce zacz\u0119li\u015bmy m\u0105drzej wybiera\u0107 to, co jemy. Od 2013 roku nale\u017cymy te\u017c do <a href=\"http:\/\/www.dobrze.waw.pl\" target=\"_blank\" rel=\"noopener\">Kooperatywy Spo\u017cywczej Dobrze<\/a>, dzi\u0119ki czemu mamy dost\u0119p do najlepszej polskiej \u017cywno\u015bci.<\/p>\n<p><a href=\"https:\/\/baranowscy.eu\/wordpress\/wp-content\/uploads\/2014\/02\/por2.jpg\"><img loading=\"lazy\" decoding=\"async\" class=\"size-full wp-image-1897 aligncenter\" src=\"https:\/\/baranowscy.eu\/wordpress\/wp-content\/uploads\/2014\/02\/por2.jpg\" alt=\"por2\" width=\"640\" height=\"426\" srcset=\"https:\/\/baranowscy.eu\/wordpress\/wp-content\/uploads\/2014\/02\/por2.jpg 640w, https:\/\/baranowscy.eu\/wordpress\/wp-content\/uploads\/2014\/02\/por2-300x199.jpg 300w, https:\/\/baranowscy.eu\/wordpress\/wp-content\/uploads\/2014\/02\/por2-600x399.jpg 600w\" sizes=\"auto, (max-width: 640px) 100vw, 640px\" \/><\/a><\/p>\n<p>Tak naprawd\u0119 zmiany zacz\u0119\u0142y si\u0119 w naszym domu wcze\u015bniej, ale powoli. Segregowanie \u015bmieci, je\u017cd\u017cenie rowerem, niewyrzucanie jedzenia, oszcz\u0119dzanie pr\u0105du i wody &#8211; m\u00f3j m\u0105\u017c nauczy\u0142 mnie wielu zachowa\u0144, kt\u00f3re niejako przy okazji s\u0105 ekologiczne, a s\u0142u\u017c\u0105 przede wszystkim nam. Potem role si\u0119 odwr\u00f3ci\u0142y i teraz ja wprowadzi\u0142am do naszego domu ekoterror.<\/p>\n<p>Chc\u0119 si\u0119 z Wami podzieli\u0107 moimi przemy\u015bleniami na temat ekologii w praktyce. Z jednej strony d\u0105\u017c\u0119 do idea\u0142u, z drugiej strony mam \u015bwiadomo\u015b\u0107, \u017ce cel jest nieosi\u0105galny. Jednak jest dla mnie du\u017c\u0105 satysfakcj\u0105 poszerzanie wiedzy i doskonalenie moich umiej\u0119tno\u015bci w zakresie nieszkodzenia sobie i ca\u0142ej planecie.<\/p>\n<p>Na tym blogu znajdziecie porady dotycz\u0105ce wszystkiego, co w \u017cyciu mojej rodziny \u0142\u0105czy si\u0119 z dzia\u0142aniem dla natury. Znajd\u0105 si\u0119 tu r\u00f3wnie\u017c przepisy na potrawy, kt\u00f3re gotuj\u0119 z my\u015bl\u0105 o mojej rodzinie. A tak\u017ce recenzje ksi\u0105\u017cek, artyku\u0142\u00f3w, opinie na temat aktualnych wydarze\u0144, mo\u017ce nieco historii, ciekawostki&#8230; i du\u017co, du\u017co wskaz\u00f3wek, przetestowanych i okraszonych zdj\u0119ciami.<\/p>\n<p>Zapraszam!<\/p>\n","protected":false},"excerpt":{"rendered":"<p>Na pocz\u0105tku 2013 roku zacz\u0119\u0142am pisa\u0107 blog, \u017ceby \u0142atwiej sprosta\u0107 du\u017cemu wyzwaniu: dwaj synowie i m\u0105\u017c s\u0105 alergikami, a ja (jak przekona\u0142am si\u0119 p\u00f3\u017aniej) nie&hellip;<\/p>\n","protected":false},"author":1,"featured_media":0,"parent":16,"menu_order":2,"comment_status":"open","ping_status":"closed","template":"","meta":{"footnotes":""},"class_list":["post-25","page","type-page","status-publish","hentry"],"yoast_head":"<!-- This site is optimized with the Yoast SEO plugin v27.4 - https:\/\/yoast.com\/product\/yoast-seo-wordpress\/ -->\n<title>O blogu, czyli po co i dlaczego - organiczni.eu<\/title>\n<meta name=\"robots\" content=\"index, follow, max-snippet:-1, max-image-preview:large, max-video-preview:-1\" \/>\n<link rel=\"canonical\" href=\"https:\/\/baranowscy.eu\/wordpress\/kim-jestesmy\/o-blogu-czyli-po-co-i-dlaczego\/\" \/>\n<meta property=\"og:locale\" content=\"pl_PL\" \/>\n<meta property=\"og:type\" content=\"article\" \/>\n<meta property=\"og:title\" content=\"O blogu, czyli po co i dlaczego - organiczni.eu\" \/>\n<meta property=\"og:description\" content=\"Na pocz\u0105tku 2013 roku zacz\u0119\u0142am pisa\u0107 blog, \u017ceby \u0142atwiej sprosta\u0107 du\u017cemu wyzwaniu: dwaj synowie i m\u0105\u017c s\u0105 alergikami, a ja (jak przekona\u0142am si\u0119 p\u00f3\u017aniej) nie&hellip;\" \/>\n<meta property=\"og:url\" content=\"https:\/\/baranowscy.eu\/wordpress\/kim-jestesmy\/o-blogu-czyli-po-co-i-dlaczego\/\" \/>\n<meta property=\"og:site_name\" content=\"organiczni.eu\" \/>\n<meta property=\"article:publisher\" content=\"https:\/\/www.facebook.com\/organiczni\/\" \/>\n<meta property=\"article:modified_time\" content=\"2018-01-30T20:55:39+00:00\" \/>\n<meta property=\"og:image\" content=\"https:\/\/baranowscy.eu\/wordpress\/wp-content\/uploads\/2014\/02\/por2.jpg\" \/>\n<meta name=\"twitter:card\" content=\"summary_large_image\" \/>\n<meta name=\"twitter:label1\" content=\"Szacowany czas czytania\" \/>\n\t<meta name=\"twitter:data1\" content=\"1 minuta\" \/>\n<script type=\"application\/ld+json\" class=\"yoast-schema-graph\">{\"@context\":\"https:\\\/\\\/schema.org\",\"@graph\":[{\"@type\":\"WebPage\",\"@id\":\"https:\\\/\\\/baranowscy.eu\\\/wordpress\\\/kim-jestesmy\\\/o-blogu-czyli-po-co-i-dlaczego\\\/\",\"url\":\"https:\\\/\\\/baranowscy.eu\\\/wordpress\\\/kim-jestesmy\\\/o-blogu-czyli-po-co-i-dlaczego\\\/\",\"name\":\"O blogu, czyli po co i dlaczego - organiczni.eu\",\"isPartOf\":{\"@id\":\"https:\\\/\\\/baranowscy.eu\\\/wordpress\\\/#website\"},\"primaryImageOfPage\":{\"@id\":\"https:\\\/\\\/baranowscy.eu\\\/wordpress\\\/kim-jestesmy\\\/o-blogu-czyli-po-co-i-dlaczego\\\/#primaryimage\"},\"image\":{\"@id\":\"https:\\\/\\\/baranowscy.eu\\\/wordpress\\\/kim-jestesmy\\\/o-blogu-czyli-po-co-i-dlaczego\\\/#primaryimage\"},\"thumbnailUrl\":\"https:\\\/\\\/baranowscy.eu\\\/wordpress\\\/wp-content\\\/uploads\\\/2014\\\/02\\\/por2.jpg\",\"datePublished\":\"2013-02-08T22:58:42+00:00\",\"dateModified\":\"2018-01-30T20:55:39+00:00\",\"breadcrumb\":{\"@id\":\"https:\\\/\\\/baranowscy.eu\\\/wordpress\\\/kim-jestesmy\\\/o-blogu-czyli-po-co-i-dlaczego\\\/#breadcrumb\"},\"inLanguage\":\"pl-PL\",\"potentialAction\":[{\"@type\":\"ReadAction\",\"target\":[\"https:\\\/\\\/baranowscy.eu\\\/wordpress\\\/kim-jestesmy\\\/o-blogu-czyli-po-co-i-dlaczego\\\/\"]}]},{\"@type\":\"ImageObject\",\"inLanguage\":\"pl-PL\",\"@id\":\"https:\\\/\\\/baranowscy.eu\\\/wordpress\\\/kim-jestesmy\\\/o-blogu-czyli-po-co-i-dlaczego\\\/#primaryimage\",\"url\":\"https:\\\/\\\/baranowscy.eu\\\/wordpress\\\/wp-content\\\/uploads\\\/2014\\\/02\\\/por2.jpg\",\"contentUrl\":\"https:\\\/\\\/baranowscy.eu\\\/wordpress\\\/wp-content\\\/uploads\\\/2014\\\/02\\\/por2.jpg\",\"width\":640,\"height\":426},{\"@type\":\"BreadcrumbList\",\"@id\":\"https:\\\/\\\/baranowscy.eu\\\/wordpress\\\/kim-jestesmy\\\/o-blogu-czyli-po-co-i-dlaczego\\\/#breadcrumb\",\"itemListElement\":[{\"@type\":\"ListItem\",\"position\":1,\"name\":\"Strona g\u0142\u00f3wna\",\"item\":\"https:\\\/\\\/baranowscy.eu\\\/wordpress\\\/\"},{\"@type\":\"ListItem\",\"position\":2,\"name\":\"Kim jeste\u015bmy?\",\"item\":\"https:\\\/\\\/baranowscy.eu\\\/wordpress\\\/kim-jestesmy\\\/\"},{\"@type\":\"ListItem\",\"position\":3,\"name\":\"O blogu, czyli po co i dlaczego\"}]},{\"@type\":\"WebSite\",\"@id\":\"https:\\\/\\\/baranowscy.eu\\\/wordpress\\\/#website\",\"url\":\"https:\\\/\\\/baranowscy.eu\\\/wordpress\\\/\",\"name\":\"organiczni.eu\",\"description\":\"Najbardziej wszechstronny blog ekologiczny\",\"publisher\":{\"@id\":\"https:\\\/\\\/baranowscy.eu\\\/wordpress\\\/#organization\"},\"potentialAction\":[{\"@type\":\"SearchAction\",\"target\":{\"@type\":\"EntryPoint\",\"urlTemplate\":\"https:\\\/\\\/baranowscy.eu\\\/wordpress\\\/?s={search_term_string}\"},\"query-input\":{\"@type\":\"PropertyValueSpecification\",\"valueRequired\":true,\"valueName\":\"search_term_string\"}}],\"inLanguage\":\"pl-PL\"},{\"@type\":\"Organization\",\"@id\":\"https:\\\/\\\/baranowscy.eu\\\/wordpress\\\/#organization\",\"name\":\"organiczni.eu\",\"url\":\"https:\\\/\\\/baranowscy.eu\\\/wordpress\\\/\",\"logo\":{\"@type\":\"ImageObject\",\"inLanguage\":\"pl-PL\",\"@id\":\"https:\\\/\\\/baranowscy.eu\\\/wordpress\\\/#\\\/schema\\\/logo\\\/image\\\/\",\"url\":\"https:\\\/\\\/baranowscy.eu\\\/wordpress\\\/wp-content\\\/uploads\\\/2018\\\/01\\\/logo_duze.png\",\"contentUrl\":\"https:\\\/\\\/baranowscy.eu\\\/wordpress\\\/wp-content\\\/uploads\\\/2018\\\/01\\\/logo_duze.png\",\"width\":1398,\"height\":300,\"caption\":\"organiczni.eu\"},\"image\":{\"@id\":\"https:\\\/\\\/baranowscy.eu\\\/wordpress\\\/#\\\/schema\\\/logo\\\/image\\\/\"},\"sameAs\":[\"https:\\\/\\\/www.facebook.com\\\/organiczni\\\/\",\"https:\\\/\\\/www.instagram.com\\\/organiczni.eu\\\/\"]}]}<\/script>\n<!-- \/ Yoast SEO plugin. -->","yoast_head_json":{"title":"O blogu, czyli po co i dlaczego - organiczni.eu","robots":{"index":"index","follow":"follow","max-snippet":"max-snippet:-1","max-image-preview":"max-image-preview:large","max-video-preview":"max-video-preview:-1"},"canonical":"https:\/\/baranowscy.eu\/wordpress\/kim-jestesmy\/o-blogu-czyli-po-co-i-dlaczego\/","og_locale":"pl_PL","og_type":"article","og_title":"O blogu, czyli po co i dlaczego - organiczni.eu","og_description":"Na pocz\u0105tku 2013 roku zacz\u0119\u0142am pisa\u0107 blog, \u017ceby \u0142atwiej sprosta\u0107 du\u017cemu wyzwaniu: dwaj synowie i m\u0105\u017c s\u0105 alergikami, a ja (jak przekona\u0142am si\u0119 p\u00f3\u017aniej) nie&hellip;","og_url":"https:\/\/baranowscy.eu\/wordpress\/kim-jestesmy\/o-blogu-czyli-po-co-i-dlaczego\/","og_site_name":"organiczni.eu","article_publisher":"https:\/\/www.facebook.com\/organiczni\/","article_modified_time":"2018-01-30T20:55:39+00:00","og_image":[{"url":"https:\/\/baranowscy.eu\/wordpress\/wp-content\/uploads\/2014\/02\/por2.jpg","type":"","width":"","height":""}],"twitter_card":"summary_large_image","twitter_misc":{"Szacowany czas czytania":"1 minuta"},"schema":{"@context":"https:\/\/schema.org","@graph":[{"@type":"WebPage","@id":"https:\/\/baranowscy.eu\/wordpress\/kim-jestesmy\/o-blogu-czyli-po-co-i-dlaczego\/","url":"https:\/\/baranowscy.eu\/wordpress\/kim-jestesmy\/o-blogu-czyli-po-co-i-dlaczego\/","name":"O blogu, czyli po co i dlaczego - organiczni.eu","isPartOf":{"@id":"https:\/\/baranowscy.eu\/wordpress\/#website"},"primaryImageOfPage":{"@id":"https:\/\/baranowscy.eu\/wordpress\/kim-jestesmy\/o-blogu-czyli-po-co-i-dlaczego\/#primaryimage"},"image":{"@id":"https:\/\/baranowscy.eu\/wordpress\/kim-jestesmy\/o-blogu-czyli-po-co-i-dlaczego\/#primaryimage"},"thumbnailUrl":"https:\/\/baranowscy.eu\/wordpress\/wp-content\/uploads\/2014\/02\/por2.jpg","datePublished":"2013-02-08T22:58:42+00:00","dateModified":"2018-01-30T20:55:39+00:00","breadcrumb":{"@id":"https:\/\/baranowscy.eu\/wordpress\/kim-jestesmy\/o-blogu-czyli-po-co-i-dlaczego\/#breadcrumb"},"inLanguage":"pl-PL","potentialAction":[{"@type":"ReadAction","target":["https:\/\/baranowscy.eu\/wordpress\/kim-jestesmy\/o-blogu-czyli-po-co-i-dlaczego\/"]}]},{"@type":"ImageObject","inLanguage":"pl-PL","@id":"https:\/\/baranowscy.eu\/wordpress\/kim-jestesmy\/o-blogu-czyli-po-co-i-dlaczego\/#primaryimage","url":"https:\/\/baranowscy.eu\/wordpress\/wp-content\/uploads\/2014\/02\/por2.jpg","contentUrl":"https:\/\/baranowscy.eu\/wordpress\/wp-content\/uploads\/2014\/02\/por2.jpg","width":640,"height":426},{"@type":"BreadcrumbList","@id":"https:\/\/baranowscy.eu\/wordpress\/kim-jestesmy\/o-blogu-czyli-po-co-i-dlaczego\/#breadcrumb","itemListElement":[{"@type":"ListItem","position":1,"name":"Strona g\u0142\u00f3wna","item":"https:\/\/baranowscy.eu\/wordpress\/"},{"@type":"ListItem","position":2,"name":"Kim jeste\u015bmy?","item":"https:\/\/baranowscy.eu\/wordpress\/kim-jestesmy\/"},{"@type":"ListItem","position":3,"name":"O blogu, czyli po co i dlaczego"}]},{"@type":"WebSite","@id":"https:\/\/baranowscy.eu\/wordpress\/#website","url":"https:\/\/baranowscy.eu\/wordpress\/","name":"organiczni.eu","description":"Najbardziej wszechstronny blog ekologiczny","publisher":{"@id":"https:\/\/baranowscy.eu\/wordpress\/#organization"},"potentialAction":[{"@type":"SearchAction","target":{"@type":"EntryPoint","urlTemplate":"https:\/\/baranowscy.eu\/wordpress\/?s={search_term_string}"},"query-input":{"@type":"PropertyValueSpecification","valueRequired":true,"valueName":"search_term_string"}}],"inLanguage":"pl-PL"},{"@type":"Organization","@id":"https:\/\/baranowscy.eu\/wordpress\/#organization","name":"organiczni.eu","url":"https:\/\/baranowscy.eu\/wordpress\/","logo":{"@type":"ImageObject","inLanguage":"pl-PL","@id":"https:\/\/baranowscy.eu\/wordpress\/#\/schema\/logo\/image\/","url":"https:\/\/baranowscy.eu\/wordpress\/wp-content\/uploads\/2018\/01\/logo_duze.png","contentUrl":"https:\/\/baranowscy.eu\/wordpress\/wp-content\/uploads\/2018\/01\/logo_duze.png","width":1398,"height":300,"caption":"organiczni.eu"},"image":{"@id":"https:\/\/baranowscy.eu\/wordpress\/#\/schema\/logo\/image\/"},"sameAs":["https:\/\/www.facebook.com\/organiczni\/","https:\/\/www.instagram.com\/organiczni.eu\/"]}]}},"jetpack_sharing_enabled":true,"_links":{"self":[{"href":"https:\/\/baranowscy.eu\/wordpress\/wp-json\/wp\/v2\/pages\/25","targetHints":{"allow":["GET"]}}],"collection":[{"href":"https:\/\/baranowscy.eu\/wordpress\/wp-json\/wp\/v2\/pages"}],"about":[{"href":"https:\/\/baranowscy.eu\/wordpress\/wp-json\/wp\/v2\/types\/page"}],"author":[{"embeddable":true,"href":"https:\/\/baranowscy.eu\/wordpress\/wp-json\/wp\/v2\/users\/1"}],"replies":[{"embeddable":true,"href":"https:\/\/baranowscy.eu\/wordpress\/wp-json\/wp\/v2\/comments?post=25"}],"version-history":[{"count":8,"href":"https:\/\/baranowscy.eu\/wordpress\/wp-json\/wp\/v2\/pages\/25\/revisions"}],"predecessor-version":[{"id":7499,"href":"https:\/\/baranowscy.eu\/wordpress\/wp-json\/wp\/v2\/pages\/25\/revisions\/7499"}],"up":[{"embeddable":true,"href":"https:\/\/baranowscy.eu\/wordpress\/wp-json\/wp\/v2\/pages\/16"}],"wp:attachment":[{"href":"https:\/\/baranowscy.eu\/wordpress\/wp-json\/wp\/v2\/media?parent=25"}],"curies":[{"name":"wp","href":"https:\/\/api.w.org\/{rel}","templated":true}]}}