{"id":21,"date":"2013-02-08T23:28:03","date_gmt":"2013-02-08T22:28:03","guid":{"rendered":"http:\/\/baranowscy.eu\/wordpress\/?page_id=21"},"modified":"2019-08-06T20:03:45","modified_gmt":"2019-08-06T18:03:45","slug":"polecamy","status":"publish","type":"page","link":"https:\/\/baranowscy.eu\/wordpress\/polecamy\/","title":{"rendered":"Polecamy"},"content":{"rendered":"<h2><strong>Polecamy strony, kt\u00f3re warto zna\u0107<\/strong><\/h2>\n<p><strong>Ekologia i pokrewne:<\/strong><\/p>\n<ul>\n<li><a href=\"http:\/\/www.ekoeksperymenty.blogspot.com\" target=\"_blank\" rel=\"noopener\">www.ekoeksperymenty.blogspot.com<\/a><\/li>\n<li><a href=\"http:\/\/www.nanowosmieci.pl\" target=\"_blank\" rel=\"noopener\">www.nanowosmieci.pl<\/a><\/li>\n<li><a href=\"http:\/\/www.ograniczamsie.com\" target=\"_blank\" rel=\"noopener\">www.ograniczamsie.com<\/a><\/li>\n<li><a href=\"http:\/\/ekologika.edu.pl\/\" target=\"_blank\" rel=\"noopener\">www.ekologika.edu.pl<\/a><\/li>\n<li><a href=\"http:\/\/www.green-projects.pl\" target=\"_blank\" rel=\"noopener\">www.green-projects.pl<\/a><\/li>\n<li><a href=\"http:\/\/www.zielonawsrodludzi.pl\/\" target=\"_blank\" rel=\"noopener\">www.zielonawsrodludzi.pl<\/a><\/li>\n<li><a href=\"http:\/\/www.placesandplants.com\" target=\"_blank\" rel=\"noopener\">www.placesandplants.com<\/a><\/li>\n<li><a href=\"http:\/\/www.ekopozytywna.com\/\" target=\"_blank\" rel=\"noopener\">www.ekopozytywna.com<\/a><\/li>\n<li><a href=\"http:\/\/www.e-bliskoprzyrody.pl\" target=\"_blank\" rel=\"noopener\">www.e-bliskoprzyrody.pl<\/a><\/li>\n<\/ul>\n<p><strong>W koopie si\u0142a:<\/strong><\/p>\n<ul>\n<li><a href=\"http:\/\/www.dobrze.waw.pl\/\">http:\/\/www.dobrze.waw.pl\/<\/a>\u00a0&#8211; kooperatywa spo\u017cywcza DOBRZE; tu nale\u017c\u0119<\/li>\n<\/ul>\n<p><strong>Inspiruj\u0105ce blogi o gotowaniu:<\/strong><\/p>\n<p><a href=\"https:\/\/baranowscy.eu\/wordpress\/wp-content\/uploads\/2013\/02\/MAG_logo_znak-zastrz.jpg\"><img loading=\"lazy\" decoding=\"async\" class=\"aligncenter wp-image-5504 size-medium\" src=\"https:\/\/baranowscy.eu\/wordpress\/wp-content\/uploads\/2013\/02\/MAG_logo_znak-zastrz-300x162.jpg\" alt=\"MAG_logo_znak zastrz\" width=\"300\" height=\"162\" srcset=\"https:\/\/baranowscy.eu\/wordpress\/wp-content\/uploads\/2013\/02\/MAG_logo_znak-zastrz-300x162.jpg 300w, https:\/\/baranowscy.eu\/wordpress\/wp-content\/uploads\/2013\/02\/MAG_logo_znak-zastrz.jpg 400w\" sizes=\"auto, (max-width: 300px) 100vw, 300px\" \/><\/a><\/p>\n<ul>\n<li><a href=\"http:\/\/mamaalergikagotuje.blogspot.com\">http:\/\/mamaalergikagotuje.blogspot.com<\/a><\/li>\n<li><a href=\"http:\/\/www.ekoquchnia.pl\/\" target=\"_blank\" rel=\"noopener\">http:\/\/www.ekoquchnia.pl\/<\/a><\/li>\n<li><span style=\"line-height: 1.5em; font-size: 1em;\"><a href=\"http:\/\/smakoterapia.blogspot.com\">http:\/\/smakoterapia.blogspot.com<\/a>\u00a0<\/span><\/li>\n<\/ul>\n<p><strong>Dobre miejsca w sieci:<\/strong><\/p>\n<ul>\n<li><a href=\"http:\/\/drogeria-ekologiczna.pl\/\" target=\"_blank\" rel=\"noopener\">http:\/\/drogeria-ekologiczna.pl\/<\/a>\u00a0&#8211; ekologiczne kosmetyki, pieluszki, \u015brodki czysto\u015bci.<\/li>\n<\/ul>\n<p><img loading=\"lazy\" decoding=\"async\" class=\"size-full wp-image-2593 aligncenter\" src=\"https:\/\/baranowscy.eu\/wordpress\/wp-content\/uploads\/2013\/02\/logobetterland.png\" alt=\"logobetterland\" width=\"229\" height=\"45\" \/><\/p>\n<ul>\n<li><span style=\"line-height: 1.5em; font-size: 1em;\"><a href=\"http:\/\/www.piccoland.pl\/\">http:\/\/www.piccoland.pl\/<\/a>\u00a0&#8211; drewniane zabawki.<\/span><\/li>\n<li><a href=\"http:\/\/dzielnicarodzica.pl\/\" target=\"_blank\" rel=\"noopener\">http:\/\/dzielnicarodzica.pl\/<\/a><\/li>\n<\/ul>\n<p>&nbsp;<\/p>\n<p>&nbsp;<\/p>\n","protected":false},"excerpt":{"rendered":"<p>Polecamy strony, kt\u00f3re warto zna\u0107 Ekologia i pokrewne: www.ekoeksperymenty.blogspot.com www.nanowosmieci.pl www.ograniczamsie.com www.ekologika.edu.pl www.green-projects.pl www.zielonawsrodludzi.pl www.placesandplants.com www.ekopozytywna.com www.e-bliskoprzyrody.pl W koopie si\u0142a: http:\/\/www.dobrze.waw.pl\/\u00a0&#8211; kooperatywa spo\u017cywcza DOBRZE; tu&hellip;<\/p>\n","protected":false},"author":1,"featured_media":0,"parent":0,"menu_order":0,"comment_status":"closed","ping_status":"closed","template":"","meta":{"footnotes":""},"class_list":["post-21","page","type-page","status-publish","hentry"],"yoast_head":"<!-- This site is optimized with the Yoast SEO plugin v27.5 - https:\/\/yoast.com\/product\/yoast-seo-wordpress\/ -->\n<title>Polecamy - organiczni.eu<\/title>\n<meta name=\"robots\" content=\"index, follow, max-snippet:-1, max-image-preview:large, max-video-preview:-1\" \/>\n<link rel=\"canonical\" href=\"https:\/\/baranowscy.eu\/wordpress\/polecamy\/\" \/>\n<meta property=\"og:locale\" content=\"pl_PL\" \/>\n<meta property=\"og:type\" content=\"article\" \/>\n<meta property=\"og:title\" content=\"Polecamy - organiczni.eu\" \/>\n<meta property=\"og:description\" content=\"Polecamy strony, kt\u00f3re warto zna\u0107 Ekologia i pokrewne: www.ekoeksperymenty.blogspot.com www.nanowosmieci.pl www.ograniczamsie.com www.ekologika.edu.pl www.green-projects.pl www.zielonawsrodludzi.pl www.placesandplants.com www.ekopozytywna.com www.e-bliskoprzyrody.pl W koopie si\u0142a: http:\/\/www.dobrze.waw.pl\/\u00a0&#8211; kooperatywa spo\u017cywcza DOBRZE; tu&hellip;\" \/>\n<meta property=\"og:url\" content=\"https:\/\/baranowscy.eu\/wordpress\/polecamy\/\" \/>\n<meta property=\"og:site_name\" content=\"organiczni.eu\" \/>\n<meta property=\"article:publisher\" content=\"https:\/\/www.facebook.com\/organiczni\/\" \/>\n<meta property=\"article:modified_time\" content=\"2019-08-06T18:03:45+00:00\" \/>\n<meta property=\"og:image\" content=\"https:\/\/baranowscy.eu\/wordpress\/wp-content\/uploads\/2013\/02\/MAG_logo_znak-zastrz-300x162.jpg\" \/>\n<meta name=\"twitter:card\" content=\"summary_large_image\" \/>\n<script type=\"application\/ld+json\" class=\"yoast-schema-graph\">{\"@context\":\"https:\\\/\\\/schema.org\",\"@graph\":[{\"@type\":\"WebPage\",\"@id\":\"https:\\\/\\\/baranowscy.eu\\\/wordpress\\\/polecamy\\\/\",\"url\":\"https:\\\/\\\/baranowscy.eu\\\/wordpress\\\/polecamy\\\/\",\"name\":\"Polecamy - organiczni.eu\",\"isPartOf\":{\"@id\":\"https:\\\/\\\/baranowscy.eu\\\/wordpress\\\/#website\"},\"primaryImageOfPage\":{\"@id\":\"https:\\\/\\\/baranowscy.eu\\\/wordpress\\\/polecamy\\\/#primaryimage\"},\"image\":{\"@id\":\"https:\\\/\\\/baranowscy.eu\\\/wordpress\\\/polecamy\\\/#primaryimage\"},\"thumbnailUrl\":\"https:\\\/\\\/baranowscy.eu\\\/wordpress\\\/wp-content\\\/uploads\\\/2013\\\/02\\\/MAG_logo_znak-zastrz-300x162.jpg\",\"datePublished\":\"2013-02-08T22:28:03+00:00\",\"dateModified\":\"2019-08-06T18:03:45+00:00\",\"breadcrumb\":{\"@id\":\"https:\\\/\\\/baranowscy.eu\\\/wordpress\\\/polecamy\\\/#breadcrumb\"},\"inLanguage\":\"pl-PL\",\"potentialAction\":[{\"@type\":\"ReadAction\",\"target\":[\"https:\\\/\\\/baranowscy.eu\\\/wordpress\\\/polecamy\\\/\"]}]},{\"@type\":\"ImageObject\",\"inLanguage\":\"pl-PL\",\"@id\":\"https:\\\/\\\/baranowscy.eu\\\/wordpress\\\/polecamy\\\/#primaryimage\",\"url\":\"https:\\\/\\\/baranowscy.eu\\\/wordpress\\\/wp-content\\\/uploads\\\/2013\\\/02\\\/MAG_logo_znak-zastrz.jpg\",\"contentUrl\":\"https:\\\/\\\/baranowscy.eu\\\/wordpress\\\/wp-content\\\/uploads\\\/2013\\\/02\\\/MAG_logo_znak-zastrz.jpg\",\"width\":400,\"height\":216},{\"@type\":\"BreadcrumbList\",\"@id\":\"https:\\\/\\\/baranowscy.eu\\\/wordpress\\\/polecamy\\\/#breadcrumb\",\"itemListElement\":[{\"@type\":\"ListItem\",\"position\":1,\"name\":\"Strona g\u0142\u00f3wna\",\"item\":\"https:\\\/\\\/baranowscy.eu\\\/wordpress\\\/\"},{\"@type\":\"ListItem\",\"position\":2,\"name\":\"Polecamy\"}]},{\"@type\":\"WebSite\",\"@id\":\"https:\\\/\\\/baranowscy.eu\\\/wordpress\\\/#website\",\"url\":\"https:\\\/\\\/baranowscy.eu\\\/wordpress\\\/\",\"name\":\"organiczni.eu\",\"description\":\"Najbardziej wszechstronny blog ekologiczny\",\"publisher\":{\"@id\":\"https:\\\/\\\/baranowscy.eu\\\/wordpress\\\/#organization\"},\"potentialAction\":[{\"@type\":\"SearchAction\",\"target\":{\"@type\":\"EntryPoint\",\"urlTemplate\":\"https:\\\/\\\/baranowscy.eu\\\/wordpress\\\/?s={search_term_string}\"},\"query-input\":{\"@type\":\"PropertyValueSpecification\",\"valueRequired\":true,\"valueName\":\"search_term_string\"}}],\"inLanguage\":\"pl-PL\"},{\"@type\":\"Organization\",\"@id\":\"https:\\\/\\\/baranowscy.eu\\\/wordpress\\\/#organization\",\"name\":\"organiczni.eu\",\"url\":\"https:\\\/\\\/baranowscy.eu\\\/wordpress\\\/\",\"logo\":{\"@type\":\"ImageObject\",\"inLanguage\":\"pl-PL\",\"@id\":\"https:\\\/\\\/baranowscy.eu\\\/wordpress\\\/#\\\/schema\\\/logo\\\/image\\\/\",\"url\":\"https:\\\/\\\/baranowscy.eu\\\/wordpress\\\/wp-content\\\/uploads\\\/2018\\\/01\\\/logo_duze.png\",\"contentUrl\":\"https:\\\/\\\/baranowscy.eu\\\/wordpress\\\/wp-content\\\/uploads\\\/2018\\\/01\\\/logo_duze.png\",\"width\":1398,\"height\":300,\"caption\":\"organiczni.eu\"},\"image\":{\"@id\":\"https:\\\/\\\/baranowscy.eu\\\/wordpress\\\/#\\\/schema\\\/logo\\\/image\\\/\"},\"sameAs\":[\"https:\\\/\\\/www.facebook.com\\\/organiczni\\\/\",\"https:\\\/\\\/www.instagram.com\\\/organiczni.eu\\\/\"]}]}<\/script>\n<!-- \/ Yoast SEO plugin. -->","yoast_head_json":{"title":"Polecamy - organiczni.eu","robots":{"index":"index","follow":"follow","max-snippet":"max-snippet:-1","max-image-preview":"max-image-preview:large","max-video-preview":"max-video-preview:-1"},"canonical":"https:\/\/baranowscy.eu\/wordpress\/polecamy\/","og_locale":"pl_PL","og_type":"article","og_title":"Polecamy - organiczni.eu","og_description":"Polecamy strony, kt\u00f3re warto zna\u0107 Ekologia i pokrewne: www.ekoeksperymenty.blogspot.com www.nanowosmieci.pl www.ograniczamsie.com www.ekologika.edu.pl www.green-projects.pl www.zielonawsrodludzi.pl www.placesandplants.com www.ekopozytywna.com www.e-bliskoprzyrody.pl W koopie si\u0142a: http:\/\/www.dobrze.waw.pl\/\u00a0&#8211; kooperatywa spo\u017cywcza DOBRZE; tu&hellip;","og_url":"https:\/\/baranowscy.eu\/wordpress\/polecamy\/","og_site_name":"organiczni.eu","article_publisher":"https:\/\/www.facebook.com\/organiczni\/","article_modified_time":"2019-08-06T18:03:45+00:00","og_image":[{"url":"https:\/\/baranowscy.eu\/wordpress\/wp-content\/uploads\/2013\/02\/MAG_logo_znak-zastrz-300x162.jpg","type":"","width":"","height":""}],"twitter_card":"summary_large_image","schema":{"@context":"https:\/\/schema.org","@graph":[{"@type":"WebPage","@id":"https:\/\/baranowscy.eu\/wordpress\/polecamy\/","url":"https:\/\/baranowscy.eu\/wordpress\/polecamy\/","name":"Polecamy - organiczni.eu","isPartOf":{"@id":"https:\/\/baranowscy.eu\/wordpress\/#website"},"primaryImageOfPage":{"@id":"https:\/\/baranowscy.eu\/wordpress\/polecamy\/#primaryimage"},"image":{"@id":"https:\/\/baranowscy.eu\/wordpress\/polecamy\/#primaryimage"},"thumbnailUrl":"https:\/\/baranowscy.eu\/wordpress\/wp-content\/uploads\/2013\/02\/MAG_logo_znak-zastrz-300x162.jpg","datePublished":"2013-02-08T22:28:03+00:00","dateModified":"2019-08-06T18:03:45+00:00","breadcrumb":{"@id":"https:\/\/baranowscy.eu\/wordpress\/polecamy\/#breadcrumb"},"inLanguage":"pl-PL","potentialAction":[{"@type":"ReadAction","target":["https:\/\/baranowscy.eu\/wordpress\/polecamy\/"]}]},{"@type":"ImageObject","inLanguage":"pl-PL","@id":"https:\/\/baranowscy.eu\/wordpress\/polecamy\/#primaryimage","url":"https:\/\/baranowscy.eu\/wordpress\/wp-content\/uploads\/2013\/02\/MAG_logo_znak-zastrz.jpg","contentUrl":"https:\/\/baranowscy.eu\/wordpress\/wp-content\/uploads\/2013\/02\/MAG_logo_znak-zastrz.jpg","width":400,"height":216},{"@type":"BreadcrumbList","@id":"https:\/\/baranowscy.eu\/wordpress\/polecamy\/#breadcrumb","itemListElement":[{"@type":"ListItem","position":1,"name":"Strona g\u0142\u00f3wna","item":"https:\/\/baranowscy.eu\/wordpress\/"},{"@type":"ListItem","position":2,"name":"Polecamy"}]},{"@type":"WebSite","@id":"https:\/\/baranowscy.eu\/wordpress\/#website","url":"https:\/\/baranowscy.eu\/wordpress\/","name":"organiczni.eu","description":"Najbardziej wszechstronny blog ekologiczny","publisher":{"@id":"https:\/\/baranowscy.eu\/wordpress\/#organization"},"potentialAction":[{"@type":"SearchAction","target":{"@type":"EntryPoint","urlTemplate":"https:\/\/baranowscy.eu\/wordpress\/?s={search_term_string}"},"query-input":{"@type":"PropertyValueSpecification","valueRequired":true,"valueName":"search_term_string"}}],"inLanguage":"pl-PL"},{"@type":"Organization","@id":"https:\/\/baranowscy.eu\/wordpress\/#organization","name":"organiczni.eu","url":"https:\/\/baranowscy.eu\/wordpress\/","logo":{"@type":"ImageObject","inLanguage":"pl-PL","@id":"https:\/\/baranowscy.eu\/wordpress\/#\/schema\/logo\/image\/","url":"https:\/\/baranowscy.eu\/wordpress\/wp-content\/uploads\/2018\/01\/logo_duze.png","contentUrl":"https:\/\/baranowscy.eu\/wordpress\/wp-content\/uploads\/2018\/01\/logo_duze.png","width":1398,"height":300,"caption":"organiczni.eu"},"image":{"@id":"https:\/\/baranowscy.eu\/wordpress\/#\/schema\/logo\/image\/"},"sameAs":["https:\/\/www.facebook.com\/organiczni\/","https:\/\/www.instagram.com\/organiczni.eu\/"]}]}},"jetpack_sharing_enabled":true,"_links":{"self":[{"href":"https:\/\/baranowscy.eu\/wordpress\/wp-json\/wp\/v2\/pages\/21","targetHints":{"allow":["GET"]}}],"collection":[{"href":"https:\/\/baranowscy.eu\/wordpress\/wp-json\/wp\/v2\/pages"}],"about":[{"href":"https:\/\/baranowscy.eu\/wordpress\/wp-json\/wp\/v2\/types\/page"}],"author":[{"embeddable":true,"href":"https:\/\/baranowscy.eu\/wordpress\/wp-json\/wp\/v2\/users\/1"}],"replies":[{"embeddable":true,"href":"https:\/\/baranowscy.eu\/wordpress\/wp-json\/wp\/v2\/comments?post=21"}],"version-history":[{"count":27,"href":"https:\/\/baranowscy.eu\/wordpress\/wp-json\/wp\/v2\/pages\/21\/revisions"}],"predecessor-version":[{"id":9525,"href":"https:\/\/baranowscy.eu\/wordpress\/wp-json\/wp\/v2\/pages\/21\/revisions\/9525"}],"wp:attachment":[{"href":"https:\/\/baranowscy.eu\/wordpress\/wp-json\/wp\/v2\/media?parent=21"}],"curies":[{"name":"wp","href":"https:\/\/api.w.org\/{rel}","templated":true}]}}