{"id":19,"date":"2013-02-08T23:24:25","date_gmt":"2013-02-08T22:24:25","guid":{"rendered":"http:\/\/baranowscy.eu\/wordpress\/?page_id=19"},"modified":"2026-01-10T17:28:28","modified_gmt":"2026-01-10T16:28:28","slug":"kontakt","status":"publish","type":"page","link":"https:\/\/baranowscy.eu\/wordpress\/kontakt\/","title":{"rendered":"Kontakt"},"content":{"rendered":"<h2>Blog Organiczni.eu<\/h2>\n<p>Blog prowadzony jest przez Joann\u0119 Baranowsk\u0105.<\/p>\n<p><strong>Kontakt w sprawie bloga:<\/strong> organiczni@baranowscy.eu<\/p>\n<h2>Warsztaty<\/h2>\n<p>W sprawie warsztat\u00f3w prowadzonych przez Joann\u0119 Baranowsk\u0105 (pro\u015bba o wycen\u0119, ustalenie terminu itp.) prosz\u0119 pisa\u0107 na <strong>adres e-mail<\/strong>: warsztaty@organiczni.eu<\/p>\n<h2>Sklep internetowy<\/h2>\n<p>Firma Organiczni Joanna Baranowska, zarejestrowana pod adresem al. Reymonta 10\/157, 01-842, NIP 526-258-99-53, REGON 380191920.<\/p>\n<p><strong>Adres korespondencyjny:<\/strong> Organiczni Joanna Baranowska, al. Reymonta 10\/157, 01-842 Warszawa<\/p>\n<p><strong>Adres e-mail:<\/strong> kompost@organiczni.eu<\/p>\n<p><strong>Telefon:<\/strong> +48 788 234 425 (w godzinach 12:00-16:00 od poniedzia\u0142ku do pi\u0105tku, tylko w dni robocze, poza dniami urlopowymi podawanymi na bie\u017c\u0105co w sklepie internetowym)<\/p>\n","protected":false},"excerpt":{"rendered":"<p>Blog Organiczni.eu Blog prowadzony jest przez Joann\u0119 Baranowsk\u0105. Kontakt w sprawie bloga: organiczni@baranowscy.eu Warsztaty W sprawie warsztat\u00f3w prowadzonych przez Joann\u0119 Baranowsk\u0105 (pro\u015bba o wycen\u0119, ustalenie&hellip;<\/p>\n","protected":false},"author":1,"featured_media":0,"parent":0,"menu_order":0,"comment_status":"open","ping_status":"closed","template":"","meta":{"footnotes":""},"class_list":["post-19","page","type-page","status-publish","hentry"],"yoast_head":"<!-- This site is optimized with the Yoast SEO plugin v27.3 - https:\/\/yoast.com\/product\/yoast-seo-wordpress\/ -->\n<title>Kontakt - organiczni.eu<\/title>\n<meta name=\"robots\" content=\"index, follow, max-snippet:-1, max-image-preview:large, max-video-preview:-1\" \/>\n<link rel=\"canonical\" href=\"https:\/\/baranowscy.eu\/wordpress\/kontakt\/\" \/>\n<meta property=\"og:locale\" content=\"pl_PL\" \/>\n<meta property=\"og:type\" content=\"article\" \/>\n<meta property=\"og:title\" content=\"Kontakt - organiczni.eu\" \/>\n<meta property=\"og:description\" content=\"Blog Organiczni.eu Blog prowadzony jest przez Joann\u0119 Baranowsk\u0105. Kontakt w sprawie bloga: organiczni@baranowscy.eu Warsztaty W sprawie warsztat\u00f3w prowadzonych przez Joann\u0119 Baranowsk\u0105 (pro\u015bba o wycen\u0119, ustalenie&hellip;\" \/>\n<meta property=\"og:url\" content=\"https:\/\/baranowscy.eu\/wordpress\/kontakt\/\" \/>\n<meta property=\"og:site_name\" content=\"organiczni.eu\" \/>\n<meta property=\"article:publisher\" content=\"https:\/\/www.facebook.com\/organiczni\/\" \/>\n<meta property=\"article:modified_time\" content=\"2026-01-10T16:28:28+00:00\" \/>\n<meta name=\"twitter:card\" content=\"summary_large_image\" \/>\n<meta name=\"twitter:label1\" content=\"Szacowany czas czytania\" \/>\n\t<meta name=\"twitter:data1\" content=\"1 minuta\" \/>\n<script type=\"application\/ld+json\" class=\"yoast-schema-graph\">{\"@context\":\"https:\\\/\\\/schema.org\",\"@graph\":[{\"@type\":\"WebPage\",\"@id\":\"https:\\\/\\\/baranowscy.eu\\\/wordpress\\\/kontakt\\\/\",\"url\":\"https:\\\/\\\/baranowscy.eu\\\/wordpress\\\/kontakt\\\/\",\"name\":\"Kontakt - organiczni.eu\",\"isPartOf\":{\"@id\":\"https:\\\/\\\/baranowscy.eu\\\/wordpress\\\/#website\"},\"datePublished\":\"2013-02-08T22:24:25+00:00\",\"dateModified\":\"2026-01-10T16:28:28+00:00\",\"breadcrumb\":{\"@id\":\"https:\\\/\\\/baranowscy.eu\\\/wordpress\\\/kontakt\\\/#breadcrumb\"},\"inLanguage\":\"pl-PL\",\"potentialAction\":[{\"@type\":\"ReadAction\",\"target\":[\"https:\\\/\\\/baranowscy.eu\\\/wordpress\\\/kontakt\\\/\"]}]},{\"@type\":\"BreadcrumbList\",\"@id\":\"https:\\\/\\\/baranowscy.eu\\\/wordpress\\\/kontakt\\\/#breadcrumb\",\"itemListElement\":[{\"@type\":\"ListItem\",\"position\":1,\"name\":\"Strona g\u0142\u00f3wna\",\"item\":\"https:\\\/\\\/baranowscy.eu\\\/wordpress\\\/\"},{\"@type\":\"ListItem\",\"position\":2,\"name\":\"Kontakt\"}]},{\"@type\":\"WebSite\",\"@id\":\"https:\\\/\\\/baranowscy.eu\\\/wordpress\\\/#website\",\"url\":\"https:\\\/\\\/baranowscy.eu\\\/wordpress\\\/\",\"name\":\"organiczni.eu\",\"description\":\"Najbardziej wszechstronny blog ekologiczny\",\"publisher\":{\"@id\":\"https:\\\/\\\/baranowscy.eu\\\/wordpress\\\/#organization\"},\"potentialAction\":[{\"@type\":\"SearchAction\",\"target\":{\"@type\":\"EntryPoint\",\"urlTemplate\":\"https:\\\/\\\/baranowscy.eu\\\/wordpress\\\/?s={search_term_string}\"},\"query-input\":{\"@type\":\"PropertyValueSpecification\",\"valueRequired\":true,\"valueName\":\"search_term_string\"}}],\"inLanguage\":\"pl-PL\"},{\"@type\":\"Organization\",\"@id\":\"https:\\\/\\\/baranowscy.eu\\\/wordpress\\\/#organization\",\"name\":\"organiczni.eu\",\"url\":\"https:\\\/\\\/baranowscy.eu\\\/wordpress\\\/\",\"logo\":{\"@type\":\"ImageObject\",\"inLanguage\":\"pl-PL\",\"@id\":\"https:\\\/\\\/baranowscy.eu\\\/wordpress\\\/#\\\/schema\\\/logo\\\/image\\\/\",\"url\":\"https:\\\/\\\/baranowscy.eu\\\/wordpress\\\/wp-content\\\/uploads\\\/2018\\\/01\\\/logo_duze.png\",\"contentUrl\":\"https:\\\/\\\/baranowscy.eu\\\/wordpress\\\/wp-content\\\/uploads\\\/2018\\\/01\\\/logo_duze.png\",\"width\":1398,\"height\":300,\"caption\":\"organiczni.eu\"},\"image\":{\"@id\":\"https:\\\/\\\/baranowscy.eu\\\/wordpress\\\/#\\\/schema\\\/logo\\\/image\\\/\"},\"sameAs\":[\"https:\\\/\\\/www.facebook.com\\\/organiczni\\\/\",\"https:\\\/\\\/www.instagram.com\\\/organiczni.eu\\\/\"]}]}<\/script>\n<!-- \/ Yoast SEO plugin. -->","yoast_head_json":{"title":"Kontakt - organiczni.eu","robots":{"index":"index","follow":"follow","max-snippet":"max-snippet:-1","max-image-preview":"max-image-preview:large","max-video-preview":"max-video-preview:-1"},"canonical":"https:\/\/baranowscy.eu\/wordpress\/kontakt\/","og_locale":"pl_PL","og_type":"article","og_title":"Kontakt - organiczni.eu","og_description":"Blog Organiczni.eu Blog prowadzony jest przez Joann\u0119 Baranowsk\u0105. Kontakt w sprawie bloga: organiczni@baranowscy.eu Warsztaty W sprawie warsztat\u00f3w prowadzonych przez Joann\u0119 Baranowsk\u0105 (pro\u015bba o wycen\u0119, ustalenie&hellip;","og_url":"https:\/\/baranowscy.eu\/wordpress\/kontakt\/","og_site_name":"organiczni.eu","article_publisher":"https:\/\/www.facebook.com\/organiczni\/","article_modified_time":"2026-01-10T16:28:28+00:00","twitter_card":"summary_large_image","twitter_misc":{"Szacowany czas czytania":"1 minuta"},"schema":{"@context":"https:\/\/schema.org","@graph":[{"@type":"WebPage","@id":"https:\/\/baranowscy.eu\/wordpress\/kontakt\/","url":"https:\/\/baranowscy.eu\/wordpress\/kontakt\/","name":"Kontakt - organiczni.eu","isPartOf":{"@id":"https:\/\/baranowscy.eu\/wordpress\/#website"},"datePublished":"2013-02-08T22:24:25+00:00","dateModified":"2026-01-10T16:28:28+00:00","breadcrumb":{"@id":"https:\/\/baranowscy.eu\/wordpress\/kontakt\/#breadcrumb"},"inLanguage":"pl-PL","potentialAction":[{"@type":"ReadAction","target":["https:\/\/baranowscy.eu\/wordpress\/kontakt\/"]}]},{"@type":"BreadcrumbList","@id":"https:\/\/baranowscy.eu\/wordpress\/kontakt\/#breadcrumb","itemListElement":[{"@type":"ListItem","position":1,"name":"Strona g\u0142\u00f3wna","item":"https:\/\/baranowscy.eu\/wordpress\/"},{"@type":"ListItem","position":2,"name":"Kontakt"}]},{"@type":"WebSite","@id":"https:\/\/baranowscy.eu\/wordpress\/#website","url":"https:\/\/baranowscy.eu\/wordpress\/","name":"organiczni.eu","description":"Najbardziej wszechstronny blog ekologiczny","publisher":{"@id":"https:\/\/baranowscy.eu\/wordpress\/#organization"},"potentialAction":[{"@type":"SearchAction","target":{"@type":"EntryPoint","urlTemplate":"https:\/\/baranowscy.eu\/wordpress\/?s={search_term_string}"},"query-input":{"@type":"PropertyValueSpecification","valueRequired":true,"valueName":"search_term_string"}}],"inLanguage":"pl-PL"},{"@type":"Organization","@id":"https:\/\/baranowscy.eu\/wordpress\/#organization","name":"organiczni.eu","url":"https:\/\/baranowscy.eu\/wordpress\/","logo":{"@type":"ImageObject","inLanguage":"pl-PL","@id":"https:\/\/baranowscy.eu\/wordpress\/#\/schema\/logo\/image\/","url":"https:\/\/baranowscy.eu\/wordpress\/wp-content\/uploads\/2018\/01\/logo_duze.png","contentUrl":"https:\/\/baranowscy.eu\/wordpress\/wp-content\/uploads\/2018\/01\/logo_duze.png","width":1398,"height":300,"caption":"organiczni.eu"},"image":{"@id":"https:\/\/baranowscy.eu\/wordpress\/#\/schema\/logo\/image\/"},"sameAs":["https:\/\/www.facebook.com\/organiczni\/","https:\/\/www.instagram.com\/organiczni.eu\/"]}]}},"jetpack_sharing_enabled":true,"_links":{"self":[{"href":"https:\/\/baranowscy.eu\/wordpress\/wp-json\/wp\/v2\/pages\/19","targetHints":{"allow":["GET"]}}],"collection":[{"href":"https:\/\/baranowscy.eu\/wordpress\/wp-json\/wp\/v2\/pages"}],"about":[{"href":"https:\/\/baranowscy.eu\/wordpress\/wp-json\/wp\/v2\/types\/page"}],"author":[{"embeddable":true,"href":"https:\/\/baranowscy.eu\/wordpress\/wp-json\/wp\/v2\/users\/1"}],"replies":[{"embeddable":true,"href":"https:\/\/baranowscy.eu\/wordpress\/wp-json\/wp\/v2\/comments?post=19"}],"version-history":[{"count":16,"href":"https:\/\/baranowscy.eu\/wordpress\/wp-json\/wp\/v2\/pages\/19\/revisions"}],"predecessor-version":[{"id":13911,"href":"https:\/\/baranowscy.eu\/wordpress\/wp-json\/wp\/v2\/pages\/19\/revisions\/13911"}],"wp:attachment":[{"href":"https:\/\/baranowscy.eu\/wordpress\/wp-json\/wp\/v2\/media?parent=19"}],"curies":[{"name":"wp","href":"https:\/\/api.w.org\/{rel}","templated":true}]}}