{"id":10102,"date":"2020-03-12T21:49:37","date_gmt":"2020-03-12T20:49:37","guid":{"rendered":"http:\/\/baranowscy.eu\/wordpress\/?page_id=10102"},"modified":"2020-10-01T22:46:15","modified_gmt":"2020-10-01T20:46:15","slug":"ksiazka-jak-kompostowac-to-proste","status":"publish","type":"page","link":"https:\/\/baranowscy.eu\/wordpress\/ksiazka-jak-kompostowac-to-proste\/","title":{"rendered":"Ksi\u0105\u017cka \u201eJak kompostowa\u0107? To proste!\u201d"},"content":{"rendered":"<figure id=\"attachment_10123\" aria-describedby=\"caption-attachment-10123\" style=\"width: 1640px\" class=\"wp-caption alignright\"><a href=\"https:\/\/baranowscy.eu\/wordpress\/wp-content\/uploads\/2020\/03\/jak_kompostowac_0.png\"><img loading=\"lazy\" decoding=\"async\" class=\"wp-image-10123 size-full\" src=\"https:\/\/baranowscy.eu\/wordpress\/wp-content\/uploads\/2020\/03\/jak_kompostowac_0.png\" alt=\"\u201eJak kompostowa\u0107? To proste!\u201d\" width=\"1640\" height=\"624\" srcset=\"https:\/\/baranowscy.eu\/wordpress\/wp-content\/uploads\/2020\/03\/jak_kompostowac_0.png 1640w, https:\/\/baranowscy.eu\/wordpress\/wp-content\/uploads\/2020\/03\/jak_kompostowac_0-300x114.png 300w, https:\/\/baranowscy.eu\/wordpress\/wp-content\/uploads\/2020\/03\/jak_kompostowac_0-600x228.png 600w, https:\/\/baranowscy.eu\/wordpress\/wp-content\/uploads\/2020\/03\/jak_kompostowac_0-768x292.png 768w, https:\/\/baranowscy.eu\/wordpress\/wp-content\/uploads\/2020\/03\/jak_kompostowac_0-1024x390.png 1024w, https:\/\/baranowscy.eu\/wordpress\/wp-content\/uploads\/2020\/03\/jak_kompostowac_0-560x213.png 560w\" sizes=\"auto, (max-width: 1640px) 100vw, 1640px\" \/><\/a><figcaption id=\"caption-attachment-10123\" class=\"wp-caption-text\">\u201eJak kompostowa\u0107? To proste!\u201d<\/figcaption><\/figure>\n<p><strong>\u201eJak kompostowa\u0107? To proste!\u201d to moja pierwsza ksi\u0105\u017cka, powsta\u0142a z mi\u0142o\u015bci i szacunku do natury. Napisa\u0142am j\u0105 przede wszystkim z my\u015bl\u0105 o tych osobach, kt\u00f3re chcia\u0142yby spr\u00f3bowa\u0107 kompostowania &#8211; czy to w ogrodzie, na dzia\u0142ce, czy w domu &#8211; ale nie maj\u0105 jeszcze du\u017cej wiedzy ani do\u015bwiadczenia. Dlaczego warto j\u0105 przeczyta\u0107?<\/strong><\/p>\n<p>Podczas zbierania materia\u0142\u00f3w do ksi\u0105\u017cki sp\u0119dzi\u0142am czas zar\u00f3wno w Bibliotece Narodowej, w bibliotece w Birmingham (dzi\u0119kuj\u0119, szwagierko, za pomoc), jak i na \u015bwie\u017cym powietrzu. Pisanie to by\u0142a wielka przygoda. Szuka\u0142am informacji, kt\u00f3re szczeg\u00f3lnie mnie interesowa\u0142y i s\u0105dz\u0119, \u017ce mog\u0105 by\u0107 ciekawe dla Czytelniczek i Czytelnik\u00f3w. <strong>Dzi\u0119ki temu odkry\u0142am, \u017ce w Polsce \u017cyje \u015bwiec\u0105ca d\u017cd\u017cownica, a pompka do ponton\u00f3w mo\u017ce sta\u0107 si\u0119 elementem kompostownika.<\/strong><\/p>\n<figure id=\"attachment_10163\" aria-describedby=\"caption-attachment-10163\" style=\"width: 640px\" class=\"wp-caption aligncenter\"><a href=\"https:\/\/baranowscy.eu\/wordpress\/wp-content\/uploads\/2020\/03\/jakkompostowac_PNS.png\"><img loading=\"lazy\" decoding=\"async\" class=\"size-large wp-image-10163\" src=\"https:\/\/baranowscy.eu\/wordpress\/wp-content\/uploads\/2020\/03\/jakkompostowac_PNS-1024x576.png\" alt=\"&quot;Jak kompostowa\u0107? To proste!&quot; w Pytaniu na \u015aniadanie 23.03.2020\" width=\"640\" height=\"360\" srcset=\"https:\/\/baranowscy.eu\/wordpress\/wp-content\/uploads\/2020\/03\/jakkompostowac_PNS-1024x576.png 1024w, https:\/\/baranowscy.eu\/wordpress\/wp-content\/uploads\/2020\/03\/jakkompostowac_PNS-300x169.png 300w, https:\/\/baranowscy.eu\/wordpress\/wp-content\/uploads\/2020\/03\/jakkompostowac_PNS-600x337.png 600w, https:\/\/baranowscy.eu\/wordpress\/wp-content\/uploads\/2020\/03\/jakkompostowac_PNS-768x432.png 768w, https:\/\/baranowscy.eu\/wordpress\/wp-content\/uploads\/2020\/03\/jakkompostowac_PNS-560x315.png 560w, https:\/\/baranowscy.eu\/wordpress\/wp-content\/uploads\/2020\/03\/jakkompostowac_PNS.png 1366w\" sizes=\"auto, (max-width: 640px) 100vw, 640px\" \/><\/a><figcaption id=\"caption-attachment-10163\" class=\"wp-caption-text\">&#8222;Jak kompostowa\u0107? To proste!&#8221; w Pytaniu na \u015aniadanie 23.03.2020. <strong>&gt;&gt; <a href=\"https:\/\/pytanienasniadanie.tvp.pl\/47234116\/kompostowanie-jak-to-zrobic-w-domu-i-na-balkonie\" target=\"_blank\" rel=\"noopener noreferrer\">Obejrzyj TUTAJ!<\/a><\/strong><\/figcaption><\/figure>\n<h2>Dlaczego ksi\u0105\u017cka\u00a0\u201eJak kompostowa\u0107? To proste!\u201d jest ekologiczna?<\/h2>\n<figure id=\"attachment_10144\" aria-describedby=\"caption-attachment-10144\" style=\"width: 400px\" class=\"wp-caption alignright\"><a href=\"https:\/\/baranowscy.eu\/wordpress\/wp-content\/uploads\/2020\/03\/motyka_i_slonce.jpg\"><img loading=\"lazy\" decoding=\"async\" class=\"wp-image-10144\" src=\"https:\/\/baranowscy.eu\/wordpress\/wp-content\/uploads\/2020\/03\/motyka_i_slonce.jpg\" alt=\"Materia\u0142y do ksi\u0105\u017cki zbiera\u0142am w spos\u00f3b eko! Ogr\u00f3d spo\u0142eczno\u015bciowy Motyka i S\u0142o\u0144ce na warszawskim Jazdowie\" width=\"400\" height=\"267\" srcset=\"https:\/\/baranowscy.eu\/wordpress\/wp-content\/uploads\/2020\/03\/motyka_i_slonce.jpg 1000w, https:\/\/baranowscy.eu\/wordpress\/wp-content\/uploads\/2020\/03\/motyka_i_slonce-300x200.jpg 300w, https:\/\/baranowscy.eu\/wordpress\/wp-content\/uploads\/2020\/03\/motyka_i_slonce-600x400.jpg 600w, https:\/\/baranowscy.eu\/wordpress\/wp-content\/uploads\/2020\/03\/motyka_i_slonce-768x512.jpg 768w, https:\/\/baranowscy.eu\/wordpress\/wp-content\/uploads\/2020\/03\/motyka_i_slonce-560x374.jpg 560w\" sizes=\"auto, (max-width: 400px) 100vw, 400px\" \/><\/a><figcaption id=\"caption-attachment-10144\" class=\"wp-caption-text\">Materia\u0142y do ksi\u0105\u017cki zbiera\u0142am w spos\u00f3b eko! Ogr\u00f3d spo\u0142eczno\u015bciowy Motyka i S\u0142o\u0144ce na warszawskim Jazdowie<\/figcaption><\/figure>\n<p><strong>Chcia\u0142am, \u017ceby ksi\u0105\u017cka o kompostowaniu by\u0142a jak najbardziej ekologiczna.<\/strong>\u00a0Mi\u0119dzy innymi korzysta\u0142am z bibliotek. Dzi\u0119ki temu, \u017ce mia\u0142am dost\u0119p do angielskiej biblioteki w Birmingham, mog\u0142am na pewien czas wypo\u017cyczy\u0107 angloj\u0119zyczne ksi\u0105\u017cki w temacie kompostowania i ogrodnictwa. Przyznaj\u0119, \u017ce by\u0142am zaskoczona, jak ciekawie i niesztampowo ludzie pisz\u0105 o swoim kompo\u015bcie! Po przeczytaniu kilku czy kilkunastu pozycji z p\u00f3\u0142ki <em>compost<\/em> wiedzia\u0142am, \u017ce nie chc\u0119 napisa\u0107 nudnego poradnika. Postanowi\u0142am, \u017ce dodam do tekstu gar\u015b\u0107 osobistych do\u015bwiadcze\u0144 i nudno nie b\u0119dzie. Podobno si\u0119 uda\u0142o!<\/p>\n<p><strong>Materia\u0142y do ksi\u0105\u017cki zbiera\u0142am nie tylko w bibliotekach, ale tak\u017ce w naturze, dzi\u0119ki spotkaniom z osobami kompostuj\u0105cymi w r\u00f3\u017cny spos\u00f3b.<\/strong> Aby do nich dotrze\u0107, podr\u00f3\u017cowa\u0142am na rowerze i poci\u0105gami oraz warszawsk\u0105 komunikacj\u0105 miejsk\u0105. By\u0142y to cz\u0119sto ca\u0142kiem ciekawe podr\u00f3\u017ce! Zobaczy\u0142am, \u017ce pomys\u0142y na kompostowanie s\u0105 bardzo r\u00f3\u017cne, bo r\u00f3\u017cne s\u0105 potrzeby i mo\u017cliwo\u015bci. Co dla mnie wa\u017cne, osoby, z kt\u00f3rymi si\u0119 spotyka\u0142am, mia\u0142y bardzo bliskie mi podej\u015bcie do tego wspania\u0142ego procesu. Wszyscy podchodzili do kompostowania jak do czego\u015b naturalnego, ale i fascynuj\u0105cego.<\/p>\n<p><strong>Oczywi\u015bcie w ksi\u0105\u017cce znajdziecie tak\u017ce przyk\u0142ady z mojego ogr\u00f3dka, to znaczy z dzia\u0142ki i balkonu.\u00a0<\/strong><\/p>\n<figure id=\"attachment_10153\" aria-describedby=\"caption-attachment-10153\" style=\"width: 234px\" class=\"wp-caption alignleft\"><a href=\"https:\/\/baranowscy.eu\/wordpress\/wp-content\/uploads\/2020\/03\/jak_kompostowac.jpg\"><img loading=\"lazy\" decoding=\"async\" class=\"wp-image-10153 size-medium\" src=\"https:\/\/baranowscy.eu\/wordpress\/wp-content\/uploads\/2020\/03\/jak_kompostowac-234x300.jpg\" alt=\"\u201eJak kompostowa\u0107? To proste!\u201d\" width=\"234\" height=\"300\" srcset=\"https:\/\/baranowscy.eu\/wordpress\/wp-content\/uploads\/2020\/03\/jak_kompostowac-234x300.jpg 234w, https:\/\/baranowscy.eu\/wordpress\/wp-content\/uploads\/2020\/03\/jak_kompostowac-300x384.jpg 300w, https:\/\/baranowscy.eu\/wordpress\/wp-content\/uploads\/2020\/03\/jak_kompostowac-600x768.jpg 600w, https:\/\/baranowscy.eu\/wordpress\/wp-content\/uploads\/2020\/03\/jak_kompostowac-768x983.jpg 768w, https:\/\/baranowscy.eu\/wordpress\/wp-content\/uploads\/2020\/03\/jak_kompostowac-560x717.jpg 560w, https:\/\/baranowscy.eu\/wordpress\/wp-content\/uploads\/2020\/03\/jak_kompostowac.jpg 781w\" sizes=\"auto, (max-width: 234px) 100vw, 234px\" \/><\/a><figcaption id=\"caption-attachment-10153\" class=\"wp-caption-text\"><strong>\u201eJak kompostowa\u0107? To proste!\u201d<\/strong><\/figcaption><\/figure>\n<p><strong>Ksi\u0105\u017cka zosta\u0142a wydrukowana na certyfikowanym papierze z recyklingu<\/strong>, dzi\u0119ki czemu nie \u015bci\u0119to dla niej nowych drzew. Bardzo mi na tym zale\u017ca\u0142o: nie wyobra\u017cam sobie, \u017ceby moja ksi\u0105\u017cka promuj\u0105ca dzia\u0142ania proekologiczne by\u0142a wydrukowana na jakim\u015b kredowym papierze, wybielanym chemicznie.\u00a0\u201eJak kompostowa\u0107? To proste!\u201d jest te\u017c ksi\u0105\u017ck\u0105 szyt\u0105, a nie klejon\u0105. Obie te cechy &#8211; jako\u015b\u0107 papieru i spos\u00f3b szycia &#8211; sprawiaj\u0105, \u017ce ksi\u0105\u017cka ma tak\u0105 cen\u0119 ok\u0142adkow\u0105, jak\u0105 ma. To zaskakuj\u0105ce i smutne, \u017ce ekologiczne wybory s\u0105 cz\u0119sto o wiele dro\u017csze od standardowych. <strong>Tym bardziej dzi\u0119kuj\u0119 mojej wydawczyni Eli To\u0142wi\u0144skiej<\/strong>, kt\u00f3ra zdecydowa\u0142a si\u0119 na wydrukowanie ksi\u0105\u017cki zgodnie z moimi oczekiwaniami.<\/p>\n<p><strong>Kolejny ekoelement to rosn\u0105cy papier z wprasowanymi nasionami kwiat\u00f3w:<\/strong> ksi\u0105\u017cka jest w niego zawini\u0119ta. Mo\u017cna go zasadzi\u0107 i po oko\u0142o trzech miesi\u0105cach mie\u0107 w swojej doniczce <strong>mini\u0142\u0105k\u0119<\/strong>! Papier zosta\u0142 przygotowany r\u0119cznie przez specjalist\u0119 Flawiusza Pietrzyka.<\/p>\n<p><strong>O redakcj\u0119 merytoryczn\u0105 poprosi\u0142am \u0141ukasza Nowackiego<\/strong>, specjalist\u0119 od permakultury, kt\u00f3ry m.in. buduje kompostowniki i prowadzi warsztaty, jak z nich korzysta\u0107. \u0141ukasz napisa\u0142 te\u017c przedmow\u0119 do ksi\u0105\u017cki.<\/p>\n<h2>Co znajduje si\u0119 w ksi\u0105\u017cce\u00a0\u201eJak kompostowa\u0107? To proste!\u201d<\/h2>\n<p>Stara\u0142am si\u0119 opisa\u0107 wszystko w spos\u00f3b maksymalnie uporz\u0105dkowany, \u017ceby osoby szukaj\u0105ce danej informacji mog\u0142y dotrze\u0107 do niej bez trudu.<\/p>\n<p><strong>Poni\u017cej zamie\u015bci\u0142am spis tre\u015bci ksi\u0105\u017cki &#8211; mo\u017cecie sprawdzi\u0107, jakie tematy s\u0105 poruszone.<\/strong><\/p>\n<p><a href=\"https:\/\/baranowscy.eu\/wordpress\/wp-content\/uploads\/2020\/03\/spis_tresci_1.png\"><img loading=\"lazy\" decoding=\"async\" class=\"wp-image-10149 alignleft\" src=\"https:\/\/baranowscy.eu\/wordpress\/wp-content\/uploads\/2020\/03\/spis_tresci_1.png\" alt=\"\" width=\"400\" height=\"533\" srcset=\"https:\/\/baranowscy.eu\/wordpress\/wp-content\/uploads\/2020\/03\/spis_tresci_1.png 1181w, https:\/\/baranowscy.eu\/wordpress\/wp-content\/uploads\/2020\/03\/spis_tresci_1-300x400.png 300w, https:\/\/baranowscy.eu\/wordpress\/wp-content\/uploads\/2020\/03\/spis_tresci_1-600x800.png 600w, https:\/\/baranowscy.eu\/wordpress\/wp-content\/uploads\/2020\/03\/spis_tresci_1-225x300.png 225w, https:\/\/baranowscy.eu\/wordpress\/wp-content\/uploads\/2020\/03\/spis_tresci_1-768x1024.png 768w, https:\/\/baranowscy.eu\/wordpress\/wp-content\/uploads\/2020\/03\/spis_tresci_1-560x746.png 560w\" sizes=\"auto, (max-width: 400px) 100vw, 400px\" \/><\/a> <a href=\"https:\/\/baranowscy.eu\/wordpress\/wp-content\/uploads\/2020\/03\/spis_tresci_2.png\"><img loading=\"lazy\" decoding=\"async\" class=\"wp-image-10148 alignleft\" src=\"https:\/\/baranowscy.eu\/wordpress\/wp-content\/uploads\/2020\/03\/spis_tresci_2-768x1024.png\" alt=\"\" width=\"400\" height=\"533\" srcset=\"https:\/\/baranowscy.eu\/wordpress\/wp-content\/uploads\/2020\/03\/spis_tresci_2-768x1024.png 768w, https:\/\/baranowscy.eu\/wordpress\/wp-content\/uploads\/2020\/03\/spis_tresci_2-300x400.png 300w, https:\/\/baranowscy.eu\/wordpress\/wp-content\/uploads\/2020\/03\/spis_tresci_2-600x800.png 600w, https:\/\/baranowscy.eu\/wordpress\/wp-content\/uploads\/2020\/03\/spis_tresci_2-225x300.png 225w, https:\/\/baranowscy.eu\/wordpress\/wp-content\/uploads\/2020\/03\/spis_tresci_2-560x746.png 560w, https:\/\/baranowscy.eu\/wordpress\/wp-content\/uploads\/2020\/03\/spis_tresci_2.png 1181w\" sizes=\"auto, (max-width: 400px) 100vw, 400px\" \/><\/a><\/p>\n<h2><\/h2>\n<h2>Gdzie kupi\u0107 ksi\u0105\u017ck\u0119<\/h2>\n<p><strong>B\u0119d\u0119 aktualizowa\u0107 spis miejsc, gdzie mo\u017cecie kupi\u0107 moj\u0105 ksi\u0105\u017ck\u0119.<\/strong><\/p>\n<p>Obecnie mo\u017cecie j\u0105 dosta\u0107 tutaj:<\/p>\n<ul>\n<li><a href=\"https:\/\/wydawnictwokorzenie.pl\/produkt\/jak-kompostowac-to-proste-wersja-eko-druk\/\" target=\"_blank\" rel=\"noopener noreferrer\"><strong>na stronie Wydawnictwa Korzenie<\/strong><\/a> (w Warszawie mo\u017cliwy odbi\u00f3r osobisty i otrzymanie dedykacji),<\/li>\n<li><a href=\"https:\/\/www.drogeria-ekologiczna.pl\/poradniki\/14219-jak-kompostowac-to-proste-ekodruk-joanna-baranowska-wydawnictwo-korzenie.html\" target=\"_blank\" rel=\"noopener noreferrer\"><strong>na stronie Drogerii Ekologicznej Better Land<\/strong><\/a>,<\/li>\n<li><a href=\"https:\/\/sklep.biokurier.pl\/produkt\/jak-kompostowac-to-proste\/?\" target=\"_blank\" rel=\"noopener noreferrer\"><strong>w sklepie Biokurier.pl<\/strong><\/a>,<\/li>\n<li><strong><a href=\"http:\/\/www.wydawnictwogaj.pl\/kategoria\/zero-waste\/jak-kompostowac-to-proste\" target=\"_blank\" rel=\"noopener noreferrer\">w sklepie Wydawnictwa Gaj<\/a><\/strong>,<\/li>\n<li><strong>w sklepach Kooperatywy Dobrze<\/strong>: ul. Wilcza 29a i ul. Andersa 27 w Warszawie &#8211; kupion\u0105 ksi\u0105\u017ck\u0119 mo\u017cna zostawi\u0107 z pro\u015bb\u0105 o dedykacj\u0119, kt\u00f3r\u0105 napisz\u0119 w ci\u0105gu kilku dni.<\/li>\n<\/ul>\n<p>Zapraszam Was do lektury. Chcia\u0142abym kontynuowa\u0107 temat kompostowania, dlatego je\u015bli macie ochot\u0119 podzieli\u0107 si\u0119 ze mn\u0105 swoimi kompostowymi historiami, piszcie do mnie na adres: <strong>kompost (at) baranowscy.eu<\/strong><\/p>\n<p><strong>Mo\u017ce uda mi si\u0119 do Was przyjecha\u0107 i zrobi\u0107 wywiad!<\/strong><\/p>\n","protected":false},"excerpt":{"rendered":"<p>\u201eJak kompostowa\u0107? To proste!\u201d to moja pierwsza ksi\u0105\u017cka, powsta\u0142a z mi\u0142o\u015bci i szacunku do natury. Napisa\u0142am j\u0105 przede wszystkim z my\u015bl\u0105 o tych osobach, kt\u00f3re&hellip;<\/p>\n","protected":false},"author":1,"featured_media":0,"parent":0,"menu_order":0,"comment_status":"closed","ping_status":"closed","template":"","meta":{"footnotes":""},"class_list":["post-10102","page","type-page","status-publish","hentry"],"yoast_head":"<!-- This site is optimized with the Yoast SEO plugin v27.3 - https:\/\/yoast.com\/product\/yoast-seo-wordpress\/ -->\n<title>Ksi\u0105\u017cka \u201eJak kompostowa\u0107? To proste!\u201d - organiczni.eu<\/title>\n<meta name=\"robots\" content=\"index, follow, max-snippet:-1, max-image-preview:large, max-video-preview:-1\" \/>\n<link rel=\"canonical\" href=\"https:\/\/baranowscy.eu\/wordpress\/ksiazka-jak-kompostowac-to-proste\/\" \/>\n<meta property=\"og:locale\" content=\"pl_PL\" \/>\n<meta property=\"og:type\" content=\"article\" \/>\n<meta property=\"og:title\" content=\"Ksi\u0105\u017cka \u201eJak kompostowa\u0107? To proste!\u201d - organiczni.eu\" \/>\n<meta property=\"og:description\" content=\"\u201eJak kompostowa\u0107? To proste!\u201d to moja pierwsza ksi\u0105\u017cka, powsta\u0142a z mi\u0142o\u015bci i szacunku do natury. Napisa\u0142am j\u0105 przede wszystkim z my\u015bl\u0105 o tych osobach, kt\u00f3re&hellip;\" \/>\n<meta property=\"og:url\" content=\"https:\/\/baranowscy.eu\/wordpress\/ksiazka-jak-kompostowac-to-proste\/\" \/>\n<meta property=\"og:site_name\" content=\"organiczni.eu\" \/>\n<meta property=\"article:publisher\" content=\"https:\/\/www.facebook.com\/organiczni\/\" \/>\n<meta property=\"article:modified_time\" content=\"2020-10-01T20:46:15+00:00\" \/>\n<meta property=\"og:image\" content=\"https:\/\/baranowscy.eu\/wordpress\/wp-content\/uploads\/2020\/03\/jak_kompostowac_0.png\" \/>\n<meta name=\"twitter:card\" content=\"summary_large_image\" \/>\n<meta name=\"twitter:label1\" content=\"Szacowany czas czytania\" \/>\n\t<meta name=\"twitter:data1\" content=\"4 minuty\" \/>\n<script type=\"application\/ld+json\" class=\"yoast-schema-graph\">{\"@context\":\"https:\\\/\\\/schema.org\",\"@graph\":[{\"@type\":\"WebPage\",\"@id\":\"https:\\\/\\\/baranowscy.eu\\\/wordpress\\\/ksiazka-jak-kompostowac-to-proste\\\/\",\"url\":\"https:\\\/\\\/baranowscy.eu\\\/wordpress\\\/ksiazka-jak-kompostowac-to-proste\\\/\",\"name\":\"Ksi\u0105\u017cka \u201eJak kompostowa\u0107? To proste!\u201d - organiczni.eu\",\"isPartOf\":{\"@id\":\"https:\\\/\\\/baranowscy.eu\\\/wordpress\\\/#website\"},\"primaryImageOfPage\":{\"@id\":\"https:\\\/\\\/baranowscy.eu\\\/wordpress\\\/ksiazka-jak-kompostowac-to-proste\\\/#primaryimage\"},\"image\":{\"@id\":\"https:\\\/\\\/baranowscy.eu\\\/wordpress\\\/ksiazka-jak-kompostowac-to-proste\\\/#primaryimage\"},\"thumbnailUrl\":\"https:\\\/\\\/baranowscy.eu\\\/wordpress\\\/wp-content\\\/uploads\\\/2020\\\/03\\\/jak_kompostowac_0.png\",\"datePublished\":\"2020-03-12T20:49:37+00:00\",\"dateModified\":\"2020-10-01T20:46:15+00:00\",\"breadcrumb\":{\"@id\":\"https:\\\/\\\/baranowscy.eu\\\/wordpress\\\/ksiazka-jak-kompostowac-to-proste\\\/#breadcrumb\"},\"inLanguage\":\"pl-PL\",\"potentialAction\":[{\"@type\":\"ReadAction\",\"target\":[\"https:\\\/\\\/baranowscy.eu\\\/wordpress\\\/ksiazka-jak-kompostowac-to-proste\\\/\"]}]},{\"@type\":\"ImageObject\",\"inLanguage\":\"pl-PL\",\"@id\":\"https:\\\/\\\/baranowscy.eu\\\/wordpress\\\/ksiazka-jak-kompostowac-to-proste\\\/#primaryimage\",\"url\":\"https:\\\/\\\/baranowscy.eu\\\/wordpress\\\/wp-content\\\/uploads\\\/2020\\\/03\\\/jak_kompostowac_0.png\",\"contentUrl\":\"https:\\\/\\\/baranowscy.eu\\\/wordpress\\\/wp-content\\\/uploads\\\/2020\\\/03\\\/jak_kompostowac_0.png\",\"width\":1640,\"height\":624,\"caption\":\"Jak kompostowa\u0107? To proste!\"},{\"@type\":\"BreadcrumbList\",\"@id\":\"https:\\\/\\\/baranowscy.eu\\\/wordpress\\\/ksiazka-jak-kompostowac-to-proste\\\/#breadcrumb\",\"itemListElement\":[{\"@type\":\"ListItem\",\"position\":1,\"name\":\"Strona g\u0142\u00f3wna\",\"item\":\"https:\\\/\\\/baranowscy.eu\\\/wordpress\\\/\"},{\"@type\":\"ListItem\",\"position\":2,\"name\":\"Ksi\u0105\u017cka \u201eJak kompostowa\u0107? To proste!\u201d\"}]},{\"@type\":\"WebSite\",\"@id\":\"https:\\\/\\\/baranowscy.eu\\\/wordpress\\\/#website\",\"url\":\"https:\\\/\\\/baranowscy.eu\\\/wordpress\\\/\",\"name\":\"organiczni.eu\",\"description\":\"Najbardziej wszechstronny blog ekologiczny\",\"publisher\":{\"@id\":\"https:\\\/\\\/baranowscy.eu\\\/wordpress\\\/#organization\"},\"potentialAction\":[{\"@type\":\"SearchAction\",\"target\":{\"@type\":\"EntryPoint\",\"urlTemplate\":\"https:\\\/\\\/baranowscy.eu\\\/wordpress\\\/?s={search_term_string}\"},\"query-input\":{\"@type\":\"PropertyValueSpecification\",\"valueRequired\":true,\"valueName\":\"search_term_string\"}}],\"inLanguage\":\"pl-PL\"},{\"@type\":\"Organization\",\"@id\":\"https:\\\/\\\/baranowscy.eu\\\/wordpress\\\/#organization\",\"name\":\"organiczni.eu\",\"url\":\"https:\\\/\\\/baranowscy.eu\\\/wordpress\\\/\",\"logo\":{\"@type\":\"ImageObject\",\"inLanguage\":\"pl-PL\",\"@id\":\"https:\\\/\\\/baranowscy.eu\\\/wordpress\\\/#\\\/schema\\\/logo\\\/image\\\/\",\"url\":\"https:\\\/\\\/baranowscy.eu\\\/wordpress\\\/wp-content\\\/uploads\\\/2018\\\/01\\\/logo_duze.png\",\"contentUrl\":\"https:\\\/\\\/baranowscy.eu\\\/wordpress\\\/wp-content\\\/uploads\\\/2018\\\/01\\\/logo_duze.png\",\"width\":1398,\"height\":300,\"caption\":\"organiczni.eu\"},\"image\":{\"@id\":\"https:\\\/\\\/baranowscy.eu\\\/wordpress\\\/#\\\/schema\\\/logo\\\/image\\\/\"},\"sameAs\":[\"https:\\\/\\\/www.facebook.com\\\/organiczni\\\/\",\"https:\\\/\\\/www.instagram.com\\\/organiczni.eu\\\/\"]}]}<\/script>\n<!-- \/ Yoast SEO plugin. -->","yoast_head_json":{"title":"Ksi\u0105\u017cka \u201eJak kompostowa\u0107? To proste!\u201d - organiczni.eu","robots":{"index":"index","follow":"follow","max-snippet":"max-snippet:-1","max-image-preview":"max-image-preview:large","max-video-preview":"max-video-preview:-1"},"canonical":"https:\/\/baranowscy.eu\/wordpress\/ksiazka-jak-kompostowac-to-proste\/","og_locale":"pl_PL","og_type":"article","og_title":"Ksi\u0105\u017cka \u201eJak kompostowa\u0107? To proste!\u201d - organiczni.eu","og_description":"\u201eJak kompostowa\u0107? To proste!\u201d to moja pierwsza ksi\u0105\u017cka, powsta\u0142a z mi\u0142o\u015bci i szacunku do natury. Napisa\u0142am j\u0105 przede wszystkim z my\u015bl\u0105 o tych osobach, kt\u00f3re&hellip;","og_url":"https:\/\/baranowscy.eu\/wordpress\/ksiazka-jak-kompostowac-to-proste\/","og_site_name":"organiczni.eu","article_publisher":"https:\/\/www.facebook.com\/organiczni\/","article_modified_time":"2020-10-01T20:46:15+00:00","og_image":[{"url":"https:\/\/baranowscy.eu\/wordpress\/wp-content\/uploads\/2020\/03\/jak_kompostowac_0.png","type":"","width":"","height":""}],"twitter_card":"summary_large_image","twitter_misc":{"Szacowany czas czytania":"4 minuty"},"schema":{"@context":"https:\/\/schema.org","@graph":[{"@type":"WebPage","@id":"https:\/\/baranowscy.eu\/wordpress\/ksiazka-jak-kompostowac-to-proste\/","url":"https:\/\/baranowscy.eu\/wordpress\/ksiazka-jak-kompostowac-to-proste\/","name":"Ksi\u0105\u017cka \u201eJak kompostowa\u0107? To proste!\u201d - organiczni.eu","isPartOf":{"@id":"https:\/\/baranowscy.eu\/wordpress\/#website"},"primaryImageOfPage":{"@id":"https:\/\/baranowscy.eu\/wordpress\/ksiazka-jak-kompostowac-to-proste\/#primaryimage"},"image":{"@id":"https:\/\/baranowscy.eu\/wordpress\/ksiazka-jak-kompostowac-to-proste\/#primaryimage"},"thumbnailUrl":"https:\/\/baranowscy.eu\/wordpress\/wp-content\/uploads\/2020\/03\/jak_kompostowac_0.png","datePublished":"2020-03-12T20:49:37+00:00","dateModified":"2020-10-01T20:46:15+00:00","breadcrumb":{"@id":"https:\/\/baranowscy.eu\/wordpress\/ksiazka-jak-kompostowac-to-proste\/#breadcrumb"},"inLanguage":"pl-PL","potentialAction":[{"@type":"ReadAction","target":["https:\/\/baranowscy.eu\/wordpress\/ksiazka-jak-kompostowac-to-proste\/"]}]},{"@type":"ImageObject","inLanguage":"pl-PL","@id":"https:\/\/baranowscy.eu\/wordpress\/ksiazka-jak-kompostowac-to-proste\/#primaryimage","url":"https:\/\/baranowscy.eu\/wordpress\/wp-content\/uploads\/2020\/03\/jak_kompostowac_0.png","contentUrl":"https:\/\/baranowscy.eu\/wordpress\/wp-content\/uploads\/2020\/03\/jak_kompostowac_0.png","width":1640,"height":624,"caption":"Jak kompostowa\u0107? To proste!"},{"@type":"BreadcrumbList","@id":"https:\/\/baranowscy.eu\/wordpress\/ksiazka-jak-kompostowac-to-proste\/#breadcrumb","itemListElement":[{"@type":"ListItem","position":1,"name":"Strona g\u0142\u00f3wna","item":"https:\/\/baranowscy.eu\/wordpress\/"},{"@type":"ListItem","position":2,"name":"Ksi\u0105\u017cka \u201eJak kompostowa\u0107? To proste!\u201d"}]},{"@type":"WebSite","@id":"https:\/\/baranowscy.eu\/wordpress\/#website","url":"https:\/\/baranowscy.eu\/wordpress\/","name":"organiczni.eu","description":"Najbardziej wszechstronny blog ekologiczny","publisher":{"@id":"https:\/\/baranowscy.eu\/wordpress\/#organization"},"potentialAction":[{"@type":"SearchAction","target":{"@type":"EntryPoint","urlTemplate":"https:\/\/baranowscy.eu\/wordpress\/?s={search_term_string}"},"query-input":{"@type":"PropertyValueSpecification","valueRequired":true,"valueName":"search_term_string"}}],"inLanguage":"pl-PL"},{"@type":"Organization","@id":"https:\/\/baranowscy.eu\/wordpress\/#organization","name":"organiczni.eu","url":"https:\/\/baranowscy.eu\/wordpress\/","logo":{"@type":"ImageObject","inLanguage":"pl-PL","@id":"https:\/\/baranowscy.eu\/wordpress\/#\/schema\/logo\/image\/","url":"https:\/\/baranowscy.eu\/wordpress\/wp-content\/uploads\/2018\/01\/logo_duze.png","contentUrl":"https:\/\/baranowscy.eu\/wordpress\/wp-content\/uploads\/2018\/01\/logo_duze.png","width":1398,"height":300,"caption":"organiczni.eu"},"image":{"@id":"https:\/\/baranowscy.eu\/wordpress\/#\/schema\/logo\/image\/"},"sameAs":["https:\/\/www.facebook.com\/organiczni\/","https:\/\/www.instagram.com\/organiczni.eu\/"]}]}},"jetpack_sharing_enabled":true,"_links":{"self":[{"href":"https:\/\/baranowscy.eu\/wordpress\/wp-json\/wp\/v2\/pages\/10102","targetHints":{"allow":["GET"]}}],"collection":[{"href":"https:\/\/baranowscy.eu\/wordpress\/wp-json\/wp\/v2\/pages"}],"about":[{"href":"https:\/\/baranowscy.eu\/wordpress\/wp-json\/wp\/v2\/types\/page"}],"author":[{"embeddable":true,"href":"https:\/\/baranowscy.eu\/wordpress\/wp-json\/wp\/v2\/users\/1"}],"replies":[{"embeddable":true,"href":"https:\/\/baranowscy.eu\/wordpress\/wp-json\/wp\/v2\/comments?post=10102"}],"version-history":[{"count":19,"href":"https:\/\/baranowscy.eu\/wordpress\/wp-json\/wp\/v2\/pages\/10102\/revisions"}],"predecessor-version":[{"id":10794,"href":"https:\/\/baranowscy.eu\/wordpress\/wp-json\/wp\/v2\/pages\/10102\/revisions\/10794"}],"wp:attachment":[{"href":"https:\/\/baranowscy.eu\/wordpress\/wp-json\/wp\/v2\/media?parent=10102"}],"curies":[{"name":"wp","href":"https:\/\/api.w.org\/{rel}","templated":true}]}}